{"id":918,"date":"2024-04-23T14:41:13","date_gmt":"2024-04-23T12:41:13","guid":{"rendered":"https:\/\/preview.kombinat-berlin.de\/?page_id=918"},"modified":"2025-01-08T16:18:24","modified_gmt":"2025-01-08T15:18:24","slug":"collonil-b2b-shopware-retailer-portal","status":"publish","type":"page","link":"https:\/\/kombinat-berlin.de\/en\/case-studies\/collonil-b2b-shopware-fachhaendler-portal\/","title":{"rendered":"Collonil - Specialist retailer portal"},"content":{"rendered":"<div class=\"page-title-section-wrapper\">\n  <section class=\"page-title-section container-fluid blue   bg-pattern default\">\n    <div class=\"row\"><div class=\"col-12 col-lg-8 headline-column\"><div class=\"label\"><p>B2B e-commerce specialised trade<\/p>\n<\/div><h1>Collonil - Specialist retailer portal<\/h1><\/div><\/div><div class=\"row\"><div class=\"col-12 col-lg-8 text-column text\"><p>Collonil stands for innovation and technological leadership in the textile and shoe care sector. An active sales network and well-lubricated supply chains play a decisive role in competition, especially for fast-moving products. Following the successful relaunch of the <a href=\"#\">Consumer shops from Collonil<\/a> (<a href=\"https:\/\/www.collonil.com\" target=\"_blank\">www.collonil.com<\/a>) and a <a href=\"https:\/\/kombinat-berlin.de\/en\/case-studies\/collonil-carbon-lab-shopware-b2c-webshop-brand-design\/\">Special interest shop for sneaker care<\/a> (<a href=\"https:\/\/www.carbonlab.de\" target=\"_blank\">www.carbonlab.de<\/a>), Kombinat was commissioned to develop the portal for the specialised trade and sales force<\/p>\n<\/div><\/div><a href=\"#main\" target=\"_self\" class=\"button-secondary-down scroll-down-button\">View details<\/a>  <\/section>\n<\/div>\n\n<section class=\"container-fluid full-image\" ><div class=\"row\"><div class=\"col-12\"><img loading=\"lazy\" decoding=\"async\" width=\"1920\" height=\"1080\" src=\"https:\/\/kombinat-berlin.de\/wp-content\/uploads\/2024\/04\/b2b-ecommerce-fachhandel-CollonilHaendlerportal-kombinat-collage2.jpg\" class=\"attachment-full size-full\" alt=\"B2B dealer portal Collonil Kombinat case study\" srcset=\"https:\/\/kombinat-berlin.de\/wp-content\/uploads\/2024\/04\/b2b-ecommerce-fachhandel-CollonilHaendlerportal-kombinat-collage2.jpg 1920w, https:\/\/kombinat-berlin.de\/wp-content\/uploads\/2024\/04\/b2b-ecommerce-fachhandel-CollonilHaendlerportal-kombinat-collage2-300x169.jpg 300w, https:\/\/kombinat-berlin.de\/wp-content\/uploads\/2024\/04\/b2b-ecommerce-fachhandel-CollonilHaendlerportal-kombinat-collage2-1024x576.jpg 1024w, https:\/\/kombinat-berlin.de\/wp-content\/uploads\/2024\/04\/b2b-ecommerce-fachhandel-CollonilHaendlerportal-kombinat-collage2-768x432.jpg 768w, https:\/\/kombinat-berlin.de\/wp-content\/uploads\/2024\/04\/b2b-ecommerce-fachhandel-CollonilHaendlerportal-kombinat-collage2-1536x864.jpg 1536w\" sizes=\"auto, (max-width: 1920px) 100vw, 1920px\" \/><\/div><\/div><\/section>\n\n<section id=\"main\"  class=\"text-section container-fluid sky-a default\">\n  <div class=\"row\">\n    <div class=\"col-12 col-lg-8 offset-lg-2\">\n      <h2>The challenge<\/h2><div class=\"text\"><p>The task was to provide both the retail trade and Collonil's sales force with a tool that simplifies orders, makes budgets and product quotas plannable and at the same time fulfils the individual requirements of specialist retailers. And with the same high standards of UX and usability that users are used to in the B2C sector. The aim was to create a central touchpoint for Collonil sales representatives.<\/p>\n<\/div>    <\/div>\n  <\/div>\n<\/section>\n\n<section class=\"container-fluid full-image\" ><div class=\"row\"><div class=\"col-12\"><img loading=\"lazy\" decoding=\"async\" width=\"2560\" height=\"1440\" src=\"https:\/\/kombinat-berlin.de\/wp-content\/uploads\/2024\/04\/b2b-ecommerce-fachhandel-CollonilHaendlerportal-kombinat-hompage-scaled.jpg\" class=\"attachment-full size-full\" alt=\"B2B dealer portal Collonil Kombinat case study\" srcset=\"https:\/\/kombinat-berlin.de\/wp-content\/uploads\/2024\/04\/b2b-ecommerce-fachhandel-CollonilHaendlerportal-kombinat-hompage-scaled.jpg 2560w, https:\/\/kombinat-berlin.de\/wp-content\/uploads\/2024\/04\/b2b-ecommerce-fachhandel-CollonilHaendlerportal-kombinat-hompage-300x169.jpg 300w, https:\/\/kombinat-berlin.de\/wp-content\/uploads\/2024\/04\/b2b-ecommerce-fachhandel-CollonilHaendlerportal-kombinat-hompage-1024x576.jpg 1024w, https:\/\/kombinat-berlin.de\/wp-content\/uploads\/2024\/04\/b2b-ecommerce-fachhandel-CollonilHaendlerportal-kombinat-hompage-768x432.jpg 768w, https:\/\/kombinat-berlin.de\/wp-content\/uploads\/2024\/04\/b2b-ecommerce-fachhandel-CollonilHaendlerportal-kombinat-hompage-1536x864.jpg 1536w, https:\/\/kombinat-berlin.de\/wp-content\/uploads\/2024\/04\/b2b-ecommerce-fachhandel-CollonilHaendlerportal-kombinat-hompage-2048x1152.jpg 2048w\" sizes=\"auto, (max-width: 2560px) 100vw, 2560px\" \/><\/div><\/div><\/section>\n\n<section  class=\"text-section container-fluid sky-a default\">\n  <div class=\"row\">\n    <div class=\"col-12 col-lg-8 offset-lg-2\">\n      <h2>The solution<\/h2><div class=\"text\"><p>Based on the B2B suite from Shopware\u00ae, a platform was developed for Collonil's specialist retailers to manage orders, invoices and conditions. This connected the B2B shop with the existing consumer shop and other brand stores, creating an integrated e-commerce system. Naturally with a seamless connection to ERP and CRM.<\/p>\n<\/div>    <\/div>\n  <\/div>\n<\/section>\n\n<section class=\"container-fluid full-image\" ><div class=\"row\"><div class=\"col-12\"><img loading=\"lazy\" decoding=\"async\" width=\"2560\" height=\"1440\" src=\"https:\/\/kombinat-berlin.de\/wp-content\/uploads\/2024\/04\/b2b-ecommerce-fachhandel-CollonilHaendlerportal-kombinat-bereiche-p-3200-scaled.jpg\" class=\"attachment-full size-full\" alt=\"B2B dealer portal Collonil Kombinat case study\" srcset=\"https:\/\/kombinat-berlin.de\/wp-content\/uploads\/2024\/04\/b2b-ecommerce-fachhandel-CollonilHaendlerportal-kombinat-bereiche-p-3200-scaled.jpg 2560w, https:\/\/kombinat-berlin.de\/wp-content\/uploads\/2024\/04\/b2b-ecommerce-fachhandel-CollonilHaendlerportal-kombinat-bereiche-p-3200-300x169.jpg 300w, https:\/\/kombinat-berlin.de\/wp-content\/uploads\/2024\/04\/b2b-ecommerce-fachhandel-CollonilHaendlerportal-kombinat-bereiche-p-3200-1024x576.jpg 1024w, https:\/\/kombinat-berlin.de\/wp-content\/uploads\/2024\/04\/b2b-ecommerce-fachhandel-CollonilHaendlerportal-kombinat-bereiche-p-3200-768x432.jpg 768w, https:\/\/kombinat-berlin.de\/wp-content\/uploads\/2024\/04\/b2b-ecommerce-fachhandel-CollonilHaendlerportal-kombinat-bereiche-p-3200-1536x864.jpg 1536w, https:\/\/kombinat-berlin.de\/wp-content\/uploads\/2024\/04\/b2b-ecommerce-fachhandel-CollonilHaendlerportal-kombinat-bereiche-p-3200-2048x1152.jpg 2048w\" sizes=\"auto, (max-width: 2560px) 100vw, 2560px\" \/><\/div><\/div><\/section>\n\n<section id=\"main\"  class=\"text-section container-fluid sky-a default\">\n  <div class=\"row\">\n    <div class=\"col-12 col-lg-8 offset-lg-2\">\n      <h2>The benefit<\/h2><div class=\"text\"><p>The dashboard is optimised for use on tablets in stationary retail, simplifies the creation of individual order lists, enables user group-specific budget and quota planning and provides clear statistics.<\/p>\n<\/div>    <\/div>\n  <\/div>\n<\/section>\n\n<section class=\"container-fluid full-image\" ><div class=\"row\"><div class=\"col-12\"><img loading=\"lazy\" decoding=\"async\" width=\"2560\" height=\"1440\" src=\"https:\/\/kombinat-berlin.de\/wp-content\/uploads\/2024\/04\/b2b-ecommerce-fachhandel-CollonilHaendlerportal-kombinat-rechteverwaltung-p-3200-scaled.jpg\" class=\"attachment-full size-full\" alt=\"B2B dealer portal Collonil Kombinat case study\" srcset=\"https:\/\/kombinat-berlin.de\/wp-content\/uploads\/2024\/04\/b2b-ecommerce-fachhandel-CollonilHaendlerportal-kombinat-rechteverwaltung-p-3200-scaled.jpg 2560w, https:\/\/kombinat-berlin.de\/wp-content\/uploads\/2024\/04\/b2b-ecommerce-fachhandel-CollonilHaendlerportal-kombinat-rechteverwaltung-p-3200-300x169.jpg 300w, https:\/\/kombinat-berlin.de\/wp-content\/uploads\/2024\/04\/b2b-ecommerce-fachhandel-CollonilHaendlerportal-kombinat-rechteverwaltung-p-3200-1024x576.jpg 1024w, https:\/\/kombinat-berlin.de\/wp-content\/uploads\/2024\/04\/b2b-ecommerce-fachhandel-CollonilHaendlerportal-kombinat-rechteverwaltung-p-3200-768x432.jpg 768w, https:\/\/kombinat-berlin.de\/wp-content\/uploads\/2024\/04\/b2b-ecommerce-fachhandel-CollonilHaendlerportal-kombinat-rechteverwaltung-p-3200-1536x864.jpg 1536w, https:\/\/kombinat-berlin.de\/wp-content\/uploads\/2024\/04\/b2b-ecommerce-fachhandel-CollonilHaendlerportal-kombinat-rechteverwaltung-p-3200-2048x1152.jpg 2048w\" sizes=\"auto, (max-width: 2560px) 100vw, 2560px\" \/><\/div><\/div><\/section>\n\n<section id=\"main\"  class=\"text-section container-fluid sky-a default\">\n  <div class=\"row\">\n    <div class=\"col-12 col-lg-8 offset-lg-2\">\n      <h2>The result<\/h2><div class=\"text\"><p>On the one hand, this makes retailers more autonomous and flexible when it comes to comparatively simple tasks such as repeat orders or complaints. At the same time, the sales force can concentrate on advising retailers and is relieved of the burden of accepting orders.<\/p>\n<\/div>    <\/div>\n  <\/div>\n<\/section>\n\n<section class=\"container-fluid full-image\" ><div class=\"row\"><div class=\"col-12\"><img loading=\"lazy\" decoding=\"async\" width=\"2560\" height=\"1440\" src=\"https:\/\/kombinat-berlin.de\/wp-content\/uploads\/2024\/04\/b2b-ecommerce-fachhandel-CollonilHaendlerportal-kombinat-kundenverwaltung-p-3200-scaled.jpg\" class=\"attachment-full size-full\" alt=\"B2B e-commerce specialised trade Collonil\" srcset=\"https:\/\/kombinat-berlin.de\/wp-content\/uploads\/2024\/04\/b2b-ecommerce-fachhandel-CollonilHaendlerportal-kombinat-kundenverwaltung-p-3200-scaled.jpg 2560w, https:\/\/kombinat-berlin.de\/wp-content\/uploads\/2024\/04\/b2b-ecommerce-fachhandel-CollonilHaendlerportal-kombinat-kundenverwaltung-p-3200-300x169.jpg 300w, https:\/\/kombinat-berlin.de\/wp-content\/uploads\/2024\/04\/b2b-ecommerce-fachhandel-CollonilHaendlerportal-kombinat-kundenverwaltung-p-3200-1024x576.jpg 1024w, https:\/\/kombinat-berlin.de\/wp-content\/uploads\/2024\/04\/b2b-ecommerce-fachhandel-CollonilHaendlerportal-kombinat-kundenverwaltung-p-3200-768x432.jpg 768w, https:\/\/kombinat-berlin.de\/wp-content\/uploads\/2024\/04\/b2b-ecommerce-fachhandel-CollonilHaendlerportal-kombinat-kundenverwaltung-p-3200-1536x864.jpg 1536w, https:\/\/kombinat-berlin.de\/wp-content\/uploads\/2024\/04\/b2b-ecommerce-fachhandel-CollonilHaendlerportal-kombinat-kundenverwaltung-p-3200-2048x1152.jpg 2048w\" sizes=\"auto, (max-width: 2560px) 100vw, 2560px\" \/><\/div><\/div><\/section>\n\n<section  class=\"image-text-section container-fluid flip-column-order alt-variant sun\">\n  <div class=\"row\">\n    <div class=\"col-12 col-lg-3 image-column\"><img loading=\"lazy\" decoding=\"async\" width=\"600\" height=\"600\" src=\"https:\/\/kombinat-berlin.de\/wp-content\/uploads\/2024\/02\/Kombinat-K.webp\" class=\"attachment-full size-full\" alt=\"K for combine\" srcset=\"https:\/\/kombinat-berlin.de\/wp-content\/uploads\/2024\/02\/Kombinat-K.webp 600w, https:\/\/kombinat-berlin.de\/wp-content\/uploads\/2024\/02\/Kombinat-K-300x300.webp 300w, https:\/\/kombinat-berlin.de\/wp-content\/uploads\/2024\/02\/Kombinat-K-150x150.webp 150w\" sizes=\"auto, (max-width: 600px) 100vw, 600px\" \/><\/div><div class=\"col-12 col-lg-9 text-column\"><h2>Do you have a similar project?<\/h2><div class=\"text\"><p>We would be happy to tell you more about the project and answer your questions. Get in touch with us!<\/p>\n<a href=\"https:\/\/kombinat-berlin.de\/en\/contact\/#terminbuchung\" target=\"_self\" class=\"button calendar icon left\">Discuss project now<\/a><\/div><\/div>  <\/div>\n<\/section>","protected":false},"excerpt":{"rendered":"<p>Collonil - Specialist retailer portal<\/p>","protected":false},"author":2,"featured_media":985,"parent":28,"menu_order":0,"comment_status":"closed","ping_status":"closed","template":"","meta":{"_acf_changed":false,"footnotes":""},"class_list":["post-918","page","type-page","status-publish","has-post-thumbnail","hentry"],"acf":[],"yoast_head":"<!-- This site is optimized with the Yoast SEO Premium plugin v27.3 (Yoast SEO v27.3) - https:\/\/yoast.com\/product\/yoast-seo-premium-wordpress\/ -->\n<title>B2B Fachh\u00e4ndler Portal \u2013 Case Study Collonil<\/title>\n<meta name=\"description\" content=\"Ein Werkzeug f\u00fcr den Einzelhandel als auch den Au\u00dfendienst, das Bestellungen vereinfacht, Budgets und Warenkontingente planbar macht.\" \/>\n<meta name=\"robots\" content=\"index, follow, max-snippet:-1, max-image-preview:large, max-video-preview:-1\" \/>\n<link rel=\"canonical\" href=\"https:\/\/kombinat-berlin.de\/en\/case-studies\/collonil-b2b-shopware-retailer-portal\/\" \/>\n<meta property=\"og:locale\" content=\"en_GB\" \/>\n<meta property=\"og:type\" content=\"article\" \/>\n<meta property=\"og:title\" content=\"Collonil \u2013 Fachh\u00e4ndler-Portal\" \/>\n<meta property=\"og:description\" content=\"Ein Werkzeug f\u00fcr den Einzelhandel als auch den Au\u00dfendienst, das Bestellungen vereinfacht, Budgets und Warenkontingente planbar macht.\" \/>\n<meta property=\"og:url\" content=\"https:\/\/kombinat-berlin.de\/en\/case-studies\/collonil-b2b-shopware-retailer-portal\/\" \/>\n<meta property=\"og:site_name\" content=\"KOMBINAT\" \/>\n<meta property=\"article:publisher\" content=\"https:\/\/www.linkedin.com\/company\/kombinatberlin\" \/>\n<meta property=\"article:modified_time\" content=\"2025-01-08T15:18:24+00:00\" \/>\n<meta property=\"og:image\" content=\"https:\/\/kombinat-berlin.de\/wp-content\/uploads\/2024\/04\/collonil-hero.webp\" \/>\n\t<meta property=\"og:image:width\" content=\"565\" \/>\n\t<meta property=\"og:image:height\" content=\"355\" \/>\n\t<meta property=\"og:image:type\" content=\"image\/webp\" \/>\n<meta name=\"twitter:card\" content=\"summary_large_image\" \/>\n<meta name=\"twitter:label1\" content=\"Estimated reading time\" \/>\n\t<meta name=\"twitter:data1\" content=\"3 minutes\" \/>\n<script type=\"application\/ld+json\" class=\"yoast-schema-graph\">{\"@context\":\"https:\\\/\\\/schema.org\",\"@graph\":[{\"@type\":\"WebPage\",\"@id\":\"https:\\\/\\\/kombinat-berlin.de\\\/case-studies\\\/collonil-b2b-shopware-fachhaendler-portal\\\/\",\"url\":\"https:\\\/\\\/kombinat-berlin.de\\\/case-studies\\\/collonil-b2b-shopware-fachhaendler-portal\\\/\",\"name\":\"B2B Fachh\u00e4ndler Portal \u2013 Case Study Collonil\",\"isPartOf\":{\"@id\":\"https:\\\/\\\/kombinat-berlin.de\\\/#website\"},\"primaryImageOfPage\":{\"@id\":\"https:\\\/\\\/kombinat-berlin.de\\\/case-studies\\\/collonil-b2b-shopware-fachhaendler-portal\\\/#primaryimage\"},\"image\":{\"@id\":\"https:\\\/\\\/kombinat-berlin.de\\\/case-studies\\\/collonil-b2b-shopware-fachhaendler-portal\\\/#primaryimage\"},\"thumbnailUrl\":\"https:\\\/\\\/kombinat-berlin.de\\\/wp-content\\\/uploads\\\/2024\\\/04\\\/collonil-hero.webp\",\"datePublished\":\"2024-04-23T12:41:13+00:00\",\"dateModified\":\"2025-01-08T15:18:24+00:00\",\"description\":\"Ein Werkzeug f\u00fcr den Einzelhandel als auch den Au\u00dfendienst, das Bestellungen vereinfacht, Budgets und Warenkontingente planbar macht.\",\"breadcrumb\":{\"@id\":\"https:\\\/\\\/kombinat-berlin.de\\\/case-studies\\\/collonil-b2b-shopware-fachhaendler-portal\\\/#breadcrumb\"},\"inLanguage\":\"en-GB\",\"potentialAction\":[{\"@type\":\"ReadAction\",\"target\":[\"https:\\\/\\\/kombinat-berlin.de\\\/case-studies\\\/collonil-b2b-shopware-fachhaendler-portal\\\/\"]}]},{\"@type\":\"ImageObject\",\"inLanguage\":\"en-GB\",\"@id\":\"https:\\\/\\\/kombinat-berlin.de\\\/case-studies\\\/collonil-b2b-shopware-fachhaendler-portal\\\/#primaryimage\",\"url\":\"https:\\\/\\\/kombinat-berlin.de\\\/wp-content\\\/uploads\\\/2024\\\/04\\\/collonil-hero.webp\",\"contentUrl\":\"https:\\\/\\\/kombinat-berlin.de\\\/wp-content\\\/uploads\\\/2024\\\/04\\\/collonil-hero.webp\",\"width\":565,\"height\":355,\"caption\":\"Collonil Fachh\u00e4ndlerportal\"},{\"@type\":\"BreadcrumbList\",\"@id\":\"https:\\\/\\\/kombinat-berlin.de\\\/case-studies\\\/collonil-b2b-shopware-fachhaendler-portal\\\/#breadcrumb\",\"itemListElement\":[{\"@type\":\"ListItem\",\"position\":1,\"name\":\"Startseite\",\"item\":\"https:\\\/\\\/kombinat-berlin.de\\\/\"},{\"@type\":\"ListItem\",\"position\":2,\"name\":\"Case Studies\",\"item\":\"https:\\\/\\\/kombinat-berlin.de\\\/case-studies\\\/\"},{\"@type\":\"ListItem\",\"position\":3,\"name\":\"Collonil \u2013 Fachh\u00e4ndler-Portal\"}]},{\"@type\":\"WebSite\",\"@id\":\"https:\\\/\\\/kombinat-berlin.de\\\/#website\",\"url\":\"https:\\\/\\\/kombinat-berlin.de\\\/\",\"name\":\"Kombinat\",\"description\":\"Mehr Umsatz und Wachstum durch leichtg\u00e4ngige B2B-Onlineshops f\u00fcr Hersteller und Brands.\",\"publisher\":{\"@id\":\"https:\\\/\\\/kombinat-berlin.de\\\/#organization\"},\"potentialAction\":[{\"@type\":\"SearchAction\",\"target\":{\"@type\":\"EntryPoint\",\"urlTemplate\":\"https:\\\/\\\/kombinat-berlin.de\\\/?s={search_term_string}\"},\"query-input\":{\"@type\":\"PropertyValueSpecification\",\"valueRequired\":true,\"valueName\":\"search_term_string\"}}],\"inLanguage\":\"en-GB\"},{\"@type\":\"Organization\",\"@id\":\"https:\\\/\\\/kombinat-berlin.de\\\/#organization\",\"name\":\"Kombinat GmbH\",\"url\":\"https:\\\/\\\/kombinat-berlin.de\\\/\",\"logo\":{\"@type\":\"ImageObject\",\"inLanguage\":\"en-GB\",\"@id\":\"https:\\\/\\\/kombinat-berlin.de\\\/#\\\/schema\\\/logo\\\/image\\\/\",\"url\":\"https:\\\/\\\/kombinat-berlin.de\\\/wp-content\\\/uploads\\\/2024\\\/05\\\/cropped-favicon.png\",\"contentUrl\":\"https:\\\/\\\/kombinat-berlin.de\\\/wp-content\\\/uploads\\\/2024\\\/05\\\/cropped-favicon.png\",\"width\":512,\"height\":512,\"caption\":\"Kombinat GmbH\"},\"image\":{\"@id\":\"https:\\\/\\\/kombinat-berlin.de\\\/#\\\/schema\\\/logo\\\/image\\\/\"},\"sameAs\":[\"https:\\\/\\\/www.linkedin.com\\\/company\\\/kombinatberlin\",\"https:\\\/\\\/www.instagram.com\\\/kombinatberlin\\\/\"]}]}<\/script>\n<!-- \/ Yoast SEO Premium plugin. -->","yoast_head_json":{"title":"B2B Specialist Retailer Portal - Case Study Collonil","description":"A tool for both the retail trade and the sales force that simplifies orders and makes it possible to plan budgets and product quotas.","robots":{"index":"index","follow":"follow","max-snippet":"max-snippet:-1","max-image-preview":"max-image-preview:large","max-video-preview":"max-video-preview:-1"},"canonical":"https:\/\/kombinat-berlin.de\/en\/case-studies\/collonil-b2b-shopware-retailer-portal\/","og_locale":"en_GB","og_type":"article","og_title":"Collonil \u2013 Fachh\u00e4ndler-Portal","og_description":"Ein Werkzeug f\u00fcr den Einzelhandel als auch den Au\u00dfendienst, das Bestellungen vereinfacht, Budgets und Warenkontingente planbar macht.","og_url":"https:\/\/kombinat-berlin.de\/en\/case-studies\/collonil-b2b-shopware-retailer-portal\/","og_site_name":"KOMBINAT","article_publisher":"https:\/\/www.linkedin.com\/company\/kombinatberlin","article_modified_time":"2025-01-08T15:18:24+00:00","og_image":[{"width":565,"height":355,"url":"https:\/\/kombinat-berlin.de\/wp-content\/uploads\/2024\/04\/collonil-hero.webp","type":"image\/webp"}],"twitter_card":"summary_large_image","twitter_misc":{"Estimated reading time":"3 minutes"},"schema":{"@context":"https:\/\/schema.org","@graph":[{"@type":"WebPage","@id":"https:\/\/kombinat-berlin.de\/case-studies\/collonil-b2b-shopware-fachhaendler-portal\/","url":"https:\/\/kombinat-berlin.de\/case-studies\/collonil-b2b-shopware-fachhaendler-portal\/","name":"B2B Specialist Retailer Portal - Case Study Collonil","isPartOf":{"@id":"https:\/\/kombinat-berlin.de\/#website"},"primaryImageOfPage":{"@id":"https:\/\/kombinat-berlin.de\/case-studies\/collonil-b2b-shopware-fachhaendler-portal\/#primaryimage"},"image":{"@id":"https:\/\/kombinat-berlin.de\/case-studies\/collonil-b2b-shopware-fachhaendler-portal\/#primaryimage"},"thumbnailUrl":"https:\/\/kombinat-berlin.de\/wp-content\/uploads\/2024\/04\/collonil-hero.webp","datePublished":"2024-04-23T12:41:13+00:00","dateModified":"2025-01-08T15:18:24+00:00","description":"A tool for both the retail trade and the sales force that simplifies orders and makes it possible to plan budgets and product quotas.","breadcrumb":{"@id":"https:\/\/kombinat-berlin.de\/case-studies\/collonil-b2b-shopware-fachhaendler-portal\/#breadcrumb"},"inLanguage":"en-GB","potentialAction":[{"@type":"ReadAction","target":["https:\/\/kombinat-berlin.de\/case-studies\/collonil-b2b-shopware-fachhaendler-portal\/"]}]},{"@type":"ImageObject","inLanguage":"en-GB","@id":"https:\/\/kombinat-berlin.de\/case-studies\/collonil-b2b-shopware-fachhaendler-portal\/#primaryimage","url":"https:\/\/kombinat-berlin.de\/wp-content\/uploads\/2024\/04\/collonil-hero.webp","contentUrl":"https:\/\/kombinat-berlin.de\/wp-content\/uploads\/2024\/04\/collonil-hero.webp","width":565,"height":355,"caption":"Collonil Fachh\u00e4ndlerportal"},{"@type":"BreadcrumbList","@id":"https:\/\/kombinat-berlin.de\/case-studies\/collonil-b2b-shopware-fachhaendler-portal\/#breadcrumb","itemListElement":[{"@type":"ListItem","position":1,"name":"Startseite","item":"https:\/\/kombinat-berlin.de\/"},{"@type":"ListItem","position":2,"name":"Case Studies","item":"https:\/\/kombinat-berlin.de\/case-studies\/"},{"@type":"ListItem","position":3,"name":"Collonil \u2013 Fachh\u00e4ndler-Portal"}]},{"@type":"WebSite","@id":"https:\/\/kombinat-berlin.de\/#website","url":"https:\/\/kombinat-berlin.de\/","name":"KOMBINAT","description":"More sales and growth through easy-to-use B2B online shops for manufacturers and brands.","publisher":{"@id":"https:\/\/kombinat-berlin.de\/#organization"},"potentialAction":[{"@type":"SearchAction","target":{"@type":"EntryPoint","urlTemplate":"https:\/\/kombinat-berlin.de\/?s={search_term_string}"},"query-input":{"@type":"PropertyValueSpecification","valueRequired":true,"valueName":"search_term_string"}}],"inLanguage":"en-GB"},{"@type":"Organization","@id":"https:\/\/kombinat-berlin.de\/#organization","name":"Kombinat GmbH","url":"https:\/\/kombinat-berlin.de\/","logo":{"@type":"ImageObject","inLanguage":"en-GB","@id":"https:\/\/kombinat-berlin.de\/#\/schema\/logo\/image\/","url":"https:\/\/kombinat-berlin.de\/wp-content\/uploads\/2024\/05\/cropped-favicon.png","contentUrl":"https:\/\/kombinat-berlin.de\/wp-content\/uploads\/2024\/05\/cropped-favicon.png","width":512,"height":512,"caption":"Kombinat GmbH"},"image":{"@id":"https:\/\/kombinat-berlin.de\/#\/schema\/logo\/image\/"},"sameAs":["https:\/\/www.linkedin.com\/company\/kombinatberlin","https:\/\/www.instagram.com\/kombinatberlin\/"]}]}},"_links":{"self":[{"href":"https:\/\/kombinat-berlin.de\/en\/wp-json\/wp\/v2\/pages\/918","targetHints":{"allow":["GET"]}}],"collection":[{"href":"https:\/\/kombinat-berlin.de\/en\/wp-json\/wp\/v2\/pages"}],"about":[{"href":"https:\/\/kombinat-berlin.de\/en\/wp-json\/wp\/v2\/types\/page"}],"author":[{"embeddable":true,"href":"https:\/\/kombinat-berlin.de\/en\/wp-json\/wp\/v2\/users\/2"}],"replies":[{"embeddable":true,"href":"https:\/\/kombinat-berlin.de\/en\/wp-json\/wp\/v2\/comments?post=918"}],"version-history":[{"count":15,"href":"https:\/\/kombinat-berlin.de\/en\/wp-json\/wp\/v2\/pages\/918\/revisions"}],"predecessor-version":[{"id":2286,"href":"https:\/\/kombinat-berlin.de\/en\/wp-json\/wp\/v2\/pages\/918\/revisions\/2286"}],"up":[{"embeddable":true,"href":"https:\/\/kombinat-berlin.de\/en\/wp-json\/wp\/v2\/pages\/28"}],"wp:featuredmedia":[{"embeddable":true,"href":"https:\/\/kombinat-berlin.de\/en\/wp-json\/wp\/v2\/media\/985"}],"wp:attachment":[{"href":"https:\/\/kombinat-berlin.de\/en\/wp-json\/wp\/v2\/media?parent=918"}],"curies":[{"name":"wp","href":"https:\/\/api.w.org\/{rel}","templated":true}]}}