{"id":824,"date":"2024-04-22T13:36:21","date_gmt":"2024-04-22T11:36:21","guid":{"rendered":"https:\/\/preview.kombinat-berlin.de\/?page_id=824"},"modified":"2025-03-11T11:45:56","modified_gmt":"2025-03-11T10:45:56","slug":"hach-magento-b2b-web-app-article-designer","status":"publish","type":"page","link":"https:\/\/kombinat-berlin.de\/en\/case-studies\/hach-magento-b2b-web-app-artikeldesigner\/","title":{"rendered":"HACH - Article designer"},"content":{"rendered":"<p><a href=\"https:\/\/kombinat-berlin.de\/en\/case-studies\/hach-magento-b2b-web-app-article-designer\/\" target=\"_blank\" rel=\"noreferrer noopener\"><\/a><\/p>\n\n\n<div class=\"page-title-section-wrapper\">\n  <section class=\"page-title-section container-fluid blue   bg-pattern default\">\n    <div class=\"row\"><div class=\"col-12 col-lg-8 headline-column\"><div class=\"label\"><p>Web App User Testing B2B E-Commerce<\/p>\n<\/div><h1>HACH - Article designer<\/h1><\/div><\/div><div class=\"row\"><div class=\"col-12 col-lg-8 text-column text\"><p>Thanks to the product configurator, customers can precisely place their own graphics and text on advertising materials and calculate binding printing costs. A preview of the customer's own logo is displayed on the overview page of all products beforehand. <\/p>\n<\/div><\/div><a href=\"#main\" target=\"_self\" class=\"button-secondary-down scroll-down-button\">View details<\/a>  <\/section>\n<\/div>\n\n<section class=\"container-fluid full-image image-contain\" style=\"background-color: #ffffff !important;\"><div class=\"row\"><div class=\"col-12\"><img loading=\"lazy\" decoding=\"async\" width=\"2560\" height=\"1181\" src=\"https:\/\/kombinat-berlin.de\/wp-content\/uploads\/2024\/04\/b2b-magento-webapp-konfigurator-artikeldesigner04-p-3200-scaled.jpg\" class=\"attachment-full size-full\" alt=\"Hach configurator article designer example bag case study\" srcset=\"https:\/\/kombinat-berlin.de\/wp-content\/uploads\/2024\/04\/b2b-magento-webapp-konfigurator-artikeldesigner04-p-3200-scaled.jpg 2560w, https:\/\/kombinat-berlin.de\/wp-content\/uploads\/2024\/04\/b2b-magento-webapp-konfigurator-artikeldesigner04-p-3200-300x138.jpg 300w, https:\/\/kombinat-berlin.de\/wp-content\/uploads\/2024\/04\/b2b-magento-webapp-konfigurator-artikeldesigner04-p-3200-1024x472.jpg 1024w, https:\/\/kombinat-berlin.de\/wp-content\/uploads\/2024\/04\/b2b-magento-webapp-konfigurator-artikeldesigner04-p-3200-768x354.jpg 768w, https:\/\/kombinat-berlin.de\/wp-content\/uploads\/2024\/04\/b2b-magento-webapp-konfigurator-artikeldesigner04-p-3200-1536x708.jpg 1536w, https:\/\/kombinat-berlin.de\/wp-content\/uploads\/2024\/04\/b2b-magento-webapp-konfigurator-artikeldesigner04-p-3200-2048x945.jpg 2048w\" sizes=\"auto, (max-width: 2560px) 100vw, 2560px\" \/><\/div><\/div><\/section>\n\n<section id=\"main\"  class=\"text-section container-fluid sky-a default\">\n  <div class=\"row\">\n    <div class=\"col-12 col-lg-8 offset-lg-2\">\n      <h2>The challenge<\/h2><div class=\"text\"><p>Customers need predictable costs and a visual idea of the result. Up to now, customers have sent a graphic and support staff have clarified the order in a dialogue and in sketches sent to them.<\/p>\n<p>It should now be possible to place your own graphics such as logos and text directly in the online shop. The binding price is to be generated dynamically depending on the type of print, number of print areas and colours as well as the quantity. The design draft is to be sent to HACH's pre-press staff, who can then continue working with it straight away. <\/p>\n<a href=\"https:\/\/www.hach.de\/\" target=\"_blank\" class=\"button-secondary  left\">hach.de\/<\/a><\/div>    <\/div>\n  <\/div>\n<\/section>\n\n<section class=\"container-fluid full-image image-contain\" style=\"background-color: #939bae !important;\"><div class=\"row\"><div class=\"col-12\"><img loading=\"lazy\" decoding=\"async\" width=\"2560\" height=\"1440\" src=\"https:\/\/kombinat-berlin.de\/wp-content\/uploads\/2024\/04\/hach-artikeldesigner-hero-scaled.jpg\" class=\"attachment-full size-full\" alt=\"Hach article designer surface configurator\" srcset=\"https:\/\/kombinat-berlin.de\/wp-content\/uploads\/2024\/04\/hach-artikeldesigner-hero-scaled.jpg 2560w, https:\/\/kombinat-berlin.de\/wp-content\/uploads\/2024\/04\/hach-artikeldesigner-hero-300x169.jpg 300w, https:\/\/kombinat-berlin.de\/wp-content\/uploads\/2024\/04\/hach-artikeldesigner-hero-1024x576.jpg 1024w, https:\/\/kombinat-berlin.de\/wp-content\/uploads\/2024\/04\/hach-artikeldesigner-hero-768x432.jpg 768w, https:\/\/kombinat-berlin.de\/wp-content\/uploads\/2024\/04\/hach-artikeldesigner-hero-1536x864.jpg 1536w, https:\/\/kombinat-berlin.de\/wp-content\/uploads\/2024\/04\/hach-artikeldesigner-hero-2048x1152.jpg 2048w\" sizes=\"auto, (max-width: 2560px) 100vw, 2560px\" \/><\/div><\/div><\/section>\n\n<section id=\"main\"  class=\"text-section container-fluid sky-a default\">\n  <div class=\"row\">\n    <div class=\"col-12 col-lg-8 offset-lg-2\">\n      <h2>The solution<\/h2><div class=\"text\"><p>A quick \u201clogo preview\u201d was developed so that customers can see their own graphics and text on the products: Customers upload their logo via drag and drop and the logo already appears on all printable products in the product overview. This makes it easy to see which products the logo will look best on.<\/p>\n<p>An \u201carticle designer\u201d was developed for the exact design of a specific article. A separate WebApp that is integrated into Magento. Graphics can be uploaded and designed with text on the various products. The graphics can be saved in a library. The print price, depending on the print type, colours and quantity, is calculated precisely and bindingly so that the item can be ordered immediately. No competitor could offer this and HACH was unique with this service for a long time!<\/p>\n<\/div>    <\/div>\n  <\/div>\n<\/section>\n\n<section class=\"iframe-section container-fluid bottom-padding sky-a\"><div class=\"row\"><div class=\"col-12 col-lg-8 offset-lg-2\"><div  class=\"iframe-wrapper\"> <div class=\"brlbs-cmpnt-container brlbs-cmpnt-content-blocker brlbs-cmpnt-with-individual-styles\" data-borlabs-cookie-content-blocker-id=\"default\" data-borlabs-cookie-content=\"PGlmcmFtZSBzcmM9Imh0dHBzOi8vcGxheWVyLnZpbWVvLmNvbS92aWRlby83NDgxMTkxNDY\/aD00ZmVhNGVmZGRhIiB3aWR0aD0iNjQwIiBoZWlnaHQ9IjU2NCIgZnJhbWVib3JkZXI9IjAiIGFsbG93PSJhdXRvcGxheTsgZnVsbHNjcmVlbiIgYWxsb3dmdWxsc2NyZWVuPjwvaWZyYW1lPg==\"><div class=\"brlbs-cmpnt-cb-preset-a\"> <p class=\"brlbs-cmpnt-cb-description\">You are currently seeing a placeholder content of <strong>Standard<\/strong>. To access the actual content, click on the button below. Please note that data will be passed on to third-party providers.<\/p> <div class=\"brlbs-cmpnt-cb-buttons\"> <a class=\"brlbs-cmpnt-cb-btn\" href=\"#\" data-borlabs-cookie-unblock role=\"button\">Unlock content<\/a> <a class=\"brlbs-cmpnt-cb-btn\" href=\"#\" data-borlabs-cookie-accept-service role=\"button\" style=\"display: none\">Accept required service and unblock content<\/a> <\/div> <a class=\"brlbs-cmpnt-cb-provider-toggle\" href=\"#\" data-borlabs-cookie-show-provider-information role=\"button\">Further information<\/a> <\/div><\/div><\/div><\/div><\/div><\/section>\n\n<section  class=\"container-fluid text-slider-section blue\">\n  <div class=\"row\"><div class=\"col-10 offset-1 col-lg-10 offset-lg-1 headline\"><h2>This is what the customer says about our cooperation: <\/h2><\/div><\/div><div class=\"row\"><div class=\"col-10 offset-1 col-lg-8 offset-lg-2\"><div class=\"text-slider js-text-slider\"><div class=\"text-slide\"><div class=\"text\"><p>&#8222;Die Zusammenarbeit mit Kombinat war von h\u00f6chster Professionalit\u00e4t gepr\u00e4gt. Von der ersten Beratung bis zur Umsetzung \u00fcberzeugte das Team durch Fachkompetenz, Engagement und eine l\u00f6sungsorientierte Herangehensweise. Besonders beeindruckend war die F\u00e4higkeit, unsere individuellen Anforderungen pr\u00e4zise zu erfassen und in eine ma\u00dfgeschneiderte L\u00f6sung zu \u00fcberf\u00fchren. Dank der strukturierten und effizienten Arbeitsweise wurden alle Projektziele termingerecht erreicht. Wir sch\u00e4tzen die partnerschaftliche Zusammenarbeit und k\u00f6nnen Kombinat uneingeschr\u00e4nkt weiterempfehlen.&#8220;<\/p>\n<p class=\"author\">Florian Neidig Managing Director at Hach GmbH &amp; Co. KG<\/p><\/div><\/div><\/div><\/div><\/div><\/section>\n\n<section class=\"container-fluid full-image image-contain\" style=\"background-color: #939bae !important;\"><div class=\"row\"><div class=\"col-12\"><img loading=\"lazy\" decoding=\"async\" width=\"2560\" height=\"1926\" src=\"https:\/\/kombinat-berlin.de\/wp-content\/uploads\/2024\/04\/b2c-magento-webapp-hach-artikeldesigner-bereiche-p-3200-scaled.jpg\" class=\"attachment-full size-full\" alt=\"Hach article designer surface configurator\" srcset=\"https:\/\/kombinat-berlin.de\/wp-content\/uploads\/2024\/04\/b2c-magento-webapp-hach-artikeldesigner-bereiche-p-3200-scaled.jpg 2560w, https:\/\/kombinat-berlin.de\/wp-content\/uploads\/2024\/04\/b2c-magento-webapp-hach-artikeldesigner-bereiche-p-3200-300x226.jpg 300w, https:\/\/kombinat-berlin.de\/wp-content\/uploads\/2024\/04\/b2c-magento-webapp-hach-artikeldesigner-bereiche-p-3200-1024x770.jpg 1024w, https:\/\/kombinat-berlin.de\/wp-content\/uploads\/2024\/04\/b2c-magento-webapp-hach-artikeldesigner-bereiche-p-3200-768x578.jpg 768w, https:\/\/kombinat-berlin.de\/wp-content\/uploads\/2024\/04\/b2c-magento-webapp-hach-artikeldesigner-bereiche-p-3200-1536x1155.jpg 1536w, https:\/\/kombinat-berlin.de\/wp-content\/uploads\/2024\/04\/b2c-magento-webapp-hach-artikeldesigner-bereiche-p-3200-2048x1540.jpg 2048w\" sizes=\"auto, (max-width: 2560px) 100vw, 2560px\" \/><\/div><\/div><\/section>\n\n<section id=\"main\"  class=\"text-section container-fluid sky-a default\">\n  <div class=\"row\">\n    <div class=\"col-12 col-lg-8 offset-lg-2\">\n      <h2>The benefit<\/h2><div class=\"text\"><p>Customers can create their own personalised design in a variety of ways. They can therefore also present various suggestions internally and contribute more easily to the decision. This brings the shop closer to the user and makes it more of a tool for the customer than a pure marketing interface. With these features, HACH was unique among the competition for a long time. A real USP!<\/p>\n<\/div>    <\/div>\n  <\/div>\n<\/section>\n\n<section class=\"container-fluid full-image image-contain\" style=\"background-color: #939bae !important;\"><div class=\"row\"><div class=\"col-12\"><img loading=\"lazy\" decoding=\"async\" width=\"2560\" height=\"1440\" src=\"https:\/\/kombinat-berlin.de\/wp-content\/uploads\/2024\/04\/b2b-magento-webapp-konfigurator-artikeldesigner01-p-3200-scaled.jpg\" class=\"attachment-full size-full\" alt=\"Hach article designer configurator logo on all products preview\" srcset=\"https:\/\/kombinat-berlin.de\/wp-content\/uploads\/2024\/04\/b2b-magento-webapp-konfigurator-artikeldesigner01-p-3200-scaled.jpg 2560w, https:\/\/kombinat-berlin.de\/wp-content\/uploads\/2024\/04\/b2b-magento-webapp-konfigurator-artikeldesigner01-p-3200-300x169.jpg 300w, https:\/\/kombinat-berlin.de\/wp-content\/uploads\/2024\/04\/b2b-magento-webapp-konfigurator-artikeldesigner01-p-3200-1024x576.jpg 1024w, https:\/\/kombinat-berlin.de\/wp-content\/uploads\/2024\/04\/b2b-magento-webapp-konfigurator-artikeldesigner01-p-3200-768x432.jpg 768w, https:\/\/kombinat-berlin.de\/wp-content\/uploads\/2024\/04\/b2b-magento-webapp-konfigurator-artikeldesigner01-p-3200-1536x864.jpg 1536w, https:\/\/kombinat-berlin.de\/wp-content\/uploads\/2024\/04\/b2b-magento-webapp-konfigurator-artikeldesigner01-p-3200-2048x1152.jpg 2048w\" sizes=\"auto, (max-width: 2560px) 100vw, 2560px\" \/><\/div><\/div><\/section>\n\n<section id=\"main\"  class=\"text-section container-fluid sky-a default\">\n  <div class=\"row\">\n    <div class=\"col-12 col-lg-8 offset-lg-2\">\n      <h2>The result<\/h2><div class=\"text\"><p>HACH has established a strong unique position for itself over many years with the \u201cArticle Designer\u201d configurator. Customers can now order the product exactly as they want it.<\/p>\n<\/div>    <\/div>\n  <\/div>\n<\/section>\n\n<section  class=\"image-text-section container-fluid flip-column-order alt-variant sun\">\n  <div class=\"row\">\n    <div class=\"col-12 col-lg-3 image-column\"><img loading=\"lazy\" decoding=\"async\" width=\"600\" height=\"600\" src=\"https:\/\/kombinat-berlin.de\/wp-content\/uploads\/2024\/02\/Kombinat-K.webp\" class=\"attachment-full size-full\" alt=\"K for combine\" srcset=\"https:\/\/kombinat-berlin.de\/wp-content\/uploads\/2024\/02\/Kombinat-K.webp 600w, https:\/\/kombinat-berlin.de\/wp-content\/uploads\/2024\/02\/Kombinat-K-300x300.webp 300w, https:\/\/kombinat-berlin.de\/wp-content\/uploads\/2024\/02\/Kombinat-K-150x150.webp 150w\" sizes=\"auto, (max-width: 600px) 100vw, 600px\" \/><\/div><div class=\"col-12 col-lg-9 text-column\"><h2>Do you have a similar project?<\/h2><div class=\"text\"><p>We would be happy to tell you more about the project and answer your questions. Get in touch with us!<\/p>\n<a href=\"https:\/\/kombinat-berlin.de\/en\/contact\/#terminbuchung\" target=\"_self\" class=\"button calendar icon left\">Discuss project now<\/a><\/div><\/div>  <\/div>\n<\/section>","protected":false},"excerpt":{"rendered":"<p>HACH - Article Designer Magento<\/p>","protected":false},"author":2,"featured_media":826,"parent":28,"menu_order":0,"comment_status":"closed","ping_status":"closed","template":"","meta":{"_acf_changed":false,"footnotes":""},"class_list":["post-824","page","type-page","status-publish","has-post-thumbnail","hentry"],"acf":[],"yoast_head":"<!-- This site is optimized with the Yoast SEO Premium plugin v27.3 (Yoast SEO v27.3) - https:\/\/yoast.com\/product\/yoast-seo-premium-wordpress\/ -->\n<title>B2B WebApp Artikeldesigner \u2013 Case Study HACH Konfigurator<\/title>\n<meta name=\"description\" content=\"Kunden k\u00f6nnen dank des Produktkonfigurators ihre Grafiken und Texte auf Werbemitteln genau platzieren und verbindliche Druckkosten errechnen.\" \/>\n<meta name=\"robots\" content=\"index, follow, max-snippet:-1, max-image-preview:large, max-video-preview:-1\" \/>\n<link rel=\"canonical\" href=\"https:\/\/kombinat-berlin.de\/en\/case-studies\/hach-magento-b2b-web-app-article-designer\/\" \/>\n<meta property=\"og:locale\" content=\"en_GB\" \/>\n<meta property=\"og:type\" content=\"article\" \/>\n<meta property=\"og:title\" content=\"HACH \u2013 Artikeldesigner\" \/>\n<meta property=\"og:description\" content=\"Kunden k\u00f6nnen dank des Produktkonfigurators ihre Grafiken und Texte auf Werbemitteln genau platzieren und verbindliche Druckkosten errechnen.\" \/>\n<meta property=\"og:url\" content=\"https:\/\/kombinat-berlin.de\/en\/case-studies\/hach-magento-b2b-web-app-article-designer\/\" \/>\n<meta property=\"og:site_name\" content=\"KOMBINAT\" \/>\n<meta property=\"article:publisher\" content=\"https:\/\/www.linkedin.com\/company\/kombinatberlin\" \/>\n<meta property=\"article:modified_time\" content=\"2025-03-11T10:45:56+00:00\" \/>\n<meta property=\"og:image\" content=\"https:\/\/kombinat-berlin.de\/wp-content\/uploads\/2024\/04\/b2b-magento-webapp-konfigurator-artikeldesigner04-p-3200-scaled.jpg\" \/>\n\t<meta property=\"og:image:width\" content=\"2560\" \/>\n\t<meta property=\"og:image:height\" content=\"1181\" \/>\n\t<meta property=\"og:image:type\" content=\"image\/jpeg\" \/>\n<meta name=\"twitter:card\" content=\"summary_large_image\" \/>\n<meta name=\"twitter:label1\" content=\"Estimated reading time\" \/>\n\t<meta name=\"twitter:data1\" content=\"4 minutes\" \/>\n<script type=\"application\/ld+json\" class=\"yoast-schema-graph\">{\"@context\":\"https:\\\/\\\/schema.org\",\"@graph\":[{\"@type\":\"WebPage\",\"@id\":\"https:\\\/\\\/kombinat-berlin.de\\\/case-studies\\\/hach-magento-b2b-web-app-artikeldesigner\\\/\",\"url\":\"https:\\\/\\\/kombinat-berlin.de\\\/case-studies\\\/hach-magento-b2b-web-app-artikeldesigner\\\/\",\"name\":\"B2B WebApp Artikeldesigner \u2013 Case Study HACH Konfigurator\",\"isPartOf\":{\"@id\":\"https:\\\/\\\/kombinat-berlin.de\\\/#website\"},\"primaryImageOfPage\":{\"@id\":\"https:\\\/\\\/kombinat-berlin.de\\\/case-studies\\\/hach-magento-b2b-web-app-artikeldesigner\\\/#primaryimage\"},\"image\":{\"@id\":\"https:\\\/\\\/kombinat-berlin.de\\\/case-studies\\\/hach-magento-b2b-web-app-artikeldesigner\\\/#primaryimage\"},\"thumbnailUrl\":\"https:\\\/\\\/kombinat-berlin.de\\\/wp-content\\\/uploads\\\/2024\\\/04\\\/b2b-magento-webapp-konfigurator-artikeldesigner04-p-3200-scaled.jpg\",\"datePublished\":\"2024-04-22T11:36:21+00:00\",\"dateModified\":\"2025-03-11T10:45:56+00:00\",\"description\":\"Kunden k\u00f6nnen dank des Produktkonfigurators ihre Grafiken und Texte auf Werbemitteln genau platzieren und verbindliche Druckkosten errechnen.\",\"breadcrumb\":{\"@id\":\"https:\\\/\\\/kombinat-berlin.de\\\/case-studies\\\/hach-magento-b2b-web-app-artikeldesigner\\\/#breadcrumb\"},\"inLanguage\":\"en-GB\",\"potentialAction\":[{\"@type\":\"ReadAction\",\"target\":[\"https:\\\/\\\/kombinat-berlin.de\\\/case-studies\\\/hach-magento-b2b-web-app-artikeldesigner\\\/\"]}]},{\"@type\":\"ImageObject\",\"inLanguage\":\"en-GB\",\"@id\":\"https:\\\/\\\/kombinat-berlin.de\\\/case-studies\\\/hach-magento-b2b-web-app-artikeldesigner\\\/#primaryimage\",\"url\":\"https:\\\/\\\/kombinat-berlin.de\\\/wp-content\\\/uploads\\\/2024\\\/04\\\/b2b-magento-webapp-konfigurator-artikeldesigner04-p-3200-scaled.jpg\",\"contentUrl\":\"https:\\\/\\\/kombinat-berlin.de\\\/wp-content\\\/uploads\\\/2024\\\/04\\\/b2b-magento-webapp-konfigurator-artikeldesigner04-p-3200-scaled.jpg\",\"width\":2560,\"height\":1181,\"caption\":\"Hach Konfigurator Artikeldesigner Beispiel Tasche Case Study\"},{\"@type\":\"BreadcrumbList\",\"@id\":\"https:\\\/\\\/kombinat-berlin.de\\\/case-studies\\\/hach-magento-b2b-web-app-artikeldesigner\\\/#breadcrumb\",\"itemListElement\":[{\"@type\":\"ListItem\",\"position\":1,\"name\":\"Startseite\",\"item\":\"https:\\\/\\\/kombinat-berlin.de\\\/\"},{\"@type\":\"ListItem\",\"position\":2,\"name\":\"Case Studies\",\"item\":\"https:\\\/\\\/kombinat-berlin.de\\\/case-studies\\\/\"},{\"@type\":\"ListItem\",\"position\":3,\"name\":\"HACH \u2013 Artikeldesigner\"}]},{\"@type\":\"WebSite\",\"@id\":\"https:\\\/\\\/kombinat-berlin.de\\\/#website\",\"url\":\"https:\\\/\\\/kombinat-berlin.de\\\/\",\"name\":\"Kombinat\",\"description\":\"Mehr Umsatz und Wachstum durch leichtg\u00e4ngige B2B-Onlineshops f\u00fcr Hersteller und Brands.\",\"publisher\":{\"@id\":\"https:\\\/\\\/kombinat-berlin.de\\\/#organization\"},\"potentialAction\":[{\"@type\":\"SearchAction\",\"target\":{\"@type\":\"EntryPoint\",\"urlTemplate\":\"https:\\\/\\\/kombinat-berlin.de\\\/?s={search_term_string}\"},\"query-input\":{\"@type\":\"PropertyValueSpecification\",\"valueRequired\":true,\"valueName\":\"search_term_string\"}}],\"inLanguage\":\"en-GB\"},{\"@type\":\"Organization\",\"@id\":\"https:\\\/\\\/kombinat-berlin.de\\\/#organization\",\"name\":\"Kombinat GmbH\",\"url\":\"https:\\\/\\\/kombinat-berlin.de\\\/\",\"logo\":{\"@type\":\"ImageObject\",\"inLanguage\":\"en-GB\",\"@id\":\"https:\\\/\\\/kombinat-berlin.de\\\/#\\\/schema\\\/logo\\\/image\\\/\",\"url\":\"https:\\\/\\\/kombinat-berlin.de\\\/wp-content\\\/uploads\\\/2024\\\/05\\\/cropped-favicon.png\",\"contentUrl\":\"https:\\\/\\\/kombinat-berlin.de\\\/wp-content\\\/uploads\\\/2024\\\/05\\\/cropped-favicon.png\",\"width\":512,\"height\":512,\"caption\":\"Kombinat GmbH\"},\"image\":{\"@id\":\"https:\\\/\\\/kombinat-berlin.de\\\/#\\\/schema\\\/logo\\\/image\\\/\"},\"sameAs\":[\"https:\\\/\\\/www.linkedin.com\\\/company\\\/kombinatberlin\",\"https:\\\/\\\/www.instagram.com\\\/kombinatberlin\\\/\"]}]}<\/script>\n<!-- \/ Yoast SEO Premium plugin. -->","yoast_head_json":{"title":"B2B WebApp Article Designer - Case Study HACH Configurator","description":"Thanks to the product configurator, customers can precisely position their graphics and text on advertising materials and calculate binding printing costs.","robots":{"index":"index","follow":"follow","max-snippet":"max-snippet:-1","max-image-preview":"max-image-preview:large","max-video-preview":"max-video-preview:-1"},"canonical":"https:\/\/kombinat-berlin.de\/en\/case-studies\/hach-magento-b2b-web-app-article-designer\/","og_locale":"en_GB","og_type":"article","og_title":"HACH \u2013 Artikeldesigner","og_description":"Kunden k\u00f6nnen dank des Produktkonfigurators ihre Grafiken und Texte auf Werbemitteln genau platzieren und verbindliche Druckkosten errechnen.","og_url":"https:\/\/kombinat-berlin.de\/en\/case-studies\/hach-magento-b2b-web-app-article-designer\/","og_site_name":"KOMBINAT","article_publisher":"https:\/\/www.linkedin.com\/company\/kombinatberlin","article_modified_time":"2025-03-11T10:45:56+00:00","og_image":[{"width":2560,"height":1181,"url":"https:\/\/kombinat-berlin.de\/wp-content\/uploads\/2024\/04\/b2b-magento-webapp-konfigurator-artikeldesigner04-p-3200-scaled.jpg","type":"image\/jpeg"}],"twitter_card":"summary_large_image","twitter_misc":{"Estimated reading time":"4 minutes"},"schema":{"@context":"https:\/\/schema.org","@graph":[{"@type":"WebPage","@id":"https:\/\/kombinat-berlin.de\/case-studies\/hach-magento-b2b-web-app-artikeldesigner\/","url":"https:\/\/kombinat-berlin.de\/case-studies\/hach-magento-b2b-web-app-artikeldesigner\/","name":"B2B WebApp Article Designer - Case Study HACH Configurator","isPartOf":{"@id":"https:\/\/kombinat-berlin.de\/#website"},"primaryImageOfPage":{"@id":"https:\/\/kombinat-berlin.de\/case-studies\/hach-magento-b2b-web-app-artikeldesigner\/#primaryimage"},"image":{"@id":"https:\/\/kombinat-berlin.de\/case-studies\/hach-magento-b2b-web-app-artikeldesigner\/#primaryimage"},"thumbnailUrl":"https:\/\/kombinat-berlin.de\/wp-content\/uploads\/2024\/04\/b2b-magento-webapp-konfigurator-artikeldesigner04-p-3200-scaled.jpg","datePublished":"2024-04-22T11:36:21+00:00","dateModified":"2025-03-11T10:45:56+00:00","description":"Thanks to the product configurator, customers can precisely position their graphics and text on advertising materials and calculate binding printing costs.","breadcrumb":{"@id":"https:\/\/kombinat-berlin.de\/case-studies\/hach-magento-b2b-web-app-artikeldesigner\/#breadcrumb"},"inLanguage":"en-GB","potentialAction":[{"@type":"ReadAction","target":["https:\/\/kombinat-berlin.de\/case-studies\/hach-magento-b2b-web-app-artikeldesigner\/"]}]},{"@type":"ImageObject","inLanguage":"en-GB","@id":"https:\/\/kombinat-berlin.de\/case-studies\/hach-magento-b2b-web-app-artikeldesigner\/#primaryimage","url":"https:\/\/kombinat-berlin.de\/wp-content\/uploads\/2024\/04\/b2b-magento-webapp-konfigurator-artikeldesigner04-p-3200-scaled.jpg","contentUrl":"https:\/\/kombinat-berlin.de\/wp-content\/uploads\/2024\/04\/b2b-magento-webapp-konfigurator-artikeldesigner04-p-3200-scaled.jpg","width":2560,"height":1181,"caption":"Hach Konfigurator Artikeldesigner Beispiel Tasche Case Study"},{"@type":"BreadcrumbList","@id":"https:\/\/kombinat-berlin.de\/case-studies\/hach-magento-b2b-web-app-artikeldesigner\/#breadcrumb","itemListElement":[{"@type":"ListItem","position":1,"name":"Startseite","item":"https:\/\/kombinat-berlin.de\/"},{"@type":"ListItem","position":2,"name":"Case Studies","item":"https:\/\/kombinat-berlin.de\/case-studies\/"},{"@type":"ListItem","position":3,"name":"HACH \u2013 Artikeldesigner"}]},{"@type":"WebSite","@id":"https:\/\/kombinat-berlin.de\/#website","url":"https:\/\/kombinat-berlin.de\/","name":"KOMBINAT","description":"More sales and growth through easy-to-use B2B online shops for manufacturers and brands.","publisher":{"@id":"https:\/\/kombinat-berlin.de\/#organization"},"potentialAction":[{"@type":"SearchAction","target":{"@type":"EntryPoint","urlTemplate":"https:\/\/kombinat-berlin.de\/?s={search_term_string}"},"query-input":{"@type":"PropertyValueSpecification","valueRequired":true,"valueName":"search_term_string"}}],"inLanguage":"en-GB"},{"@type":"Organization","@id":"https:\/\/kombinat-berlin.de\/#organization","name":"Kombinat GmbH","url":"https:\/\/kombinat-berlin.de\/","logo":{"@type":"ImageObject","inLanguage":"en-GB","@id":"https:\/\/kombinat-berlin.de\/#\/schema\/logo\/image\/","url":"https:\/\/kombinat-berlin.de\/wp-content\/uploads\/2024\/05\/cropped-favicon.png","contentUrl":"https:\/\/kombinat-berlin.de\/wp-content\/uploads\/2024\/05\/cropped-favicon.png","width":512,"height":512,"caption":"Kombinat GmbH"},"image":{"@id":"https:\/\/kombinat-berlin.de\/#\/schema\/logo\/image\/"},"sameAs":["https:\/\/www.linkedin.com\/company\/kombinatberlin","https:\/\/www.instagram.com\/kombinatberlin\/"]}]}},"_links":{"self":[{"href":"https:\/\/kombinat-berlin.de\/en\/wp-json\/wp\/v2\/pages\/824","targetHints":{"allow":["GET"]}}],"collection":[{"href":"https:\/\/kombinat-berlin.de\/en\/wp-json\/wp\/v2\/pages"}],"about":[{"href":"https:\/\/kombinat-berlin.de\/en\/wp-json\/wp\/v2\/types\/page"}],"author":[{"embeddable":true,"href":"https:\/\/kombinat-berlin.de\/en\/wp-json\/wp\/v2\/users\/2"}],"replies":[{"embeddable":true,"href":"https:\/\/kombinat-berlin.de\/en\/wp-json\/wp\/v2\/comments?post=824"}],"version-history":[{"count":21,"href":"https:\/\/kombinat-berlin.de\/en\/wp-json\/wp\/v2\/pages\/824\/revisions"}],"predecessor-version":[{"id":2663,"href":"https:\/\/kombinat-berlin.de\/en\/wp-json\/wp\/v2\/pages\/824\/revisions\/2663"}],"up":[{"embeddable":true,"href":"https:\/\/kombinat-berlin.de\/en\/wp-json\/wp\/v2\/pages\/28"}],"wp:featuredmedia":[{"embeddable":true,"href":"https:\/\/kombinat-berlin.de\/en\/wp-json\/wp\/v2\/media\/826"}],"wp:attachment":[{"href":"https:\/\/kombinat-berlin.de\/en\/wp-json\/wp\/v2\/media?parent=824"}],"curies":[{"name":"wp","href":"https:\/\/api.w.org\/{rel}","templated":true}]}}