{"id":433,"date":"2024-03-11T15:07:15","date_gmt":"2024-03-11T14:07:15","guid":{"rendered":"https:\/\/preview.kombinat-berlin.de\/?page_id=433"},"modified":"2025-03-19T14:53:20","modified_gmt":"2025-03-19T13:53:20","slug":"product-portfolio-storytelling","status":"publish","type":"page","link":"https:\/\/kombinat-berlin.de\/en\/passender-shop\/produktportfolio-storytelling\/","title":{"rendered":"Product portfolio storytelling"},"content":{"rendered":"<div class=\"page-title-section-wrapper\">\n  <section class=\"page-title-section container-fluid blue   bg-pattern bg-pattern-8\">\n    <div class=\"row\"><div class=\"col-12 col-lg-8 headline-column\"><div class=\"label\"><p>Acquisition and brand awareness<\/p>\n<\/div><h1>How to present your complete product catalogue perfectly on the web<\/h1><\/div><\/div><div class=\"row\"><div class=\"col-12 col-lg-8 text-column text\"><p>Bring your products and your brand to the web quickly and easily. They are presented there in such a way that they reflect the high aesthetic standards of your brand.<\/p>\n<\/div><div class=\"col-12 col-lg-4 trust-logos-column\"><span class=\"proven-expert-wrapper\"><a href=\"https:\/\/www.provenexpert.com\/kombinat\/?utm_source=Widget&#038;utm_medium=Widget&#038;utm_campaign=Widget\" target=\"_blank\" title=\"Customer reviews &amp; experiences about Kombinat. Show more info.\" rel=\"noopener noreferrer\"><img loading=\"lazy\" decoding=\"async\" width=\"135\" height=\"113\" src=\"https:\/\/kombinat-berlin.de\/wp-content\/uploads\/2024\/06\/proven-expert.jpg\" class=\"attachment-full size-full\" alt=\"View Proven-Expert reviews\" \/><\/a><\/span><span class=\"google-ratings-wrapper\"><a href=\"https:\/\/www.google.com\/search?hl=en-DE&#038;gl=de&#038;q=Kombinat+%E2%80%93+Agentur+f%C3%BCr+Informationsgestaltung,+2.+Hof+\/+Aufgang+5+\/+2.+Etage,+Urbanstra%C3%9Fe+116,+10967+Berlin&#038;ludocid=8271922702199397716&#038;lsig=AB86z5Vs-g4gtmBoCcl14xeRiKXR#lrd=0x47a84fc90bcb9829:0x72cbc5df02159d54,3\" target=\"_blank\" title=\"Customer reviews &amp; experiences about Kombinat. Show more info.\" rel=\"noopener noreferrer\"><img loading=\"lazy\" decoding=\"async\" width=\"356\" height=\"222\" src=\"https:\/\/kombinat-berlin.de\/wp-content\/uploads\/2024\/08\/google-reviews.png\" class=\"attachment-full size-full\" alt=\"View Google review\" srcset=\"https:\/\/kombinat-berlin.de\/wp-content\/uploads\/2024\/08\/google-reviews.png 356w, https:\/\/kombinat-berlin.de\/wp-content\/uploads\/2024\/08\/google-reviews-300x187.png 300w\" sizes=\"auto, (max-width: 356px) 100vw, 356px\" \/><\/a><\/span><\/div><\/div><a href=\"#vorteile\" target=\"_self\" class=\"button-secondary-down scroll-down-button\">Take a look at the advantages<\/a>  <\/section>\n<\/div>\n\n<section id=\"vorteile\"  class=\"container-fluid columns-section sky-b default second-color-sky-b\"><div class=\"row text-row\"><div class=\"col-12 col-lg-8\"><h2>Build a direct relationship with your customers<\/h2><\/div><\/div><div class=\"row\"><div class=\"column col-12 col-md-6 col-xl-3 sky-z\"><h3>Brand presentation<\/h3><div class=\"text\"><p>Optimum presentation of your brand and your products - at a fair price!<\/p>\n<\/div><\/div><div class=\"column col-12 col-md-6 col-xl-3 sky-a\"><h3>Central product catalogue<\/h3><div class=\"text\"><p>Everything in one place - A central product catalogue for your customers and employees helps you to always have all data at hand.<\/p>\n<\/div><\/div><div class=\"column col-12 col-md-6 col-xl-3 sky-c\"><h3>Sustainable and timely<\/h3><div class=\"text\"><p>Relieve your sales department and speed up order acceptance with interlocking, automated processes.<\/p>\n<\/div><\/div><div class=\"column col-12 col-md-6 col-xl-3 sky-d\"><h3>Specific counselling<\/h3><div class=\"text\"><p>Benefit from our experience! We have been advising companies on e-commerce for over 20 years.<\/p>\n<\/div><\/div><\/div><\/section>\n\n<section  class=\"text-section container-fluid sky-b default\">\n  <div class=\"row\">\n    <div class=\"col-12 col-lg-8\">\n      <h2>How we help you<\/h2><div class=\"text\"><p>You receive a central product catalogue that saves your employees time and nerves. Your customers send you qualified requests for quotations, which relieves the burden on sales and allows them to work faster. This gives you a solid foundation for a more sustainable future for your product range.<\/p>\n<\/div>    <\/div>\n  <\/div>\n<\/section>\n\n<section  class=\"image-text-section container-fluid   sand\">\n  <div class=\"row\">\n    <div class=\"col-12 col-lg-8 image-column\"><img loading=\"lazy\" decoding=\"async\" width=\"1080\" height=\"608\" src=\"https:\/\/kombinat-berlin.de\/wp-content\/uploads\/2024\/03\/kb-case-wordpress-tobias-grau-stehleuchte.webp\" class=\"attachment-full size-full\" alt=\"Kombinat WordPress Case Study Tobias Grau D2C Produktpr\u00e4sentation\" srcset=\"https:\/\/kombinat-berlin.de\/wp-content\/uploads\/2024\/03\/kb-case-wordpress-tobias-grau-stehleuchte.webp 1080w, https:\/\/kombinat-berlin.de\/wp-content\/uploads\/2024\/03\/kb-case-wordpress-tobias-grau-stehleuchte-300x169.webp 300w, https:\/\/kombinat-berlin.de\/wp-content\/uploads\/2024\/03\/kb-case-wordpress-tobias-grau-stehleuchte-1024x576.webp 1024w, https:\/\/kombinat-berlin.de\/wp-content\/uploads\/2024\/03\/kb-case-wordpress-tobias-grau-stehleuchte-768x432.webp 768w\" sizes=\"auto, (max-width: 1080px) 100vw, 1080px\" \/><\/div><div class=\"col-12 col-lg-4 text-column\"><p class=\"label\">Case Study<\/p><h2>Tobias Grau lights<\/h2><div class=\"text\"><p>The well-known lighting manufacturer Tobias Grau has repositioned itself by combining its product catalogue and online shop.<\/p>\n<a href=\"https:\/\/kombinat-berlin.de\/en\/case-studies\/tobias-grau-b2b-d2c-portfolio-website-wordpress\/\" target=\"_self\" class=\"button arrow-forward icon left\">Tobias grey<\/a><\/div><\/div>  <\/div>\n<\/section>\n\n<section  class=\"container-fluid columns-section sky-b default second-color-sky-b\"><div class=\"row text-row\"><div class=\"col-12 col-lg-8\"><h2>All features at a glance<\/h2><\/div><\/div><div class=\"row\"><div class=\"column col-12 col-md-6 col-xl-3 sky-a\"><div class=\"text\"><p><a href=\"https:\/\/kombinat-berlin.de\/en\/product-portfolio-storytelling\/\">Present your exclusive brand<\/a> on the web<\/p>\n<\/div><\/div><div class=\"column col-12 col-md-6 col-xl-3 sky-d\"><div class=\"text\"><p>Landing pages for projects and case studies with super design<\/p>\n<\/div><\/div><div class=\"column col-12 col-md-6 col-xl-3 sky-c\"><div class=\"text\"><p>Modern search function and options for configuring complex products<\/p>\n<\/div><\/div><div class=\"column col-12 col-md-6 col-xl-3 sky-a\"><div class=\"text\"><p>Analytics dashboard for the evaluation of user behaviour<\/p>\n<\/div><\/div><\/div><\/section>\n\n<section  class=\"container-fluid columns-section sky-b default second-color-sky-b\"><div class=\"row\"><div class=\"column col-12 col-md-6 col-xl-3 sky-d\"><div class=\"text\"><p>Our solution follows e-commerce standards and is optimised for search engines and mobile use<\/p>\n<\/div><\/div><div class=\"column col-12 col-md-6 col-xl-3 sky-c\"><div class=\"text\"><p>Comprehensive onboarding and training for your editors<\/p>\n<\/div><\/div><div class=\"column col-12 col-md-6 col-xl-3 sky-a\"><div class=\"text\"><p>Central online product catalogue based on <a href=\"https:\/\/kombinat-berlin.de\/en\/shopify\/\">Shopify<\/a> and <a href=\"https:\/\/kombinat-berlin.de\/en\/magento\/\">Magento<\/a> <\/p>\n<\/div><\/div><div class=\"column col-12 col-md-6 col-xl-3 sky-c\"><div class=\"text\"><p>Flexible extensions for <a href=\"https:\/\/kombinat-berlin.de\/en\/b2b-retailer-portal\/\">B2B<\/a> and <a href=\"https:\/\/kombinat-berlin.de\/en\/shopify\/\">B2C e-commerce<\/a> Requirements<\/p>\n<\/div><\/div><\/div><\/section>\n\n<section  class=\"container-fluid columns-section sky-b default second-color-sky-b\"><div class=\"row\"><div class=\"column col-12 col-md-6 col-xl-3 sky-c\"><div class=\"text\"><p>Professional hosting and continuous operational maintenance<\/p>\n<\/div><\/div><div class=\"column col-12 col-md-6 col-xl-3 sky-a\"><div class=\"text\"><p>Simple solution for creating quotations for users and dealers<\/p>\n<\/div><\/div><div class=\"column col-12 col-md-6 col-xl-3 sky-c\"><div class=\"text\"><p>Optimised management of your product data<\/p>\n<\/div><\/div><div class=\"column col-12 col-md-6 col-xl-3 sky-b\"><div class=\"text\"><\/div><\/div><\/div><\/section>\n\n<section  class=\"image-text-section container-fluid flip-column-order alt-variant sun\">\n  <div class=\"row\">\n    <div class=\"col-12 col-lg-3 image-column\"><img loading=\"lazy\" decoding=\"async\" width=\"600\" height=\"600\" src=\"https:\/\/kombinat-berlin.de\/wp-content\/uploads\/2024\/02\/Kombinat-K.jpg\" class=\"attachment-full size-full\" alt=\"K\" srcset=\"https:\/\/kombinat-berlin.de\/wp-content\/uploads\/2024\/02\/Kombinat-K.jpg 600w, https:\/\/kombinat-berlin.de\/wp-content\/uploads\/2024\/02\/Kombinat-K-300x300.jpg 300w, https:\/\/kombinat-berlin.de\/wp-content\/uploads\/2024\/02\/Kombinat-K-150x150.jpg 150w\" sizes=\"auto, (max-width: 600px) 100vw, 600px\" \/><\/div><div class=\"col-12 col-lg-9 text-column\"><h2>What does your business model look like?<\/h2><div class=\"text\"><p>B2B, D2C, B2C or a hybrid form? Do different business areas need to be connected? We are always curious and can help you with our diverse experience.<\/p>\n<a href=\"https:\/\/kombinat-berlin.de\/en\/contact\/#terminbuchung\" target=\"_self\" class=\"button calendar icon left\">Talk to us<\/a><\/div><\/div>  <\/div>\n<\/section>","protected":false},"excerpt":{"rendered":"<p>Acquisition and brand awareness<\/p>","protected":false},"author":2,"featured_media":258,"parent":16,"menu_order":0,"comment_status":"closed","ping_status":"closed","template":"","meta":{"_acf_changed":false,"footnotes":""},"class_list":["post-433","page","type-page","status-publish","has-post-thumbnail","hentry"],"acf":[],"yoast_head":"<!-- This site is optimized with the Yoast SEO Premium plugin v27.3 (Yoast SEO v27.3) - https:\/\/yoast.com\/product\/yoast-seo-premium-wordpress\/ -->\n<title>Dein Produktportfolio verdient eine grandiose B\u00fchne.<\/title>\n<meta name=\"description\" content=\"Dein Produktkatalog wird \u00fcber Storytelling so pr\u00e4sentiert, dass sie den hohen \u00e4sthetischen Anspruch deiner Marke widerspiegeln.\" \/>\n<meta name=\"robots\" content=\"index, follow, max-snippet:-1, max-image-preview:large, max-video-preview:-1\" \/>\n<link rel=\"canonical\" href=\"https:\/\/kombinat-berlin.de\/en\/suitable-shop\/product-portfolio-storytelling\/\" \/>\n<meta property=\"og:locale\" content=\"en_GB\" \/>\n<meta property=\"og:type\" content=\"article\" \/>\n<meta property=\"og:title\" content=\"Produktportfolio Storytelling\" \/>\n<meta property=\"og:description\" content=\"Dein Produktkatalog wird \u00fcber Storytelling so pr\u00e4sentiert, dass sie den hohen \u00e4sthetischen Anspruch deiner Marke widerspiegeln.\" \/>\n<meta property=\"og:url\" content=\"https:\/\/kombinat-berlin.de\/en\/suitable-shop\/product-portfolio-storytelling\/\" \/>\n<meta property=\"og:site_name\" content=\"KOMBINAT\" \/>\n<meta property=\"article:publisher\" content=\"https:\/\/www.linkedin.com\/company\/kombinatberlin\" \/>\n<meta property=\"article:modified_time\" content=\"2025-03-19T13:53:20+00:00\" \/>\n<meta property=\"og:image\" content=\"https:\/\/kombinat-berlin.de\/wp-content\/uploads\/2024\/02\/Kombinat-Gespraechstermin.jpg\" \/>\n\t<meta property=\"og:image:width\" content=\"600\" \/>\n\t<meta property=\"og:image:height\" content=\"600\" \/>\n\t<meta property=\"og:image:type\" content=\"image\/jpeg\" \/>\n<meta name=\"twitter:card\" content=\"summary_large_image\" \/>\n<meta name=\"twitter:label1\" content=\"Estimated reading time\" \/>\n\t<meta name=\"twitter:data1\" content=\"3 minutes\" \/>\n<script type=\"application\/ld+json\" class=\"yoast-schema-graph\">{\"@context\":\"https:\\\/\\\/schema.org\",\"@graph\":[{\"@type\":\"WebPage\",\"@id\":\"https:\\\/\\\/kombinat-berlin.de\\\/passender-shop\\\/produktportfolio-storytelling\\\/\",\"url\":\"https:\\\/\\\/kombinat-berlin.de\\\/passender-shop\\\/produktportfolio-storytelling\\\/\",\"name\":\"Dein Produktportfolio verdient eine grandiose B\u00fchne.\",\"isPartOf\":{\"@id\":\"https:\\\/\\\/kombinat-berlin.de\\\/#website\"},\"primaryImageOfPage\":{\"@id\":\"https:\\\/\\\/kombinat-berlin.de\\\/passender-shop\\\/produktportfolio-storytelling\\\/#primaryimage\"},\"image\":{\"@id\":\"https:\\\/\\\/kombinat-berlin.de\\\/passender-shop\\\/produktportfolio-storytelling\\\/#primaryimage\"},\"thumbnailUrl\":\"https:\\\/\\\/kombinat-berlin.de\\\/wp-content\\\/uploads\\\/2024\\\/02\\\/Kombinat-Gespraechstermin.jpg\",\"datePublished\":\"2024-03-11T14:07:15+00:00\",\"dateModified\":\"2025-03-19T13:53:20+00:00\",\"description\":\"Dein Produktkatalog wird \u00fcber Storytelling so pr\u00e4sentiert, dass sie den hohen \u00e4sthetischen Anspruch deiner Marke widerspiegeln.\",\"breadcrumb\":{\"@id\":\"https:\\\/\\\/kombinat-berlin.de\\\/passender-shop\\\/produktportfolio-storytelling\\\/#breadcrumb\"},\"inLanguage\":\"en-GB\",\"potentialAction\":[{\"@type\":\"ReadAction\",\"target\":[\"https:\\\/\\\/kombinat-berlin.de\\\/passender-shop\\\/produktportfolio-storytelling\\\/\"]}]},{\"@type\":\"ImageObject\",\"inLanguage\":\"en-GB\",\"@id\":\"https:\\\/\\\/kombinat-berlin.de\\\/passender-shop\\\/produktportfolio-storytelling\\\/#primaryimage\",\"url\":\"https:\\\/\\\/kombinat-berlin.de\\\/wp-content\\\/uploads\\\/2024\\\/02\\\/Kombinat-Gespraechstermin.jpg\",\"contentUrl\":\"https:\\\/\\\/kombinat-berlin.de\\\/wp-content\\\/uploads\\\/2024\\\/02\\\/Kombinat-Gespraechstermin.jpg\",\"width\":600,\"height\":600,\"caption\":\"Sprich mit uns\"},{\"@type\":\"BreadcrumbList\",\"@id\":\"https:\\\/\\\/kombinat-berlin.de\\\/passender-shop\\\/produktportfolio-storytelling\\\/#breadcrumb\",\"itemListElement\":[{\"@type\":\"ListItem\",\"position\":1,\"name\":\"Startseite\",\"item\":\"https:\\\/\\\/kombinat-berlin.de\\\/\"},{\"@type\":\"ListItem\",\"position\":2,\"name\":\"L\u00f6sungen\",\"item\":\"https:\\\/\\\/kombinat-berlin.de\\\/passender-shop\\\/\"},{\"@type\":\"ListItem\",\"position\":3,\"name\":\"Produktportfolio Storytelling\"}]},{\"@type\":\"WebSite\",\"@id\":\"https:\\\/\\\/kombinat-berlin.de\\\/#website\",\"url\":\"https:\\\/\\\/kombinat-berlin.de\\\/\",\"name\":\"Kombinat\",\"description\":\"Mehr Umsatz und Wachstum durch leichtg\u00e4ngige B2B-Onlineshops f\u00fcr Hersteller und Brands.\",\"publisher\":{\"@id\":\"https:\\\/\\\/kombinat-berlin.de\\\/#organization\"},\"potentialAction\":[{\"@type\":\"SearchAction\",\"target\":{\"@type\":\"EntryPoint\",\"urlTemplate\":\"https:\\\/\\\/kombinat-berlin.de\\\/?s={search_term_string}\"},\"query-input\":{\"@type\":\"PropertyValueSpecification\",\"valueRequired\":true,\"valueName\":\"search_term_string\"}}],\"inLanguage\":\"en-GB\"},{\"@type\":\"Organization\",\"@id\":\"https:\\\/\\\/kombinat-berlin.de\\\/#organization\",\"name\":\"Kombinat GmbH\",\"url\":\"https:\\\/\\\/kombinat-berlin.de\\\/\",\"logo\":{\"@type\":\"ImageObject\",\"inLanguage\":\"en-GB\",\"@id\":\"https:\\\/\\\/kombinat-berlin.de\\\/#\\\/schema\\\/logo\\\/image\\\/\",\"url\":\"https:\\\/\\\/kombinat-berlin.de\\\/wp-content\\\/uploads\\\/2024\\\/05\\\/cropped-favicon.png\",\"contentUrl\":\"https:\\\/\\\/kombinat-berlin.de\\\/wp-content\\\/uploads\\\/2024\\\/05\\\/cropped-favicon.png\",\"width\":512,\"height\":512,\"caption\":\"Kombinat GmbH\"},\"image\":{\"@id\":\"https:\\\/\\\/kombinat-berlin.de\\\/#\\\/schema\\\/logo\\\/image\\\/\"},\"sameAs\":[\"https:\\\/\\\/www.linkedin.com\\\/company\\\/kombinatberlin\",\"https:\\\/\\\/www.instagram.com\\\/kombinatberlin\\\/\"]}]}<\/script>\n<!-- \/ Yoast SEO Premium plugin. -->","yoast_head_json":{"title":"Your product portfolio deserves a grandiose stage.","description":"Your product catalogue is presented via storytelling in such a way that it reflects the high aesthetic standards of your brand.","robots":{"index":"index","follow":"follow","max-snippet":"max-snippet:-1","max-image-preview":"max-image-preview:large","max-video-preview":"max-video-preview:-1"},"canonical":"https:\/\/kombinat-berlin.de\/en\/suitable-shop\/product-portfolio-storytelling\/","og_locale":"en_GB","og_type":"article","og_title":"Produktportfolio Storytelling","og_description":"Dein Produktkatalog wird \u00fcber Storytelling so pr\u00e4sentiert, dass sie den hohen \u00e4sthetischen Anspruch deiner Marke widerspiegeln.","og_url":"https:\/\/kombinat-berlin.de\/en\/suitable-shop\/product-portfolio-storytelling\/","og_site_name":"KOMBINAT","article_publisher":"https:\/\/www.linkedin.com\/company\/kombinatberlin","article_modified_time":"2025-03-19T13:53:20+00:00","og_image":[{"width":600,"height":600,"url":"https:\/\/kombinat-berlin.de\/wp-content\/uploads\/2024\/02\/Kombinat-Gespraechstermin.jpg","type":"image\/jpeg"}],"twitter_card":"summary_large_image","twitter_misc":{"Estimated reading time":"3 minutes"},"schema":{"@context":"https:\/\/schema.org","@graph":[{"@type":"WebPage","@id":"https:\/\/kombinat-berlin.de\/passender-shop\/produktportfolio-storytelling\/","url":"https:\/\/kombinat-berlin.de\/passender-shop\/produktportfolio-storytelling\/","name":"Your product portfolio deserves a grandiose stage.","isPartOf":{"@id":"https:\/\/kombinat-berlin.de\/#website"},"primaryImageOfPage":{"@id":"https:\/\/kombinat-berlin.de\/passender-shop\/produktportfolio-storytelling\/#primaryimage"},"image":{"@id":"https:\/\/kombinat-berlin.de\/passender-shop\/produktportfolio-storytelling\/#primaryimage"},"thumbnailUrl":"https:\/\/kombinat-berlin.de\/wp-content\/uploads\/2024\/02\/Kombinat-Gespraechstermin.jpg","datePublished":"2024-03-11T14:07:15+00:00","dateModified":"2025-03-19T13:53:20+00:00","description":"Your product catalogue is presented via storytelling in such a way that it reflects the high aesthetic standards of your brand.","breadcrumb":{"@id":"https:\/\/kombinat-berlin.de\/passender-shop\/produktportfolio-storytelling\/#breadcrumb"},"inLanguage":"en-GB","potentialAction":[{"@type":"ReadAction","target":["https:\/\/kombinat-berlin.de\/passender-shop\/produktportfolio-storytelling\/"]}]},{"@type":"ImageObject","inLanguage":"en-GB","@id":"https:\/\/kombinat-berlin.de\/passender-shop\/produktportfolio-storytelling\/#primaryimage","url":"https:\/\/kombinat-berlin.de\/wp-content\/uploads\/2024\/02\/Kombinat-Gespraechstermin.jpg","contentUrl":"https:\/\/kombinat-berlin.de\/wp-content\/uploads\/2024\/02\/Kombinat-Gespraechstermin.jpg","width":600,"height":600,"caption":"Sprich mit uns"},{"@type":"BreadcrumbList","@id":"https:\/\/kombinat-berlin.de\/passender-shop\/produktportfolio-storytelling\/#breadcrumb","itemListElement":[{"@type":"ListItem","position":1,"name":"Startseite","item":"https:\/\/kombinat-berlin.de\/"},{"@type":"ListItem","position":2,"name":"L\u00f6sungen","item":"https:\/\/kombinat-berlin.de\/passender-shop\/"},{"@type":"ListItem","position":3,"name":"Produktportfolio Storytelling"}]},{"@type":"WebSite","@id":"https:\/\/kombinat-berlin.de\/#website","url":"https:\/\/kombinat-berlin.de\/","name":"KOMBINAT","description":"More sales and growth through easy-to-use B2B online shops for manufacturers and brands.","publisher":{"@id":"https:\/\/kombinat-berlin.de\/#organization"},"potentialAction":[{"@type":"SearchAction","target":{"@type":"EntryPoint","urlTemplate":"https:\/\/kombinat-berlin.de\/?s={search_term_string}"},"query-input":{"@type":"PropertyValueSpecification","valueRequired":true,"valueName":"search_term_string"}}],"inLanguage":"en-GB"},{"@type":"Organization","@id":"https:\/\/kombinat-berlin.de\/#organization","name":"Kombinat GmbH","url":"https:\/\/kombinat-berlin.de\/","logo":{"@type":"ImageObject","inLanguage":"en-GB","@id":"https:\/\/kombinat-berlin.de\/#\/schema\/logo\/image\/","url":"https:\/\/kombinat-berlin.de\/wp-content\/uploads\/2024\/05\/cropped-favicon.png","contentUrl":"https:\/\/kombinat-berlin.de\/wp-content\/uploads\/2024\/05\/cropped-favicon.png","width":512,"height":512,"caption":"Kombinat GmbH"},"image":{"@id":"https:\/\/kombinat-berlin.de\/#\/schema\/logo\/image\/"},"sameAs":["https:\/\/www.linkedin.com\/company\/kombinatberlin","https:\/\/www.instagram.com\/kombinatberlin\/"]}]}},"_links":{"self":[{"href":"https:\/\/kombinat-berlin.de\/en\/wp-json\/wp\/v2\/pages\/433","targetHints":{"allow":["GET"]}}],"collection":[{"href":"https:\/\/kombinat-berlin.de\/en\/wp-json\/wp\/v2\/pages"}],"about":[{"href":"https:\/\/kombinat-berlin.de\/en\/wp-json\/wp\/v2\/types\/page"}],"author":[{"embeddable":true,"href":"https:\/\/kombinat-berlin.de\/en\/wp-json\/wp\/v2\/users\/2"}],"replies":[{"embeddable":true,"href":"https:\/\/kombinat-berlin.de\/en\/wp-json\/wp\/v2\/comments?post=433"}],"version-history":[{"count":34,"href":"https:\/\/kombinat-berlin.de\/en\/wp-json\/wp\/v2\/pages\/433\/revisions"}],"predecessor-version":[{"id":2704,"href":"https:\/\/kombinat-berlin.de\/en\/wp-json\/wp\/v2\/pages\/433\/revisions\/2704"}],"up":[{"embeddable":true,"href":"https:\/\/kombinat-berlin.de\/en\/wp-json\/wp\/v2\/pages\/16"}],"wp:featuredmedia":[{"embeddable":true,"href":"https:\/\/kombinat-berlin.de\/en\/wp-json\/wp\/v2\/media\/258"}],"wp:attachment":[{"href":"https:\/\/kombinat-berlin.de\/en\/wp-json\/wp\/v2\/media?parent=433"}],"curies":[{"name":"wp","href":"https:\/\/api.w.org\/{rel}","templated":true}]}}