{"id":395,"date":"2024-03-07T15:36:10","date_gmt":"2024-03-07T14:36:10","guid":{"rendered":"https:\/\/preview.kombinat-berlin.de\/?page_id=395"},"modified":"2024-07-04T15:22:14","modified_gmt":"2024-07-04T13:22:14","slug":"magento","status":"publish","type":"page","link":"https:\/\/kombinat-berlin.de\/en\/passendes-system\/magento\/","title":{"rendered":"Magento"},"content":{"rendered":"<div class=\"page-title-section-wrapper\">\n  <section class=\"page-title-section container-fluid blue   bg-pattern bg-pattern-5\">\n    <div class=\"row\"><div class=\"col-12 col-lg-8 headline-column\"><img loading=\"lazy\" decoding=\"async\" width=\"1\" height=\"1\" src=\"https:\/\/kombinat-berlin.de\/wp-content\/uploads\/2024\/02\/magento-logo-white.svg\" class=\"image-logo\" alt=\"Adobe Commerce\/ Magento System\" \/><h1>Customised solutions with MagentoShop \/ Adobe Commerce<\/h1><\/div><\/div><div class=\"row\"><div class=\"col-12 col-lg-8 text-column text\"><p>The large open source shop system for your own solid e-commerce infrastructure. Extensive core functions cover the challenges for B2B in particular very well. Thanks to the open architecture, we can also flexibly implement very specific customisations as individually programmed extensions.<\/p>\n<\/div><\/div><a href=\"#main\" target=\"_self\" class=\"button-secondary-down scroll-down-button\">Get to know the benefits<\/a>  <\/section>\n<\/div>\n\n<section id=\"main\"  class=\"text-section container-fluid sand default\">\n  <div class=\"row\">\n    <div class=\"col-12 col-lg-8 offset-lg-2\">\n      <h2>Magento - the maximally flexible e-commerce platform<\/h2><div class=\"text\"><p><img decoding=\"async\" src=\"https:\/\/kombinat-berlin.de\/wp-content\/uploads\/2024\/05\/magento.jpg\" \/><\/p>\n<p>Magento\/Adobe Commerce solves the complex challenges for medium-sized and large online shops at the highest level. It fully adapts to your workflows and integrates into your existing e-commerce infrastructure. Either through one of the numerous existing extensions or through individually programmed solutions. With Magento\/Adobe Commerce, there are no limits.<\/p>\n<h2>Easily create website content and promotions<\/h2>\n<p>Magento 2 has a new, uncomplicated user interface. With the drag-and-drop tools, content can be created or customised as required. Without much effort and without developer support.<\/p>\n<h2>Sell B2C, B2B and D2C in one central platform<\/h2>\n<p>Your existing e-commerce infrastructure, such as ERP or PIM systems, can be seamlessly integrated. Thanks to open source and the open architecture, all requirements can be met. Magento\/Adobe Commerce is particularly well positioned as a B2B solution.<\/p>\n<h2>Unrestricted customisation of functions<\/h2>\n<p>Anything is possible: e.g. an impressive shop frontend for your customers, an automated process in the backend or a helpful and useful tool for manifesting your unique selling proposition. Enhance the benefits for your customers and thus your positioning in the market with customised functions.<\/p>\n<h2>Top performance and accessibility<\/h2>\n<p>The Magento\/Adobe Commerce shop system is hosted on dedicated servers. This makes it possible to handle every visitor rush. We provide the optimum technical environment for the live shop and all other staging servers. Thanks to continuous integration, the shop is automatically tested with every change. This effectively avoids errors and ensures a permanently resilient shop.<\/p>\n<\/div>    <\/div>\n  <\/div>\n<\/section>\n\n<section  class=\"image-text-section container-fluid flip-column-order alt-variant sun\">\n  <div class=\"row\">\n    <div class=\"col-12 col-lg-3 image-column\"><img loading=\"lazy\" decoding=\"async\" width=\"600\" height=\"600\" src=\"https:\/\/kombinat-berlin.de\/wp-content\/uploads\/2024\/02\/Kombinat-entwickelt-mit-dem-richtigen-System.jpg\" class=\"attachment-full size-full\" alt=\"Developing with the right system\" srcset=\"https:\/\/kombinat-berlin.de\/wp-content\/uploads\/2024\/02\/Kombinat-entwickelt-mit-dem-richtigen-System.jpg 600w, https:\/\/kombinat-berlin.de\/wp-content\/uploads\/2024\/02\/Kombinat-entwickelt-mit-dem-richtigen-System-300x300.jpg 300w, https:\/\/kombinat-berlin.de\/wp-content\/uploads\/2024\/02\/Kombinat-entwickelt-mit-dem-richtigen-System-150x150.jpg 150w\" sizes=\"auto, (max-width: 600px) 100vw, 600px\" \/><\/div><div class=\"col-12 col-lg-9 text-column\"><h2>Do you need a Magento shop? Let's get started!<\/h2><div class=\"text\"><p>Your project can start now. We'll help you right away.<\/p>\n<a href=\"https:\/\/kombinat-berlin.de\/en\/contact\/\" target=\"_self\" class=\"button send icon left\">Describe your project<\/a><\/div><\/div>  <\/div>\n<\/section>\n\n  <section  class=\"container-fluid case-study-pagination-section blue-soft\">\n    <div class=\"row\">\n      <div class=\"col-12 columns-wrapper\">\n        <div class=\"image-column\">\n          <img loading=\"lazy\" decoding=\"async\" width=\"840\" height=\"840\" src=\"https:\/\/kombinat-berlin.de\/wp-content\/uploads\/2024\/04\/b2b-ecommerce-magento-webapp-grusskartendesigner-ergebnis-kombinat-s.webp\" class=\"attachment-full size-full\" alt=\"Greeting Card Designer - vue.js WebApp for customised greeting cards Case Study\" srcset=\"https:\/\/kombinat-berlin.de\/wp-content\/uploads\/2024\/04\/b2b-ecommerce-magento-webapp-grusskartendesigner-ergebnis-kombinat-s.webp 840w, https:\/\/kombinat-berlin.de\/wp-content\/uploads\/2024\/04\/b2b-ecommerce-magento-webapp-grusskartendesigner-ergebnis-kombinat-s-300x300.webp 300w, https:\/\/kombinat-berlin.de\/wp-content\/uploads\/2024\/04\/b2b-ecommerce-magento-webapp-grusskartendesigner-ergebnis-kombinat-s-150x150.webp 150w, https:\/\/kombinat-berlin.de\/wp-content\/uploads\/2024\/04\/b2b-ecommerce-magento-webapp-grusskartendesigner-ergebnis-kombinat-s-768x768.webp 768w\" sizes=\"auto, (max-width: 840px) 100vw, 840px\" \/>        <\/div>\n        <div class=\"link-column\">\n          <a href=\"https:\/\/kombinat-berlin.de\/en\/case-studies\/hach-greeting-card-configurator-web-app-b2b\/\" target=\"_self\" class=\"button-secondary arrow-forward\">HACH Greeting Card Designer - vue.js WebApp <\/a>        <\/div>\n      <\/div>\n\n    <\/div>\n  <\/section>\n\n\n  <section  class=\"container-fluid case-study-pagination-section blue-vibrant\">\n    <div class=\"row\">\n      <div class=\"col-12 columns-wrapper\">\n        <div class=\"image-column\">\n          <img loading=\"lazy\" decoding=\"async\" width=\"1920\" height=\"1920\" src=\"https:\/\/kombinat-berlin.de\/wp-content\/uploads\/2024\/04\/b2b-magento-onlineshop-hach-teaser02.jpg\" class=\"attachment-full size-full\" alt=\"HACH - B2B Magento 2 shop with customised price calculation system feature case study\" srcset=\"https:\/\/kombinat-berlin.de\/wp-content\/uploads\/2024\/04\/b2b-magento-onlineshop-hach-teaser02.jpg 1920w, https:\/\/kombinat-berlin.de\/wp-content\/uploads\/2024\/04\/b2b-magento-onlineshop-hach-teaser02-300x300.jpg 300w, https:\/\/kombinat-berlin.de\/wp-content\/uploads\/2024\/04\/b2b-magento-onlineshop-hach-teaser02-1024x1024.jpg 1024w, https:\/\/kombinat-berlin.de\/wp-content\/uploads\/2024\/04\/b2b-magento-onlineshop-hach-teaser02-150x150.jpg 150w, https:\/\/kombinat-berlin.de\/wp-content\/uploads\/2024\/04\/b2b-magento-onlineshop-hach-teaser02-768x768.jpg 768w, https:\/\/kombinat-berlin.de\/wp-content\/uploads\/2024\/04\/b2b-magento-onlineshop-hach-teaser02-1536x1536.jpg 1536w\" sizes=\"auto, (max-width: 1920px) 100vw, 1920px\" \/>        <\/div>\n        <div class=\"link-column\">\n          <a href=\"https:\/\/kombinat-berlin.de\/en\/case-studies\/hach-promotional-items-b2b-magento-online-shop\/\" target=\"_self\" class=\"button-secondary arrow-forward\">HACH promotional products B2B Magento online shop<\/a>        <\/div>\n      <\/div>\n\n    <\/div>\n  <\/section>\n\n\n  <section  class=\"container-fluid case-study-pagination-section blue-deep\">\n    <div class=\"row\">\n      <div class=\"col-12 columns-wrapper\">\n        <div class=\"image-column\">\n          <img loading=\"lazy\" decoding=\"async\" width=\"2560\" height=\"1181\" src=\"https:\/\/kombinat-berlin.de\/wp-content\/uploads\/2024\/04\/b2b-magento-webapp-konfigurator-artikeldesigner04-p-3200-scaled.jpg\" class=\"attachment-full size-full\" alt=\"Hach configurator article designer example bag case study\" srcset=\"https:\/\/kombinat-berlin.de\/wp-content\/uploads\/2024\/04\/b2b-magento-webapp-konfigurator-artikeldesigner04-p-3200-scaled.jpg 2560w, https:\/\/kombinat-berlin.de\/wp-content\/uploads\/2024\/04\/b2b-magento-webapp-konfigurator-artikeldesigner04-p-3200-300x138.jpg 300w, https:\/\/kombinat-berlin.de\/wp-content\/uploads\/2024\/04\/b2b-magento-webapp-konfigurator-artikeldesigner04-p-3200-1024x472.jpg 1024w, https:\/\/kombinat-berlin.de\/wp-content\/uploads\/2024\/04\/b2b-magento-webapp-konfigurator-artikeldesigner04-p-3200-768x354.jpg 768w, https:\/\/kombinat-berlin.de\/wp-content\/uploads\/2024\/04\/b2b-magento-webapp-konfigurator-artikeldesigner04-p-3200-1536x708.jpg 1536w, https:\/\/kombinat-berlin.de\/wp-content\/uploads\/2024\/04\/b2b-magento-webapp-konfigurator-artikeldesigner04-p-3200-2048x945.jpg 2048w\" sizes=\"auto, (max-width: 2560px) 100vw, 2560px\" \/>        <\/div>\n        <div class=\"link-column\">\n          <a href=\"https:\/\/kombinat-berlin.de\/en\/case-studies\/hach-magento-b2b-web-app-article-designer\/\" target=\"_self\" class=\"button-secondary arrow-forward\">HACH - Article Designer Magento Web App<\/a>        <\/div>\n      <\/div>\n\n    <\/div>\n  <\/section>","protected":false},"excerpt":{"rendered":"","protected":false},"author":2,"featured_media":0,"parent":14,"menu_order":0,"comment_status":"closed","ping_status":"closed","template":"","meta":{"_acf_changed":false,"footnotes":""},"class_list":["post-395","page","type-page","status-publish","hentry"],"acf":[],"yoast_head":"<!-- This site is optimized with the Yoast SEO Premium plugin v27.3 (Yoast SEO v27.3) - https:\/\/yoast.com\/product\/yoast-seo-premium-wordpress\/ -->\n<title>Ma\u00dfgeschneiderte Onlineshops mit Magento\/ Adobe Commerce<\/title>\n<meta name=\"description\" content=\"Das gro\u00dfe Shopsystem f\u00fcr deine solide E-Commerce-Infrastruktur. Umfangreiche Kernfunktionen decken die Herausforderungen f\u00fcr B2B sehr gut ab.\" \/>\n<meta name=\"robots\" content=\"index, follow, max-snippet:-1, max-image-preview:large, max-video-preview:-1\" \/>\n<link rel=\"canonical\" href=\"https:\/\/kombinat-berlin.de\/en\/suitable-system\/magento\/\" \/>\n<meta property=\"og:locale\" content=\"en_GB\" \/>\n<meta property=\"og:type\" content=\"article\" \/>\n<meta property=\"og:title\" content=\"Magento\" \/>\n<meta property=\"og:description\" content=\"Das gro\u00dfe Shopsystem f\u00fcr deine solide E-Commerce-Infrastruktur. Umfangreiche Kernfunktionen decken die Herausforderungen f\u00fcr B2B sehr gut ab.\" \/>\n<meta property=\"og:url\" content=\"https:\/\/kombinat-berlin.de\/en\/suitable-system\/magento\/\" \/>\n<meta property=\"og:site_name\" content=\"KOMBINAT\" \/>\n<meta property=\"article:publisher\" content=\"https:\/\/www.linkedin.com\/company\/kombinatberlin\" \/>\n<meta property=\"article:modified_time\" content=\"2024-07-04T13:22:14+00:00\" \/>\n<meta name=\"twitter:card\" content=\"summary_large_image\" \/>\n<meta name=\"twitter:label1\" content=\"Estimated reading time\" \/>\n\t<meta name=\"twitter:data1\" content=\"3 minutes\" \/>\n<script type=\"application\/ld+json\" class=\"yoast-schema-graph\">{\"@context\":\"https:\\\/\\\/schema.org\",\"@graph\":[{\"@type\":\"WebPage\",\"@id\":\"https:\\\/\\\/kombinat-berlin.de\\\/passendes-system\\\/magento\\\/\",\"url\":\"https:\\\/\\\/kombinat-berlin.de\\\/passendes-system\\\/magento\\\/\",\"name\":\"Ma\u00dfgeschneiderte Onlineshops mit Magento\\\/ Adobe Commerce\",\"isPartOf\":{\"@id\":\"https:\\\/\\\/kombinat-berlin.de\\\/#website\"},\"datePublished\":\"2024-03-07T14:36:10+00:00\",\"dateModified\":\"2024-07-04T13:22:14+00:00\",\"description\":\"Das gro\u00dfe Shopsystem f\u00fcr deine solide E-Commerce-Infrastruktur. Umfangreiche Kernfunktionen decken die Herausforderungen f\u00fcr B2B sehr gut ab.\",\"breadcrumb\":{\"@id\":\"https:\\\/\\\/kombinat-berlin.de\\\/passendes-system\\\/magento\\\/#breadcrumb\"},\"inLanguage\":\"en-GB\",\"potentialAction\":[{\"@type\":\"ReadAction\",\"target\":[\"https:\\\/\\\/kombinat-berlin.de\\\/passendes-system\\\/magento\\\/\"]}]},{\"@type\":\"BreadcrumbList\",\"@id\":\"https:\\\/\\\/kombinat-berlin.de\\\/passendes-system\\\/magento\\\/#breadcrumb\",\"itemListElement\":[{\"@type\":\"ListItem\",\"position\":1,\"name\":\"Startseite\",\"item\":\"https:\\\/\\\/kombinat-berlin.de\\\/\"},{\"@type\":\"ListItem\",\"position\":2,\"name\":\"Systeme\",\"item\":\"https:\\\/\\\/kombinat-berlin.de\\\/passendes-system\\\/\"},{\"@type\":\"ListItem\",\"position\":3,\"name\":\"Magento\"}]},{\"@type\":\"WebSite\",\"@id\":\"https:\\\/\\\/kombinat-berlin.de\\\/#website\",\"url\":\"https:\\\/\\\/kombinat-berlin.de\\\/\",\"name\":\"Kombinat\",\"description\":\"Mehr Umsatz und Wachstum durch leichtg\u00e4ngige B2B-Onlineshops f\u00fcr Hersteller und Brands.\",\"publisher\":{\"@id\":\"https:\\\/\\\/kombinat-berlin.de\\\/#organization\"},\"potentialAction\":[{\"@type\":\"SearchAction\",\"target\":{\"@type\":\"EntryPoint\",\"urlTemplate\":\"https:\\\/\\\/kombinat-berlin.de\\\/?s={search_term_string}\"},\"query-input\":{\"@type\":\"PropertyValueSpecification\",\"valueRequired\":true,\"valueName\":\"search_term_string\"}}],\"inLanguage\":\"en-GB\"},{\"@type\":\"Organization\",\"@id\":\"https:\\\/\\\/kombinat-berlin.de\\\/#organization\",\"name\":\"Kombinat GmbH\",\"url\":\"https:\\\/\\\/kombinat-berlin.de\\\/\",\"logo\":{\"@type\":\"ImageObject\",\"inLanguage\":\"en-GB\",\"@id\":\"https:\\\/\\\/kombinat-berlin.de\\\/#\\\/schema\\\/logo\\\/image\\\/\",\"url\":\"https:\\\/\\\/kombinat-berlin.de\\\/wp-content\\\/uploads\\\/2024\\\/05\\\/cropped-favicon.png\",\"contentUrl\":\"https:\\\/\\\/kombinat-berlin.de\\\/wp-content\\\/uploads\\\/2024\\\/05\\\/cropped-favicon.png\",\"width\":512,\"height\":512,\"caption\":\"Kombinat GmbH\"},\"image\":{\"@id\":\"https:\\\/\\\/kombinat-berlin.de\\\/#\\\/schema\\\/logo\\\/image\\\/\"},\"sameAs\":[\"https:\\\/\\\/www.linkedin.com\\\/company\\\/kombinatberlin\",\"https:\\\/\\\/www.instagram.com\\\/kombinatberlin\\\/\"]}]}<\/script>\n<!-- \/ Yoast SEO Premium plugin. -->","yoast_head_json":{"title":"Customised online shops with Magento\/ Adobe Commerce","description":"The large shop system for your solid e-commerce infrastructure. Extensive core functions cover the challenges for B2B very well.","robots":{"index":"index","follow":"follow","max-snippet":"max-snippet:-1","max-image-preview":"max-image-preview:large","max-video-preview":"max-video-preview:-1"},"canonical":"https:\/\/kombinat-berlin.de\/en\/suitable-system\/magento\/","og_locale":"en_GB","og_type":"article","og_title":"Magento","og_description":"Das gro\u00dfe Shopsystem f\u00fcr deine solide E-Commerce-Infrastruktur. Umfangreiche Kernfunktionen decken die Herausforderungen f\u00fcr B2B sehr gut ab.","og_url":"https:\/\/kombinat-berlin.de\/en\/suitable-system\/magento\/","og_site_name":"KOMBINAT","article_publisher":"https:\/\/www.linkedin.com\/company\/kombinatberlin","article_modified_time":"2024-07-04T13:22:14+00:00","twitter_card":"summary_large_image","twitter_misc":{"Estimated reading time":"3 minutes"},"schema":{"@context":"https:\/\/schema.org","@graph":[{"@type":"WebPage","@id":"https:\/\/kombinat-berlin.de\/passendes-system\/magento\/","url":"https:\/\/kombinat-berlin.de\/passendes-system\/magento\/","name":"Customised online shops with Magento\/ Adobe Commerce","isPartOf":{"@id":"https:\/\/kombinat-berlin.de\/#website"},"datePublished":"2024-03-07T14:36:10+00:00","dateModified":"2024-07-04T13:22:14+00:00","description":"The large shop system for your solid e-commerce infrastructure. Extensive core functions cover the challenges for B2B very well.","breadcrumb":{"@id":"https:\/\/kombinat-berlin.de\/passendes-system\/magento\/#breadcrumb"},"inLanguage":"en-GB","potentialAction":[{"@type":"ReadAction","target":["https:\/\/kombinat-berlin.de\/passendes-system\/magento\/"]}]},{"@type":"BreadcrumbList","@id":"https:\/\/kombinat-berlin.de\/passendes-system\/magento\/#breadcrumb","itemListElement":[{"@type":"ListItem","position":1,"name":"Startseite","item":"https:\/\/kombinat-berlin.de\/"},{"@type":"ListItem","position":2,"name":"Systeme","item":"https:\/\/kombinat-berlin.de\/passendes-system\/"},{"@type":"ListItem","position":3,"name":"Magento"}]},{"@type":"WebSite","@id":"https:\/\/kombinat-berlin.de\/#website","url":"https:\/\/kombinat-berlin.de\/","name":"KOMBINAT","description":"More sales and growth through easy-to-use B2B online shops for manufacturers and brands.","publisher":{"@id":"https:\/\/kombinat-berlin.de\/#organization"},"potentialAction":[{"@type":"SearchAction","target":{"@type":"EntryPoint","urlTemplate":"https:\/\/kombinat-berlin.de\/?s={search_term_string}"},"query-input":{"@type":"PropertyValueSpecification","valueRequired":true,"valueName":"search_term_string"}}],"inLanguage":"en-GB"},{"@type":"Organization","@id":"https:\/\/kombinat-berlin.de\/#organization","name":"Kombinat GmbH","url":"https:\/\/kombinat-berlin.de\/","logo":{"@type":"ImageObject","inLanguage":"en-GB","@id":"https:\/\/kombinat-berlin.de\/#\/schema\/logo\/image\/","url":"https:\/\/kombinat-berlin.de\/wp-content\/uploads\/2024\/05\/cropped-favicon.png","contentUrl":"https:\/\/kombinat-berlin.de\/wp-content\/uploads\/2024\/05\/cropped-favicon.png","width":512,"height":512,"caption":"Kombinat GmbH"},"image":{"@id":"https:\/\/kombinat-berlin.de\/#\/schema\/logo\/image\/"},"sameAs":["https:\/\/www.linkedin.com\/company\/kombinatberlin","https:\/\/www.instagram.com\/kombinatberlin\/"]}]}},"_links":{"self":[{"href":"https:\/\/kombinat-berlin.de\/en\/wp-json\/wp\/v2\/pages\/395","targetHints":{"allow":["GET"]}}],"collection":[{"href":"https:\/\/kombinat-berlin.de\/en\/wp-json\/wp\/v2\/pages"}],"about":[{"href":"https:\/\/kombinat-berlin.de\/en\/wp-json\/wp\/v2\/types\/page"}],"author":[{"embeddable":true,"href":"https:\/\/kombinat-berlin.de\/en\/wp-json\/wp\/v2\/users\/2"}],"replies":[{"embeddable":true,"href":"https:\/\/kombinat-berlin.de\/en\/wp-json\/wp\/v2\/comments?post=395"}],"version-history":[{"count":19,"href":"https:\/\/kombinat-berlin.de\/en\/wp-json\/wp\/v2\/pages\/395\/revisions"}],"predecessor-version":[{"id":1817,"href":"https:\/\/kombinat-berlin.de\/en\/wp-json\/wp\/v2\/pages\/395\/revisions\/1817"}],"up":[{"embeddable":true,"href":"https:\/\/kombinat-berlin.de\/en\/wp-json\/wp\/v2\/pages\/14"}],"wp:attachment":[{"href":"https:\/\/kombinat-berlin.de\/en\/wp-json\/wp\/v2\/media?parent=395"}],"curies":[{"name":"wp","href":"https:\/\/api.w.org\/{rel}","templated":true}]}}