{"id":386,"date":"2024-03-07T15:31:28","date_gmt":"2024-03-07T14:31:28","guid":{"rendered":"https:\/\/preview.kombinat-berlin.de\/?page_id=386"},"modified":"2025-03-19T14:56:56","modified_gmt":"2025-03-19T13:56:56","slug":"solutions-for-d2c-direct-sales","status":"publish","type":"page","link":"https:\/\/kombinat-berlin.de\/en\/passender-shop\/loesungen-fuer-den-d2c-direktvertrieb\/","title":{"rendered":"D2C direct sales"},"content":{"rendered":"<div class=\"page-title-section-wrapper\">\n  <section class=\"page-title-section container-fluid blue   bg-pattern bg-pattern-5\">\n    <div class=\"row\"><div class=\"col-12 col-lg-8 headline-column\"><div class=\"label\"><p>D2C E-Commerce<\/p>\n<\/div><h1>Solutions for direct sales - customised for D2C manufacturers<\/h1><\/div><\/div><div class=\"row\"><div class=\"col-12 col-lg-8 text-column text\"><p>Do you see potential for your company in D2C direct sales? Are you wondering which strategies promise the greatest success and where your challenges will lie? We can advise you on strategies and system solutions. We will show you how you can develop your digital business step by step and support you as a partner in the realisation of your online shop.<\/p>\n<\/div><div class=\"col-12 col-lg-4 trust-logos-column\"><span class=\"proven-expert-wrapper\"><a href=\"https:\/\/www.provenexpert.com\/kombinat\/?utm_source=Widget&#038;utm_medium=Widget&#038;utm_campaign=Widget\" target=\"_blank\" title=\"Customer reviews &amp; experiences about Kombinat. Show more info.\" rel=\"noopener noreferrer\"><img loading=\"lazy\" decoding=\"async\" width=\"135\" height=\"113\" src=\"https:\/\/kombinat-berlin.de\/wp-content\/uploads\/2024\/06\/proven-expert.jpg\" class=\"attachment-full size-full\" alt=\"View Proven-Expert reviews\" \/><\/a><\/span><span class=\"google-ratings-wrapper\"><a href=\"https:\/\/www.google.com\/search?hl=en-DE&#038;gl=de&#038;q=Kombinat+%E2%80%93+Agentur+f%C3%BCr+Informationsgestaltung,+2.+Hof+\/+Aufgang+5+\/+2.+Etage,+Urbanstra%C3%9Fe+116,+10967+Berlin&#038;ludocid=8271922702199397716&#038;lsig=AB86z5Vs-g4gtmBoCcl14xeRiKXR#lrd=0x47a84fc90bcb9829:0x72cbc5df02159d54,3\" target=\"_blank\" title=\"Customer reviews &amp; experiences about Kombinat. Show more info.\" rel=\"noopener noreferrer\"><img loading=\"lazy\" decoding=\"async\" width=\"356\" height=\"222\" src=\"https:\/\/kombinat-berlin.de\/wp-content\/uploads\/2024\/08\/google-reviews.png\" class=\"attachment-full size-full\" alt=\"View Google review\" srcset=\"https:\/\/kombinat-berlin.de\/wp-content\/uploads\/2024\/08\/google-reviews.png 356w, https:\/\/kombinat-berlin.de\/wp-content\/uploads\/2024\/08\/google-reviews-300x187.png 300w\" sizes=\"auto, (max-width: 356px) 100vw, 356px\" \/><\/a><\/span><\/div><\/div><a href=\"#vorteile\" target=\"_self\" class=\"button-secondary-down scroll-down-button\">Take a look at the advantages<\/a>  <\/section>\n<\/div>\n\n<section class=\"container-fluid full-image image-contain\" style=\"background-color: #2544ee !important;\"><div class=\"row\"><div class=\"col-12\"><img loading=\"lazy\" decoding=\"async\" width=\"1920\" height=\"1280\" src=\"https:\/\/kombinat-berlin.de\/wp-content\/uploads\/2024\/02\/Kombinat-D2C-Loesungen.jpg\" class=\"attachment-full size-full\" alt=\"Combined D2C solutions\" srcset=\"https:\/\/kombinat-berlin.de\/wp-content\/uploads\/2024\/02\/Kombinat-D2C-Loesungen.jpg 1920w, https:\/\/kombinat-berlin.de\/wp-content\/uploads\/2024\/02\/Kombinat-D2C-Loesungen-300x200.jpg 300w, https:\/\/kombinat-berlin.de\/wp-content\/uploads\/2024\/02\/Kombinat-D2C-Loesungen-1024x683.jpg 1024w, https:\/\/kombinat-berlin.de\/wp-content\/uploads\/2024\/02\/Kombinat-D2C-Loesungen-768x512.jpg 768w, https:\/\/kombinat-berlin.de\/wp-content\/uploads\/2024\/02\/Kombinat-D2C-Loesungen-1536x1024.jpg 1536w\" sizes=\"auto, (max-width: 1920px) 100vw, 1920px\" \/><\/div><\/div><\/section>\n\n<section id=\"vorteile\"  class=\"container-fluid columns-section blue-soft default second-color-blue-soft\"><div class=\"row\"><div class=\"column col-12 col-md-4 white\"><h3>Business Model &amp; Workflows<\/h3><div class=\"text\"><p>We support you in the development of your D2C e-commerce business model for end customers. Our advice will help you to optimise all areas of your business for successful direct sales.<\/p>\n<a href=\"https:\/\/kombinat-berlin.de\/en\/experienced-e-commerce-experts-at-kombinat\/b2b-e-commerce-competences\/\" target=\"_self\" class=\"button-secondary  left\">Our competences<\/a><\/div><\/div><div class=\"column col-12 col-md-4 sand\"><h3>Scalable system solutions<\/h3><div class=\"text\"><p>From the business channel to your own D2C online shop and digital e-commerce infrastructure. Build your systems step by step. We work with established shop systems and interfaces, customised to your individual stage of growth.<\/p>\n<a href=\"https:\/\/kombinat-berlin.de\/en\/suitable-system\/\" target=\"_self\" class=\"button-secondary  left\">All systems at a glance<\/a><\/div><\/div><div class=\"column col-12 col-md-4 sun\"><h3>Transparent development costs<\/h3><div class=\"text\"><p>We support you in planning investments in customer experience, sales channels, service workflows and other digital company processes.<\/p>\n<a href=\"https:\/\/kombinat-berlin.de\/en\/contact\/#terminbuchung\" target=\"_self\" class=\"button calendar icon left\">Arrange a consultation appointment<\/a><\/div><\/div><\/div><\/section>\n\n<section  class=\"text-section container-fluid sky-a default\">\n  <div class=\"row\">\n    <div class=\"col-12 col-lg-8\">\n      <h2>D2C e-commerce solutions for a forward-looking relationship between manufacturers and end customers.<\/h2><div class=\"text\"><p>Retail and distribution are undergoing digital upheaval. The usual relationship between manufacturers and specialist retailers is changing. Retailers (such as Amazon) are entering the market with their own brands, putting many manufacturers under pressure. Where does your company stand and what opportunities can you seize?<br \/>\n\u200d<br \/>\nLet's think a few steps ahead together to fully utilise these opportunities for you as a manufacturer.<\/p>\n<p>For success in direct sales, you need a systematic strategy, step-by-step measures and targeted investments. A sensible start is the presentation of your company, brand and product range. We are sure to have the right <a href=\"https:\/\/kombinat-berlin.de\/en\/loesungen\/\">Solution<\/a>. Perhaps you have already recognised the advantages of digital direct sales and would like to take the next step? Great!  Then we will be happy to support you with further strategic consulting, agile software development and tried-and-tested product management on the systems <a href=\"https:\/\/kombinat-berlin.de\/en\/magento\/\">Magento<\/a> or <a href=\"https:\/\/kombinat-berlin.de\/en\/shopify\/\">Shopify<\/a>.<\/p>\n<\/div>    <\/div>\n  <\/div>\n<\/section>\n\n<section  class=\"image-text-section container-fluid   sand\">\n  <div class=\"row\">\n    <div class=\"col-12 col-lg-8 image-column\"><img loading=\"lazy\" decoding=\"async\" width=\"730\" height=\"480\" src=\"https:\/\/kombinat-berlin.de\/wp-content\/uploads\/2024\/03\/carbon-pro-hero.webp\" class=\"attachment-full size-full\" alt=\"D2C Direct Sales Case\" srcset=\"https:\/\/kombinat-berlin.de\/wp-content\/uploads\/2024\/03\/carbon-pro-hero.webp 730w, https:\/\/kombinat-berlin.de\/wp-content\/uploads\/2024\/03\/carbon-pro-hero-300x197.webp 300w\" sizes=\"auto, (max-width: 730px) 100vw, 730px\" \/><\/div><div class=\"col-12 col-lg-4 text-column\"><p class=\"label\">Case Study<\/p><h2>Carbon Lab Storefront<\/h2><div class=\"text\"><p>Online shop for the Collonil care range especially for the sneaker community. High-performance protection and cleaning for the special needs of sneaker heads.<\/p>\n<a href=\"https:\/\/kombinat-berlin.de\/en\/case-studies\/\" target=\"_self\" class=\"button  left\">To the case studies<\/a><\/div><\/div>  <\/div>\n<\/section>\n\n<section  class=\"container-fluid columns-section sky-a default second-color-sky-a\"><div class=\"row\"><div class=\"column col-12 col-md-4 sand\"><h3>KOMBINAT<\/h3><div class=\"text\"><p>Owner-managed, with Berlin as our home. We are self-determined, but like partnerships. Sustainable relationships are important to us.<\/p>\n<a href=\"https:\/\/kombinat-berlin.de\/en\/agency\/\" target=\"_self\" class=\"button-secondary  left\">About our self-image<\/a><\/div><\/div><div class=\"column col-12 col-md-4 white\"><h3>Solutions<\/h3><div class=\"text\"><p>Whether for B2B, D2C, B2C shops or customised developments: We will find the right solution and offer long-term support and service.<\/p>\n<a href=\"https:\/\/kombinat-berlin.de\/en\/loesungen\/\" target=\"_self\" class=\"button-secondary  left\">To our offer<\/a><\/div><\/div><div class=\"column col-12 col-md-4 sky-b\"><h3>Expertise<\/h3><div class=\"text\"><p>We are experts in the fields of strategy, design, development and project management and create the extraordinary.<\/p>\n<a href=\"https:\/\/kombinat-berlin.de\/en\/kompetenzen\/\" target=\"_self\" class=\"button-secondary  left\">How we work<\/a><\/div><\/div><\/div><\/section>\n\n<section  class=\"image-text-section container-fluid flip-column-order alt-variant sun\">\n  <div class=\"row\">\n    <div class=\"col-12 col-lg-3 image-column\"><img loading=\"lazy\" decoding=\"async\" width=\"1190\" height=\"880\" src=\"https:\/\/kombinat-berlin.de\/wp-content\/uploads\/2024\/04\/Kombinat-UX-Design-e1742391238370.webp\" class=\"attachment-full size-full\" alt=\"Combined UX design process\" srcset=\"https:\/\/kombinat-berlin.de\/wp-content\/uploads\/2024\/04\/Kombinat-UX-Design-e1742391238370.webp 1190w, https:\/\/kombinat-berlin.de\/wp-content\/uploads\/2024\/04\/Kombinat-UX-Design-e1742391238370-300x222.webp 300w, https:\/\/kombinat-berlin.de\/wp-content\/uploads\/2024\/04\/Kombinat-UX-Design-e1742391238370-1024x757.webp 1024w, https:\/\/kombinat-berlin.de\/wp-content\/uploads\/2024\/04\/Kombinat-UX-Design-e1742391238370-768x568.webp 768w\" sizes=\"auto, (max-width: 1190px) 100vw, 1190px\" \/><\/div><div class=\"col-12 col-lg-9 text-column\"><h2>What does your business model look like?<\/h2><div class=\"text\"><p>B2B, D2C, B2C or a hybrid form? Do different business areas need to be connected? We are always curious and can help you with our diverse experience.<\/p>\n<a href=\"https:\/\/kombinat-berlin.de\/en\/contact\/\" target=\"_self\" class=\"button calendar icon left\">Talk to us<\/a><\/div><\/div>  <\/div>\n<\/section>","protected":false},"excerpt":{"rendered":"","protected":false},"author":2,"featured_media":0,"parent":16,"menu_order":0,"comment_status":"closed","ping_status":"closed","template":"","meta":{"_acf_changed":false,"footnotes":""},"class_list":["post-386","page","type-page","status-publish","hentry"],"acf":[],"yoast_head":"<!-- This site is optimized with the Yoast SEO Premium plugin v27.3 (Yoast SEO v27.3) - https:\/\/yoast.com\/product\/yoast-seo-premium-wordpress\/ -->\n<title>L\u00f6sungen f\u00fcr den Direktvertrieb via D2C Onlineshop<\/title>\n<meta name=\"description\" content=\"Welche D2C-Strategien bringen den gr\u00f6\u00dften Erfolg und wo liegen Herausforderungen? Wir beraten dich \u00fcber D2C Systeml\u00f6sungen.\" \/>\n<meta name=\"robots\" content=\"index, follow, max-snippet:-1, max-image-preview:large, max-video-preview:-1\" \/>\n<link rel=\"canonical\" href=\"https:\/\/kombinat-berlin.de\/en\/suitable-shop\/solutions-for-d2c-direct-sales\/\" \/>\n<meta property=\"og:locale\" content=\"en_GB\" \/>\n<meta property=\"og:type\" content=\"article\" \/>\n<meta property=\"og:title\" content=\"D2C Direktvertrieb\" \/>\n<meta property=\"og:description\" content=\"Welche D2C-Strategien bringen den gr\u00f6\u00dften Erfolg und wo liegen Herausforderungen? Wir beraten dich \u00fcber D2C Systeml\u00f6sungen.\" \/>\n<meta property=\"og:url\" content=\"https:\/\/kombinat-berlin.de\/en\/suitable-shop\/solutions-for-d2c-direct-sales\/\" \/>\n<meta property=\"og:site_name\" content=\"KOMBINAT\" \/>\n<meta property=\"article:publisher\" content=\"https:\/\/www.linkedin.com\/company\/kombinatberlin\" \/>\n<meta property=\"article:modified_time\" content=\"2025-03-19T13:56:56+00:00\" \/>\n<meta name=\"twitter:card\" content=\"summary_large_image\" \/>\n<meta name=\"twitter:label1\" content=\"Estimated reading time\" \/>\n\t<meta name=\"twitter:data1\" content=\"3 minutes\" \/>\n<script type=\"application\/ld+json\" class=\"yoast-schema-graph\">{\"@context\":\"https:\\\/\\\/schema.org\",\"@graph\":[{\"@type\":\"WebPage\",\"@id\":\"https:\\\/\\\/kombinat-berlin.de\\\/passender-shop\\\/loesungen-fuer-den-d2c-direktvertrieb\\\/\",\"url\":\"https:\\\/\\\/kombinat-berlin.de\\\/passender-shop\\\/loesungen-fuer-den-d2c-direktvertrieb\\\/\",\"name\":\"L\u00f6sungen f\u00fcr den Direktvertrieb via D2C Onlineshop\",\"isPartOf\":{\"@id\":\"https:\\\/\\\/kombinat-berlin.de\\\/#website\"},\"datePublished\":\"2024-03-07T14:31:28+00:00\",\"dateModified\":\"2025-03-19T13:56:56+00:00\",\"description\":\"Welche D2C-Strategien bringen den gr\u00f6\u00dften Erfolg und wo liegen Herausforderungen? Wir beraten dich \u00fcber D2C Systeml\u00f6sungen.\",\"breadcrumb\":{\"@id\":\"https:\\\/\\\/kombinat-berlin.de\\\/passender-shop\\\/loesungen-fuer-den-d2c-direktvertrieb\\\/#breadcrumb\"},\"inLanguage\":\"en-GB\",\"potentialAction\":[{\"@type\":\"ReadAction\",\"target\":[\"https:\\\/\\\/kombinat-berlin.de\\\/passender-shop\\\/loesungen-fuer-den-d2c-direktvertrieb\\\/\"]}]},{\"@type\":\"BreadcrumbList\",\"@id\":\"https:\\\/\\\/kombinat-berlin.de\\\/passender-shop\\\/loesungen-fuer-den-d2c-direktvertrieb\\\/#breadcrumb\",\"itemListElement\":[{\"@type\":\"ListItem\",\"position\":1,\"name\":\"Startseite\",\"item\":\"https:\\\/\\\/kombinat-berlin.de\\\/\"},{\"@type\":\"ListItem\",\"position\":2,\"name\":\"L\u00f6sungen\",\"item\":\"https:\\\/\\\/kombinat-berlin.de\\\/passender-shop\\\/\"},{\"@type\":\"ListItem\",\"position\":3,\"name\":\"D2C Direktvertrieb\"}]},{\"@type\":\"WebSite\",\"@id\":\"https:\\\/\\\/kombinat-berlin.de\\\/#website\",\"url\":\"https:\\\/\\\/kombinat-berlin.de\\\/\",\"name\":\"Kombinat\",\"description\":\"Mehr Umsatz und Wachstum durch leichtg\u00e4ngige B2B-Onlineshops f\u00fcr Hersteller und Brands.\",\"publisher\":{\"@id\":\"https:\\\/\\\/kombinat-berlin.de\\\/#organization\"},\"potentialAction\":[{\"@type\":\"SearchAction\",\"target\":{\"@type\":\"EntryPoint\",\"urlTemplate\":\"https:\\\/\\\/kombinat-berlin.de\\\/?s={search_term_string}\"},\"query-input\":{\"@type\":\"PropertyValueSpecification\",\"valueRequired\":true,\"valueName\":\"search_term_string\"}}],\"inLanguage\":\"en-GB\"},{\"@type\":\"Organization\",\"@id\":\"https:\\\/\\\/kombinat-berlin.de\\\/#organization\",\"name\":\"Kombinat GmbH\",\"url\":\"https:\\\/\\\/kombinat-berlin.de\\\/\",\"logo\":{\"@type\":\"ImageObject\",\"inLanguage\":\"en-GB\",\"@id\":\"https:\\\/\\\/kombinat-berlin.de\\\/#\\\/schema\\\/logo\\\/image\\\/\",\"url\":\"https:\\\/\\\/kombinat-berlin.de\\\/wp-content\\\/uploads\\\/2024\\\/05\\\/cropped-favicon.png\",\"contentUrl\":\"https:\\\/\\\/kombinat-berlin.de\\\/wp-content\\\/uploads\\\/2024\\\/05\\\/cropped-favicon.png\",\"width\":512,\"height\":512,\"caption\":\"Kombinat GmbH\"},\"image\":{\"@id\":\"https:\\\/\\\/kombinat-berlin.de\\\/#\\\/schema\\\/logo\\\/image\\\/\"},\"sameAs\":[\"https:\\\/\\\/www.linkedin.com\\\/company\\\/kombinatberlin\",\"https:\\\/\\\/www.instagram.com\\\/kombinatberlin\\\/\"]}]}<\/script>\n<!-- \/ Yoast SEO Premium plugin. -->","yoast_head_json":{"title":"Solutions for direct sales via the D2C online shop","description":"Which D2C strategies bring the greatest success and where are the challenges? We can advise you on D2C system solutions.","robots":{"index":"index","follow":"follow","max-snippet":"max-snippet:-1","max-image-preview":"max-image-preview:large","max-video-preview":"max-video-preview:-1"},"canonical":"https:\/\/kombinat-berlin.de\/en\/suitable-shop\/solutions-for-d2c-direct-sales\/","og_locale":"en_GB","og_type":"article","og_title":"D2C Direktvertrieb","og_description":"Welche D2C-Strategien bringen den gr\u00f6\u00dften Erfolg und wo liegen Herausforderungen? Wir beraten dich \u00fcber D2C Systeml\u00f6sungen.","og_url":"https:\/\/kombinat-berlin.de\/en\/suitable-shop\/solutions-for-d2c-direct-sales\/","og_site_name":"KOMBINAT","article_publisher":"https:\/\/www.linkedin.com\/company\/kombinatberlin","article_modified_time":"2025-03-19T13:56:56+00:00","twitter_card":"summary_large_image","twitter_misc":{"Estimated reading time":"3 minutes"},"schema":{"@context":"https:\/\/schema.org","@graph":[{"@type":"WebPage","@id":"https:\/\/kombinat-berlin.de\/passender-shop\/loesungen-fuer-den-d2c-direktvertrieb\/","url":"https:\/\/kombinat-berlin.de\/passender-shop\/loesungen-fuer-den-d2c-direktvertrieb\/","name":"Solutions for direct sales via the D2C online shop","isPartOf":{"@id":"https:\/\/kombinat-berlin.de\/#website"},"datePublished":"2024-03-07T14:31:28+00:00","dateModified":"2025-03-19T13:56:56+00:00","description":"Which D2C strategies bring the greatest success and where are the challenges? We can advise you on D2C system solutions.","breadcrumb":{"@id":"https:\/\/kombinat-berlin.de\/passender-shop\/loesungen-fuer-den-d2c-direktvertrieb\/#breadcrumb"},"inLanguage":"en-GB","potentialAction":[{"@type":"ReadAction","target":["https:\/\/kombinat-berlin.de\/passender-shop\/loesungen-fuer-den-d2c-direktvertrieb\/"]}]},{"@type":"BreadcrumbList","@id":"https:\/\/kombinat-berlin.de\/passender-shop\/loesungen-fuer-den-d2c-direktvertrieb\/#breadcrumb","itemListElement":[{"@type":"ListItem","position":1,"name":"Startseite","item":"https:\/\/kombinat-berlin.de\/"},{"@type":"ListItem","position":2,"name":"L\u00f6sungen","item":"https:\/\/kombinat-berlin.de\/passender-shop\/"},{"@type":"ListItem","position":3,"name":"D2C Direktvertrieb"}]},{"@type":"WebSite","@id":"https:\/\/kombinat-berlin.de\/#website","url":"https:\/\/kombinat-berlin.de\/","name":"KOMBINAT","description":"More sales and growth through easy-to-use B2B online shops for manufacturers and brands.","publisher":{"@id":"https:\/\/kombinat-berlin.de\/#organization"},"potentialAction":[{"@type":"SearchAction","target":{"@type":"EntryPoint","urlTemplate":"https:\/\/kombinat-berlin.de\/?s={search_term_string}"},"query-input":{"@type":"PropertyValueSpecification","valueRequired":true,"valueName":"search_term_string"}}],"inLanguage":"en-GB"},{"@type":"Organization","@id":"https:\/\/kombinat-berlin.de\/#organization","name":"Kombinat GmbH","url":"https:\/\/kombinat-berlin.de\/","logo":{"@type":"ImageObject","inLanguage":"en-GB","@id":"https:\/\/kombinat-berlin.de\/#\/schema\/logo\/image\/","url":"https:\/\/kombinat-berlin.de\/wp-content\/uploads\/2024\/05\/cropped-favicon.png","contentUrl":"https:\/\/kombinat-berlin.de\/wp-content\/uploads\/2024\/05\/cropped-favicon.png","width":512,"height":512,"caption":"Kombinat GmbH"},"image":{"@id":"https:\/\/kombinat-berlin.de\/#\/schema\/logo\/image\/"},"sameAs":["https:\/\/www.linkedin.com\/company\/kombinatberlin","https:\/\/www.instagram.com\/kombinatberlin\/"]}]}},"_links":{"self":[{"href":"https:\/\/kombinat-berlin.de\/en\/wp-json\/wp\/v2\/pages\/386","targetHints":{"allow":["GET"]}}],"collection":[{"href":"https:\/\/kombinat-berlin.de\/en\/wp-json\/wp\/v2\/pages"}],"about":[{"href":"https:\/\/kombinat-berlin.de\/en\/wp-json\/wp\/v2\/types\/page"}],"author":[{"embeddable":true,"href":"https:\/\/kombinat-berlin.de\/en\/wp-json\/wp\/v2\/users\/2"}],"replies":[{"embeddable":true,"href":"https:\/\/kombinat-berlin.de\/en\/wp-json\/wp\/v2\/comments?post=386"}],"version-history":[{"count":25,"href":"https:\/\/kombinat-berlin.de\/en\/wp-json\/wp\/v2\/pages\/386\/revisions"}],"predecessor-version":[{"id":2707,"href":"https:\/\/kombinat-berlin.de\/en\/wp-json\/wp\/v2\/pages\/386\/revisions\/2707"}],"up":[{"embeddable":true,"href":"https:\/\/kombinat-berlin.de\/en\/wp-json\/wp\/v2\/pages\/16"}],"wp:attachment":[{"href":"https:\/\/kombinat-berlin.de\/en\/wp-json\/wp\/v2\/media?parent=386"}],"curies":[{"name":"wp","href":"https:\/\/api.w.org\/{rel}","templated":true}]}}