{"id":21,"date":"2024-02-16T18:44:07","date_gmt":"2024-02-16T17:44:07","guid":{"rendered":"https:\/\/preview.kombinat-berlin.de\/?page_id=21"},"modified":"2025-03-31T13:09:14","modified_gmt":"2025-03-31T11:09:14","slug":"contact","status":"publish","type":"page","link":"https:\/\/kombinat-berlin.de\/en\/kontakt\/","title":{"rendered":"Contact us"},"content":{"rendered":"<div class=\"page-title-section-wrapper\">\n  <section class=\"page-title-section container-fluid blue   bg-pattern bg-pattern-11\">\n    <div class=\"row\"><div class=\"col-12 col-lg-8 headline-column\"><div class=\"label\"><p>Contact us<\/p>\n<\/div><h1>Get in touch with us.<\/h1><\/div><\/div><div class=\"row\"><div class=\"col-12 col-lg-8 text-column text\"><p>Do you have any questions about our solutions or would you like to present your project? You'll find the right contact person here.<\/p>\n<div class=\"link-column\"><a href=\"#terminbuchung\" target=\"_self\" class=\"button calendar icon left\">Arrange an appointment<\/a><\/div><\/div><div class=\"col-12 col-lg-4 trust-logos-column\"><span class=\"proven-expert-wrapper\"><a href=\"https:\/\/www.provenexpert.com\/kombinat\/?utm_source=Widget&#038;utm_medium=Widget&#038;utm_campaign=Widget\" target=\"_blank\" title=\"Customer reviews &amp; experiences about Kombinat. Show more info.\" rel=\"noopener noreferrer\"><img loading=\"lazy\" decoding=\"async\" width=\"135\" height=\"113\" src=\"https:\/\/kombinat-berlin.de\/wp-content\/uploads\/2024\/06\/proven-expert.jpg\" class=\"attachment-full size-full\" alt=\"View Proven-Expert reviews\" \/><\/a><\/span><span class=\"google-ratings-wrapper\"><a href=\"https:\/\/www.google.com\/search?hl=en-DE&#038;gl=de&#038;q=Kombinat+%E2%80%93+Agentur+f%C3%BCr+Informationsgestaltung,+2.+Hof+\/+Aufgang+5+\/+2.+Etage,+Urbanstra%C3%9Fe+116,+10967+Berlin&#038;ludocid=8271922702199397716&#038;lsig=AB86z5Vs-g4gtmBoCcl14xeRiKXR#lrd=0x47a84fc90bcb9829:0x72cbc5df02159d54,3\" target=\"_blank\" title=\"Customer reviews &amp; experiences about Kombinat. Show more info.\" rel=\"noopener noreferrer\"><img loading=\"lazy\" decoding=\"async\" width=\"356\" height=\"222\" src=\"https:\/\/kombinat-berlin.de\/wp-content\/uploads\/2024\/08\/google-reviews.png\" class=\"attachment-full size-full\" alt=\"View Google review\" srcset=\"https:\/\/kombinat-berlin.de\/wp-content\/uploads\/2024\/08\/google-reviews.png 356w, https:\/\/kombinat-berlin.de\/wp-content\/uploads\/2024\/08\/google-reviews-300x187.png 300w\" sizes=\"auto, (max-width: 356px) 100vw, 356px\" \/><\/a><\/span><\/div><\/div><a href=\"#kontaktoption\" target=\"_self\" class=\"button-secondary-down scroll-down-button\">Other contact options<\/a>  <\/section>\n<\/div>\n\n<section id=\"kontaktoption\"  class=\"container-fluid columns-section blue default second-color-blue\"><div class=\"row\"><div class=\"column col-12 col-md-6 sun\"><h3>Write us an email<\/h3><div class=\"text\"><p>Are you interested in a collaboration or cooperation? Write to us!<\/p>\n<a href=\"mailto:hallo@kombinat-berlin.de\" target=\"_self\" class=\"button-secondary  left\">hallo@kombinat-berlin.de<\/a><\/div><\/div><div class=\"column col-12 col-md-6 white\"><h3>Do you want to talk to us on the phone?<\/h3><div class=\"text\"><p>We are easy to reach on weekdays from 10 am to 4 pm. If we don't answer the phone, please leave us a message and your telephone number and we will call you back.<\/p>\n<a href=\"tel:+493044317514\" target=\"_self\" class=\"button-secondary  left\">Dial +49 (0)30 443 175 14<\/a><\/div><\/div><\/div><\/section>\n\n<div id=\"terminbuchung\"  class=\"iframe-wrapper\"><!-- Calendly Inline-Widget Beginn -->\r\n<div class=\"calendly-inline-widget\" data-url=\"https:\/\/calendly.com\/kombinat\/15-minuten-claudius?utm_source=website\" style=\"min-width:320px;height:700px;\"><\/div>\r\n<script type=\"text\/javascript\" src=\"https:\/\/assets.calendly.com\/assets\/external\/widget.js\" async><\/script>\r\n<!-- Calendly Inline-Widget Ende --><\/div>\n\n<div  class=\"iframe-wrapper\"> <div class=\"brlbs-cmpnt-container brlbs-cmpnt-content-blocker brlbs-cmpnt-with-individual-styles\" data-borlabs-cookie-content-blocker-id=\"google-maps\" data-borlabs-cookie-content=\"PGlmcmFtZSBzcmM9Imh0dHBzOi8vd3d3Lmdvb2dsZS5jb20vbWFwcy9lbWJlZD9wYj0hMW0xOCExbTEyITFtMyExZDI0MjkuMzYyNDE1MTYxMjE0ITJkMTMuNDE1Nzk2ODc3ODM2NTUhM2Q1Mi40OTA2Nzg5NzIwNTM0NiEybTMhMWYwITJmMCEzZjAhM20yITFpMTAyNCEyaTc2OCE0ZjEzLjEhM20zITFtMiExczB4NDdhODRmYzkwYmNiOTgyOSUzQTB4NzJjYmM1ZGYwMjE1OWQ1NCEyc0tvbWJpbmF0JTIwJUUyJTgwJTkzJTIwQWdlbnR1ciUyMGYlQzMlQkNyJTIwSW5mb3JtYXRpb25zZ2VzdGFsdHVuZyE1ZTAhM20yITFzZGUhMnNkZSE0djE3MDcxNDU2MTQzMTEhNW0yITFzZGUhMnNkZSIgaGVpZ2h0PSI0NTAiIHN0eWxlPSJib3JkZXI6MDt3aWR0aDoxMDAlOyIgYWxsb3dmdWxsc2NyZWVuPSIiIGxvYWRpbmc9ImxhenkiIHJlZmVycmVycG9saWN5PSJuby1yZWZlcnJlci13aGVuLWRvd25ncmFkZSI+PC9pZnJhbWU+\"><div class=\"brlbs-cmpnt-cb-preset-b brlbs-cmpnt-cb-google-maps\"> <div class=\"brlbs-cmpnt-cb-thumbnail\" style=\"background-image: url('https:\/\/kombinat-berlin.de\/wp-content\/uploads\/borlabs-cookie\/1\/brlbs-cb-google-maps-main.png')\"><\/div> <div class=\"brlbs-cmpnt-cb-main\"> <div class=\"brlbs-cmpnt-cb-content\"> <p class=\"brlbs-cmpnt-cb-description\">You are currently viewing a placeholder content from <strong>Google Maps<\/strong>. To access the actual content, click the button below. Please note that doing so will share data with third-party providers.<\/p> <a class=\"brlbs-cmpnt-cb-provider-toggle\" href=\"#\" data-borlabs-cookie-show-provider-information role=\"button\">More Information<\/a> <\/div> <div class=\"brlbs-cmpnt-cb-buttons\"> <a class=\"brlbs-cmpnt-cb-btn\" href=\"#\" data-borlabs-cookie-unblock role=\"button\">Unblock content<\/a> <a class=\"brlbs-cmpnt-cb-btn\" href=\"#\" data-borlabs-cookie-accept-service role=\"button\" style=\"display: inherit\">Accept required service and unblock content<\/a> <\/div> <\/div> <\/div><\/div>\r\n<style>iframe {width:100%;}<\/style><\/div>\n\n<section  class=\"image-text-section container-fluid  alt-variant sand\">\n  <div class=\"row\">\n    <div class=\"col-12 col-lg-3 image-column\"><img loading=\"lazy\" decoding=\"async\" width=\"1920\" height=\"1280\" src=\"https:\/\/kombinat-berlin.de\/wp-content\/uploads\/2024\/02\/Kombinat-B2B-Fachhaendler.jpg\" class=\"attachment-full size-full\" alt=\"Contact combine for B2B retailer portals\" srcset=\"https:\/\/kombinat-berlin.de\/wp-content\/uploads\/2024\/02\/Kombinat-B2B-Fachhaendler.jpg 1920w, https:\/\/kombinat-berlin.de\/wp-content\/uploads\/2024\/02\/Kombinat-B2B-Fachhaendler-300x200.jpg 300w, https:\/\/kombinat-berlin.de\/wp-content\/uploads\/2024\/02\/Kombinat-B2B-Fachhaendler-1024x683.jpg 1024w, https:\/\/kombinat-berlin.de\/wp-content\/uploads\/2024\/02\/Kombinat-B2B-Fachhaendler-768x512.jpg 768w, https:\/\/kombinat-berlin.de\/wp-content\/uploads\/2024\/02\/Kombinat-B2B-Fachhaendler-1536x1024.jpg 1536w\" sizes=\"auto, (max-width: 1920px) 100vw, 1920px\" \/><\/div><div class=\"col-12 col-lg-9 text-column\"><h2>Strong through partnerships<\/h2><div class=\"text\"><p>We are always happy to work together with other specialists. We can achieve a lot together. Make an initial appointment where you can describe your project and find out how we approach it. We look forward to getting to know you!<\/p>\n<a href=\"#terminbuchung\" target=\"_self\" class=\"button calendar icon left\">Let's have a chat<\/a><\/div><\/div>  <\/div>\n<\/section>","protected":false},"excerpt":{"rendered":"","protected":false},"author":2,"featured_media":0,"parent":0,"menu_order":0,"comment_status":"closed","ping_status":"closed","template":"","meta":{"_acf_changed":false,"footnotes":""},"class_list":["post-21","page","type-page","status-publish","hentry"],"acf":[],"yoast_head":"<!-- This site is optimized with the Yoast SEO Premium plugin v27.1 (Yoast SEO v27.1.1) - https:\/\/yoast.com\/product\/yoast-seo-premium-wordpress\/ -->\n<title>Kombinat einfach kontaktieren<\/title>\n<meta name=\"description\" content=\"Du kannst uns \u00fcber verschiedene Weisen einfach erreichen. F\u00fcr ein unverbindliches Beratungsgespr\u00e4ch buche dir hier einen kostenlosen Termin.\" \/>\n<meta name=\"robots\" content=\"index, follow, max-snippet:-1, max-image-preview:large, max-video-preview:-1\" \/>\n<link rel=\"canonical\" href=\"https:\/\/kombinat-berlin.de\/en\/contact\/\" \/>\n<meta property=\"og:locale\" content=\"en_GB\" \/>\n<meta property=\"og:type\" content=\"article\" \/>\n<meta property=\"og:title\" content=\"Kontakt\" \/>\n<meta property=\"og:description\" content=\"Du kannst uns \u00fcber verschiedene Weisen einfach erreichen. F\u00fcr ein unverbindliches Beratungsgespr\u00e4ch buche dir hier einen kostenlosen Termin.\" \/>\n<meta property=\"og:url\" content=\"https:\/\/kombinat-berlin.de\/en\/contact\/\" \/>\n<meta property=\"og:site_name\" content=\"KOMBINAT\" \/>\n<meta property=\"article:publisher\" content=\"https:\/\/www.linkedin.com\/company\/kombinatberlin\" \/>\n<meta property=\"article:modified_time\" content=\"2025-03-31T11:09:14+00:00\" \/>\n<meta name=\"twitter:card\" content=\"summary_large_image\" \/>\n<meta name=\"twitter:label1\" content=\"Estimated reading time\" \/>\n\t<meta name=\"twitter:data1\" content=\"1 minute\" \/>\n<script type=\"application\/ld+json\" class=\"yoast-schema-graph\">{\"@context\":\"https:\/\/schema.org\",\"@graph\":[{\"@type\":\"WebPage\",\"@id\":\"https:\/\/kombinat-berlin.de\/kontakt\/\",\"url\":\"https:\/\/kombinat-berlin.de\/kontakt\/\",\"name\":\"Kombinat einfach kontaktieren\",\"isPartOf\":{\"@id\":\"https:\/\/kombinat-berlin.de\/#website\"},\"datePublished\":\"2024-02-16T17:44:07+00:00\",\"dateModified\":\"2025-03-31T11:09:14+00:00\",\"description\":\"Du kannst uns \u00fcber verschiedene Weisen einfach erreichen. F\u00fcr ein unverbindliches Beratungsgespr\u00e4ch buche dir hier einen kostenlosen Termin.\",\"breadcrumb\":{\"@id\":\"https:\/\/kombinat-berlin.de\/kontakt\/#breadcrumb\"},\"inLanguage\":\"en-GB\",\"potentialAction\":[{\"@type\":\"ReadAction\",\"target\":[\"https:\/\/kombinat-berlin.de\/kontakt\/\"]}]},{\"@type\":\"BreadcrumbList\",\"@id\":\"https:\/\/kombinat-berlin.de\/kontakt\/#breadcrumb\",\"itemListElement\":[{\"@type\":\"ListItem\",\"position\":1,\"name\":\"Startseite\",\"item\":\"https:\/\/kombinat-berlin.de\/\"},{\"@type\":\"ListItem\",\"position\":2,\"name\":\"Kontakt\"}]},{\"@type\":\"WebSite\",\"@id\":\"https:\/\/kombinat-berlin.de\/#website\",\"url\":\"https:\/\/kombinat-berlin.de\/\",\"name\":\"Kombinat\",\"description\":\"Mehr Umsatz und Wachstum durch leichtg\u00e4ngige B2B-Onlineshops f\u00fcr Hersteller und Brands.\",\"publisher\":{\"@id\":\"https:\/\/kombinat-berlin.de\/#organization\"},\"potentialAction\":[{\"@type\":\"SearchAction\",\"target\":{\"@type\":\"EntryPoint\",\"urlTemplate\":\"https:\/\/kombinat-berlin.de\/?s={search_term_string}\"},\"query-input\":{\"@type\":\"PropertyValueSpecification\",\"valueRequired\":true,\"valueName\":\"search_term_string\"}}],\"inLanguage\":\"en-GB\"},{\"@type\":\"Organization\",\"@id\":\"https:\/\/kombinat-berlin.de\/#organization\",\"name\":\"Kombinat GmbH\",\"url\":\"https:\/\/kombinat-berlin.de\/\",\"logo\":{\"@type\":\"ImageObject\",\"inLanguage\":\"en-GB\",\"@id\":\"https:\/\/kombinat-berlin.de\/#\/schema\/logo\/image\/\",\"url\":\"https:\/\/kombinat-berlin.de\/wp-content\/uploads\/2024\/05\/cropped-favicon.png\",\"contentUrl\":\"https:\/\/kombinat-berlin.de\/wp-content\/uploads\/2024\/05\/cropped-favicon.png\",\"width\":512,\"height\":512,\"caption\":\"Kombinat GmbH\"},\"image\":{\"@id\":\"https:\/\/kombinat-berlin.de\/#\/schema\/logo\/image\/\"},\"sameAs\":[\"https:\/\/www.linkedin.com\/company\/kombinatberlin\",\"https:\/\/www.instagram.com\/kombinatberlin\/\"]}]}<\/script>\n<!-- \/ Yoast SEO Premium plugin. -->","yoast_head_json":{"title":"Simply contact Kombinat","description":"You can easily reach us in various ways. Book a free appointment for a no-obligation consultation here.","robots":{"index":"index","follow":"follow","max-snippet":"max-snippet:-1","max-image-preview":"max-image-preview:large","max-video-preview":"max-video-preview:-1"},"canonical":"https:\/\/kombinat-berlin.de\/en\/contact\/","og_locale":"en_GB","og_type":"article","og_title":"Kontakt","og_description":"Du kannst uns \u00fcber verschiedene Weisen einfach erreichen. F\u00fcr ein unverbindliches Beratungsgespr\u00e4ch buche dir hier einen kostenlosen Termin.","og_url":"https:\/\/kombinat-berlin.de\/en\/contact\/","og_site_name":"KOMBINAT","article_publisher":"https:\/\/www.linkedin.com\/company\/kombinatberlin","article_modified_time":"2025-03-31T11:09:14+00:00","twitter_card":"summary_large_image","twitter_misc":{"Estimated reading time":"1 minute"},"schema":{"@context":"https:\/\/schema.org","@graph":[{"@type":"WebPage","@id":"https:\/\/kombinat-berlin.de\/kontakt\/","url":"https:\/\/kombinat-berlin.de\/kontakt\/","name":"Simply contact Kombinat","isPartOf":{"@id":"https:\/\/kombinat-berlin.de\/#website"},"datePublished":"2024-02-16T17:44:07+00:00","dateModified":"2025-03-31T11:09:14+00:00","description":"You can easily reach us in various ways. Book a free appointment for a no-obligation consultation here.","breadcrumb":{"@id":"https:\/\/kombinat-berlin.de\/kontakt\/#breadcrumb"},"inLanguage":"en-GB","potentialAction":[{"@type":"ReadAction","target":["https:\/\/kombinat-berlin.de\/kontakt\/"]}]},{"@type":"BreadcrumbList","@id":"https:\/\/kombinat-berlin.de\/kontakt\/#breadcrumb","itemListElement":[{"@type":"ListItem","position":1,"name":"Startseite","item":"https:\/\/kombinat-berlin.de\/"},{"@type":"ListItem","position":2,"name":"Kontakt"}]},{"@type":"WebSite","@id":"https:\/\/kombinat-berlin.de\/#website","url":"https:\/\/kombinat-berlin.de\/","name":"KOMBINAT","description":"More sales and growth through easy-to-use B2B online shops for manufacturers and brands.","publisher":{"@id":"https:\/\/kombinat-berlin.de\/#organization"},"potentialAction":[{"@type":"SearchAction","target":{"@type":"EntryPoint","urlTemplate":"https:\/\/kombinat-berlin.de\/?s={search_term_string}"},"query-input":{"@type":"PropertyValueSpecification","valueRequired":true,"valueName":"search_term_string"}}],"inLanguage":"en-GB"},{"@type":"Organization","@id":"https:\/\/kombinat-berlin.de\/#organization","name":"Kombinat GmbH","url":"https:\/\/kombinat-berlin.de\/","logo":{"@type":"ImageObject","inLanguage":"en-GB","@id":"https:\/\/kombinat-berlin.de\/#\/schema\/logo\/image\/","url":"https:\/\/kombinat-berlin.de\/wp-content\/uploads\/2024\/05\/cropped-favicon.png","contentUrl":"https:\/\/kombinat-berlin.de\/wp-content\/uploads\/2024\/05\/cropped-favicon.png","width":512,"height":512,"caption":"Kombinat GmbH"},"image":{"@id":"https:\/\/kombinat-berlin.de\/#\/schema\/logo\/image\/"},"sameAs":["https:\/\/www.linkedin.com\/company\/kombinatberlin","https:\/\/www.instagram.com\/kombinatberlin\/"]}]}},"_links":{"self":[{"href":"https:\/\/kombinat-berlin.de\/en\/wp-json\/wp\/v2\/pages\/21","targetHints":{"allow":["GET"]}}],"collection":[{"href":"https:\/\/kombinat-berlin.de\/en\/wp-json\/wp\/v2\/pages"}],"about":[{"href":"https:\/\/kombinat-berlin.de\/en\/wp-json\/wp\/v2\/types\/page"}],"author":[{"embeddable":true,"href":"https:\/\/kombinat-berlin.de\/en\/wp-json\/wp\/v2\/users\/2"}],"replies":[{"embeddable":true,"href":"https:\/\/kombinat-berlin.de\/en\/wp-json\/wp\/v2\/comments?post=21"}],"version-history":[{"count":43,"href":"https:\/\/kombinat-berlin.de\/en\/wp-json\/wp\/v2\/pages\/21\/revisions"}],"predecessor-version":[{"id":2725,"href":"https:\/\/kombinat-berlin.de\/en\/wp-json\/wp\/v2\/pages\/21\/revisions\/2725"}],"wp:attachment":[{"href":"https:\/\/kombinat-berlin.de\/en\/wp-json\/wp\/v2\/media?parent=21"}],"curies":[{"name":"wp","href":"https:\/\/api.w.org\/{rel}","templated":true}]}}