{"id":2081,"date":"2024-11-12T13:50:44","date_gmt":"2024-11-12T12:50:44","guid":{"rendered":"https:\/\/kombinat-berlin.de\/?page_id=2081"},"modified":"2025-07-22T13:03:51","modified_gmt":"2025-07-22T11:03:51","slug":"fish-house","status":"publish","type":"page","link":"https:\/\/kombinat-berlin.de\/en\/case-studies\/fischhaus\/","title":{"rendered":"Fish house"},"content":{"rendered":"<div class=\"page-title-section-wrapper\">\n  <section class=\"page-title-section container-fluid blue   bg-pattern default\">\n    <div class=\"row\"><div class=\"col-12 col-lg-8 headline-column\"><div class=\"label\"><p><span>B2C<\/span> <span>E-Commerce<\/span><\/p>\n<\/div><h1>Fish house Glubigsee<\/h1><\/div><\/div><div class=\"row\"><div class=\"col-12 col-lg-8 text-column text\"><p>In addition to the hotel and restaurant, Fischhaus Glubigsee offers its guests fish specialities in its delicatessen snack bar. These can now be ordered and paid for in advance via a simple purchase in the shop. The new Shopify website simplifies administration and also provides scope for future expansion.<\/p>\n<\/div><\/div><a href=\"#main\" target=\"_self\" class=\"button-secondary-down scroll-down-button\">View details<\/a>  <\/section>\n<\/div>\n\n<section class=\"container-fluid full-image image-contain\" style=\"background-color: #b6ad84 !important;\"><div class=\"row\"><div class=\"col-12\"><img loading=\"lazy\" decoding=\"async\" width=\"1920\" height=\"1080\" src=\"https:\/\/kombinat-berlin.de\/wp-content\/uploads\/2024\/09\/b2c-ecommerce-fischhaus-glubigensee-hotel-kombinat-shopify-case.jpg\" class=\"attachment-full size-full\" alt=\"Fischhaus Glubigsee Hotel Shopify CMS Case\" srcset=\"https:\/\/kombinat-berlin.de\/wp-content\/uploads\/2024\/09\/b2c-ecommerce-fischhaus-glubigensee-hotel-kombinat-shopify-case.jpg 1920w, https:\/\/kombinat-berlin.de\/wp-content\/uploads\/2024\/09\/b2c-ecommerce-fischhaus-glubigensee-hotel-kombinat-shopify-case-300x169.jpg 300w, https:\/\/kombinat-berlin.de\/wp-content\/uploads\/2024\/09\/b2c-ecommerce-fischhaus-glubigensee-hotel-kombinat-shopify-case-1024x576.jpg 1024w, https:\/\/kombinat-berlin.de\/wp-content\/uploads\/2024\/09\/b2c-ecommerce-fischhaus-glubigensee-hotel-kombinat-shopify-case-768x432.jpg 768w, https:\/\/kombinat-berlin.de\/wp-content\/uploads\/2024\/09\/b2c-ecommerce-fischhaus-glubigensee-hotel-kombinat-shopify-case-1536x864.jpg 1536w\" sizes=\"auto, (max-width: 1920px) 100vw, 1920px\" \/><\/div><\/div><\/section>\n\n<section id=\"main\"  class=\"text-section container-fluid sky-a default\">\n  <div class=\"row\">\n    <div class=\"col-12 col-lg-8 offset-lg-2\">\n      <h2>The challenge<\/h2><div class=\"text\"><p>Fischhaus Glubigsee needed a modern website that not only captures the beauty of the location, but also provides practical functions such as pre-ordering fish specialities. The main focus was on CMS functions to easily update content such as menus or seasonal offers. However, sales and booking functions were also to be integrated. Of particular importance was the integration of a room reservation system and a small shop for pre-ordering fish sandwiches, including pick-up times - a function that makes it easier for day guests such as cyclists and canoeists to plan their breaks.<\/p>\n<p>As the budget was manageable and the implementation was to take place within a few weeks, a simple solution was sought that combined various shop and booking solutions. It was also important that the system interface should be as simple and intuitive as possible for the team on site.<\/p>\n<a href=\"https:\/\/fischhaus-glubigsee.de\/\" target=\"_blank\" class=\"button-secondary  left\">Fish house Glubigsee<\/a><\/div>    <\/div>\n  <\/div>\n<\/section>\n\n<section class=\"container-fluid full-image image-contain\" style=\"background-color: #43625c !important;\"><div class=\"row\"><div class=\"col-12\"><img loading=\"lazy\" decoding=\"async\" width=\"1920\" height=\"1092\" src=\"https:\/\/kombinat-berlin.de\/wp-content\/uploads\/2024\/09\/b2c-ecommerce-fischhaus-glubigensee-kombinat-shopify-case.jpg\" class=\"attachment-full size-full\" alt=\"Fischhaus Glubigsee Hotel Shopify Case\" srcset=\"https:\/\/kombinat-berlin.de\/wp-content\/uploads\/2024\/09\/b2c-ecommerce-fischhaus-glubigensee-kombinat-shopify-case.jpg 1920w, https:\/\/kombinat-berlin.de\/wp-content\/uploads\/2024\/09\/b2c-ecommerce-fischhaus-glubigensee-kombinat-shopify-case-300x171.jpg 300w, https:\/\/kombinat-berlin.de\/wp-content\/uploads\/2024\/09\/b2c-ecommerce-fischhaus-glubigensee-kombinat-shopify-case-1024x582.jpg 1024w, https:\/\/kombinat-berlin.de\/wp-content\/uploads\/2024\/09\/b2c-ecommerce-fischhaus-glubigensee-kombinat-shopify-case-768x437.jpg 768w, https:\/\/kombinat-berlin.de\/wp-content\/uploads\/2024\/09\/b2c-ecommerce-fischhaus-glubigensee-kombinat-shopify-case-1536x874.jpg 1536w\" sizes=\"auto, (max-width: 1920px) 100vw, 1920px\" \/><\/div><\/div><\/section>\n\n<section id=\"main\"  class=\"text-section container-fluid sky-a default\">\n  <div class=\"row\">\n    <div class=\"col-12 col-lg-8 offset-lg-2\">\n      <h2>The solution<\/h2><div class=\"text\"><p>After careful consideration, Shopify was chosen. Shopify not only offers a sufficient CMS environment for the requirements, but also the advantage of an integrated shop with which pre-orders and flexible pick-up times can be realised. Shopify greatly simplifies the administration of the website, as the system is very user-friendly.<\/p>\n<p>Room reservations are made via an external system for the hotel industry that harmonises with Shopify. This solution separates the hotel and booking area from the actual shop system, which makes it very easy to use, especially for the team on site.<\/p>\n<\/div>    <\/div>\n  <\/div>\n<\/section>\n\n<section  class=\"container-fluid text-slider-section blue\">\n  <div class=\"row\"><div class=\"col-10 offset-1 col-lg-10 offset-lg-1 headline\"><h2>This is what the customer says about our cooperation: <\/h2><\/div><\/div><div class=\"row\"><div class=\"col-10 offset-1 col-lg-8 offset-lg-2\"><div class=\"text-slider js-text-slider\"><div class=\"text-slide\"><div class=\"text\"><p>&#8222;Kombinat hat unsere Anforderungen genau verstanden und uns Shopify als die perfekte L\u00f6sung f\u00fcr unsere neue Webpr\u00e4senz und unser Shopsystem vorgeschlagen. Es passt super zu unseren Bed\u00fcrfnissen, da es eine benutzerfreundliche Oberfl\u00e4che bietet, mit der wir unsere leckeren Fischbr\u00f6tchen optimal pr\u00e4sentieren k\u00f6nnen. Besonders beeindruckt sind wir davon, wie einfach es jetzt ist, den Verkauf sowie die Abholungen vor Ort genau zu planen. Danke an das ganze Team f\u00fcr diese gro\u00dfartige Unterst\u00fctzung!&#8220;<\/p>\n<p class=\"author\">Managing Director Fischhaus Glubigsee, Christoph Nuppenau<\/p><\/div><\/div><\/div><\/div><\/div><\/section>\n\n<section class=\"container-fluid full-image image-contain\" style=\"background-color: #7b9685 !important;\"><div class=\"row\"><div class=\"col-12\"><img loading=\"lazy\" decoding=\"async\" width=\"1920\" height=\"1102\" src=\"https:\/\/kombinat-berlin.de\/wp-content\/uploads\/2024\/09\/b2c-ecommerce-fischhaus-glubigensee-fischbroetchen.jpg\" class=\"attachment-full size-full\" alt=\"Fischhaus Glubigensee\" srcset=\"https:\/\/kombinat-berlin.de\/wp-content\/uploads\/2024\/09\/b2c-ecommerce-fischhaus-glubigensee-fischbroetchen.jpg 1920w, https:\/\/kombinat-berlin.de\/wp-content\/uploads\/2024\/09\/b2c-ecommerce-fischhaus-glubigensee-fischbroetchen-300x172.jpg 300w, https:\/\/kombinat-berlin.de\/wp-content\/uploads\/2024\/09\/b2c-ecommerce-fischhaus-glubigensee-fischbroetchen-1024x588.jpg 1024w, https:\/\/kombinat-berlin.de\/wp-content\/uploads\/2024\/09\/b2c-ecommerce-fischhaus-glubigensee-fischbroetchen-768x441.jpg 768w, https:\/\/kombinat-berlin.de\/wp-content\/uploads\/2024\/09\/b2c-ecommerce-fischhaus-glubigensee-fischbroetchen-1536x882.jpg 1536w\" sizes=\"auto, (max-width: 1920px) 100vw, 1920px\" \/><\/div><\/div><\/section>\n\n<section id=\"main\"  class=\"text-section container-fluid sky-a default\">\n  <div class=\"row\">\n    <div class=\"col-12 col-lg-8 offset-lg-2\">\n      <h2>The benefit<\/h2><div class=\"text\"><p>Thanks to Shopify and our training, the team can now quickly and easily add new content, such as seasonal offers or new landing pages, and draw attention to current events. Above all, the day guests benefit: they can pre-order fish sandwiches and specify their pick-up time - making it easy to plan breaks during cycling or canoeing tours.<\/p>\n<p>Fischhaus Glubigsee itself was able to launch a user-friendly website within a very short space of time. The hotel and restaurant are skilfully presented and can be advertised. Thanks to the fast implementation with Shopify, the project budget could be optimally utilised. The integration of a professional hotel management system (PMS) noticeably simplified processes for guests and operators alike.<\/p>\n<\/div>    <\/div>\n  <\/div>\n<\/section>\n\n\n\n<section  class=\"image-text-section container-fluid flip-column-order alt-variant sun\">\n  <div class=\"row\">\n    <div class=\"col-12 col-lg-3 image-column\"><img loading=\"lazy\" decoding=\"async\" width=\"600\" height=\"600\" src=\"https:\/\/kombinat-berlin.de\/wp-content\/uploads\/2024\/02\/Kombinat-K.webp\" class=\"attachment-full size-full\" alt=\"K for combine\" srcset=\"https:\/\/kombinat-berlin.de\/wp-content\/uploads\/2024\/02\/Kombinat-K.webp 600w, https:\/\/kombinat-berlin.de\/wp-content\/uploads\/2024\/02\/Kombinat-K-300x300.webp 300w, https:\/\/kombinat-berlin.de\/wp-content\/uploads\/2024\/02\/Kombinat-K-150x150.webp 150w\" sizes=\"auto, (max-width: 600px) 100vw, 600px\" \/><\/div><div class=\"col-12 col-lg-9 text-column\"><h2>Do you have a similar project?<\/h2><div class=\"text\"><p>We would be happy to tell you more about the project and answer your questions. Get in touch with us!<\/p>\n<a href=\"https:\/\/kombinat-berlin.de\/en\/contact\/#terminbuchung\" target=\"_self\" class=\"button calendar icon left\">Discuss project now<\/a><\/div><\/div>  <\/div>\n<\/section>","protected":false},"excerpt":{"rendered":"<p>Fish house - Shopify <\/p>","protected":false},"author":2,"featured_media":2168,"parent":28,"menu_order":0,"comment_status":"closed","ping_status":"closed","template":"","meta":{"_acf_changed":false,"footnotes":""},"class_list":["post-2081","page","type-page","status-publish","has-post-thumbnail","hentry"],"acf":[],"yoast_head":"<!-- This site is optimized with the Yoast SEO Premium plugin v27.3 (Yoast SEO v27.3) - https:\/\/yoast.com\/product\/yoast-seo-premium-wordpress\/ -->\n<title>CMS und B2C Shopify-Shop \u2013 Case Study: Fischhaus Glubigsee<\/title>\n<meta name=\"description\" content=\"CMS und Shop in einer Website. Fischspezialit\u00e4ten aus dem hauseigenen Imbiss k\u00f6nnen nun \u00fcber den Shopify-Shop vorbestellt und bezahlt werden.\" \/>\n<meta name=\"robots\" content=\"index, follow, max-snippet:-1, max-image-preview:large, max-video-preview:-1\" \/>\n<link rel=\"canonical\" href=\"https:\/\/kombinat-berlin.de\/en\/case-studies\/fish-house\/\" \/>\n<meta property=\"og:locale\" content=\"en_GB\" \/>\n<meta property=\"og:type\" content=\"article\" \/>\n<meta property=\"og:title\" content=\"Fischhaus\" \/>\n<meta property=\"og:description\" content=\"CMS und Shop in einer Website. Fischspezialit\u00e4ten aus dem hauseigenen Imbiss k\u00f6nnen nun \u00fcber den Shopify-Shop vorbestellt und bezahlt werden.\" \/>\n<meta property=\"og:url\" content=\"https:\/\/kombinat-berlin.de\/en\/case-studies\/fish-house\/\" \/>\n<meta property=\"og:site_name\" content=\"KOMBINAT\" \/>\n<meta property=\"article:publisher\" content=\"https:\/\/www.linkedin.com\/company\/kombinatberlin\" \/>\n<meta property=\"article:modified_time\" content=\"2025-07-22T11:03:51+00:00\" \/>\n<meta property=\"og:image\" content=\"https:\/\/kombinat-berlin.de\/wp-content\/uploads\/2024\/11\/fischhaus-glubigsee-shopify-kb-case-overview.jpg\" \/>\n\t<meta property=\"og:image:width\" content=\"400\" \/>\n\t<meta property=\"og:image:height\" content=\"400\" \/>\n\t<meta property=\"og:image:type\" content=\"image\/jpeg\" \/>\n<meta name=\"twitter:card\" content=\"summary_large_image\" \/>\n<meta name=\"twitter:label1\" content=\"Estimated reading time\" \/>\n\t<meta name=\"twitter:data1\" content=\"4 minutes\" \/>\n<script type=\"application\/ld+json\" class=\"yoast-schema-graph\">{\"@context\":\"https:\\\/\\\/schema.org\",\"@graph\":[{\"@type\":\"WebPage\",\"@id\":\"https:\\\/\\\/kombinat-berlin.de\\\/case-studies\\\/fischhaus\\\/\",\"url\":\"https:\\\/\\\/kombinat-berlin.de\\\/case-studies\\\/fischhaus\\\/\",\"name\":\"CMS und B2C Shopify-Shop \u2013 Case Study: Fischhaus Glubigsee\",\"isPartOf\":{\"@id\":\"https:\\\/\\\/kombinat-berlin.de\\\/#website\"},\"primaryImageOfPage\":{\"@id\":\"https:\\\/\\\/kombinat-berlin.de\\\/case-studies\\\/fischhaus\\\/#primaryimage\"},\"image\":{\"@id\":\"https:\\\/\\\/kombinat-berlin.de\\\/case-studies\\\/fischhaus\\\/#primaryimage\"},\"thumbnailUrl\":\"https:\\\/\\\/kombinat-berlin.de\\\/wp-content\\\/uploads\\\/2024\\\/11\\\/fischhaus-glubigsee-shopify-kb-case-overview.jpg\",\"datePublished\":\"2024-11-12T12:50:44+00:00\",\"dateModified\":\"2025-07-22T11:03:51+00:00\",\"description\":\"CMS und Shop in einer Website. Fischspezialit\u00e4ten aus dem hauseigenen Imbiss k\u00f6nnen nun \u00fcber den Shopify-Shop vorbestellt und bezahlt werden.\",\"breadcrumb\":{\"@id\":\"https:\\\/\\\/kombinat-berlin.de\\\/case-studies\\\/fischhaus\\\/#breadcrumb\"},\"inLanguage\":\"en-GB\",\"potentialAction\":[{\"@type\":\"ReadAction\",\"target\":[\"https:\\\/\\\/kombinat-berlin.de\\\/case-studies\\\/fischhaus\\\/\"]}]},{\"@type\":\"ImageObject\",\"inLanguage\":\"en-GB\",\"@id\":\"https:\\\/\\\/kombinat-berlin.de\\\/case-studies\\\/fischhaus\\\/#primaryimage\",\"url\":\"https:\\\/\\\/kombinat-berlin.de\\\/wp-content\\\/uploads\\\/2024\\\/11\\\/fischhaus-glubigsee-shopify-kb-case-overview.jpg\",\"contentUrl\":\"https:\\\/\\\/kombinat-berlin.de\\\/wp-content\\\/uploads\\\/2024\\\/11\\\/fischhaus-glubigsee-shopify-kb-case-overview.jpg\",\"width\":400,\"height\":400,\"caption\":\"Fischhaus Glubigsee Imbiss Vorbestellung Shopif\"},{\"@type\":\"BreadcrumbList\",\"@id\":\"https:\\\/\\\/kombinat-berlin.de\\\/case-studies\\\/fischhaus\\\/#breadcrumb\",\"itemListElement\":[{\"@type\":\"ListItem\",\"position\":1,\"name\":\"Startseite\",\"item\":\"https:\\\/\\\/kombinat-berlin.de\\\/\"},{\"@type\":\"ListItem\",\"position\":2,\"name\":\"Case Studies\",\"item\":\"https:\\\/\\\/kombinat-berlin.de\\\/case-studies\\\/\"},{\"@type\":\"ListItem\",\"position\":3,\"name\":\"Fischhaus\"}]},{\"@type\":\"WebSite\",\"@id\":\"https:\\\/\\\/kombinat-berlin.de\\\/#website\",\"url\":\"https:\\\/\\\/kombinat-berlin.de\\\/\",\"name\":\"Kombinat\",\"description\":\"Mehr Umsatz und Wachstum durch leichtg\u00e4ngige B2B-Onlineshops f\u00fcr Hersteller und Brands.\",\"publisher\":{\"@id\":\"https:\\\/\\\/kombinat-berlin.de\\\/#organization\"},\"potentialAction\":[{\"@type\":\"SearchAction\",\"target\":{\"@type\":\"EntryPoint\",\"urlTemplate\":\"https:\\\/\\\/kombinat-berlin.de\\\/?s={search_term_string}\"},\"query-input\":{\"@type\":\"PropertyValueSpecification\",\"valueRequired\":true,\"valueName\":\"search_term_string\"}}],\"inLanguage\":\"en-GB\"},{\"@type\":\"Organization\",\"@id\":\"https:\\\/\\\/kombinat-berlin.de\\\/#organization\",\"name\":\"Kombinat GmbH\",\"url\":\"https:\\\/\\\/kombinat-berlin.de\\\/\",\"logo\":{\"@type\":\"ImageObject\",\"inLanguage\":\"en-GB\",\"@id\":\"https:\\\/\\\/kombinat-berlin.de\\\/#\\\/schema\\\/logo\\\/image\\\/\",\"url\":\"https:\\\/\\\/kombinat-berlin.de\\\/wp-content\\\/uploads\\\/2024\\\/05\\\/cropped-favicon.png\",\"contentUrl\":\"https:\\\/\\\/kombinat-berlin.de\\\/wp-content\\\/uploads\\\/2024\\\/05\\\/cropped-favicon.png\",\"width\":512,\"height\":512,\"caption\":\"Kombinat GmbH\"},\"image\":{\"@id\":\"https:\\\/\\\/kombinat-berlin.de\\\/#\\\/schema\\\/logo\\\/image\\\/\"},\"sameAs\":[\"https:\\\/\\\/www.linkedin.com\\\/company\\\/kombinatberlin\",\"https:\\\/\\\/www.instagram.com\\\/kombinatberlin\\\/\"]}]}<\/script>\n<!-- \/ Yoast SEO Premium plugin. -->","yoast_head_json":{"title":"CMS and B2C Shopify shop - Case Study: Fischhaus Glubigsee","description":"CMS and shop in one website. Fish specialities from the in-house snack bar can now be pre-ordered and paid for via the Shopify shop.","robots":{"index":"index","follow":"follow","max-snippet":"max-snippet:-1","max-image-preview":"max-image-preview:large","max-video-preview":"max-video-preview:-1"},"canonical":"https:\/\/kombinat-berlin.de\/en\/case-studies\/fish-house\/","og_locale":"en_GB","og_type":"article","og_title":"Fischhaus","og_description":"CMS und Shop in einer Website. Fischspezialit\u00e4ten aus dem hauseigenen Imbiss k\u00f6nnen nun \u00fcber den Shopify-Shop vorbestellt und bezahlt werden.","og_url":"https:\/\/kombinat-berlin.de\/en\/case-studies\/fish-house\/","og_site_name":"KOMBINAT","article_publisher":"https:\/\/www.linkedin.com\/company\/kombinatberlin","article_modified_time":"2025-07-22T11:03:51+00:00","og_image":[{"width":400,"height":400,"url":"https:\/\/kombinat-berlin.de\/wp-content\/uploads\/2024\/11\/fischhaus-glubigsee-shopify-kb-case-overview.jpg","type":"image\/jpeg"}],"twitter_card":"summary_large_image","twitter_misc":{"Estimated reading time":"4 minutes"},"schema":{"@context":"https:\/\/schema.org","@graph":[{"@type":"WebPage","@id":"https:\/\/kombinat-berlin.de\/case-studies\/fischhaus\/","url":"https:\/\/kombinat-berlin.de\/case-studies\/fischhaus\/","name":"CMS and B2C Shopify shop - Case Study: Fischhaus Glubigsee","isPartOf":{"@id":"https:\/\/kombinat-berlin.de\/#website"},"primaryImageOfPage":{"@id":"https:\/\/kombinat-berlin.de\/case-studies\/fischhaus\/#primaryimage"},"image":{"@id":"https:\/\/kombinat-berlin.de\/case-studies\/fischhaus\/#primaryimage"},"thumbnailUrl":"https:\/\/kombinat-berlin.de\/wp-content\/uploads\/2024\/11\/fischhaus-glubigsee-shopify-kb-case-overview.jpg","datePublished":"2024-11-12T12:50:44+00:00","dateModified":"2025-07-22T11:03:51+00:00","description":"CMS and shop in one website. Fish specialities from the in-house snack bar can now be pre-ordered and paid for via the Shopify shop.","breadcrumb":{"@id":"https:\/\/kombinat-berlin.de\/case-studies\/fischhaus\/#breadcrumb"},"inLanguage":"en-GB","potentialAction":[{"@type":"ReadAction","target":["https:\/\/kombinat-berlin.de\/case-studies\/fischhaus\/"]}]},{"@type":"ImageObject","inLanguage":"en-GB","@id":"https:\/\/kombinat-berlin.de\/case-studies\/fischhaus\/#primaryimage","url":"https:\/\/kombinat-berlin.de\/wp-content\/uploads\/2024\/11\/fischhaus-glubigsee-shopify-kb-case-overview.jpg","contentUrl":"https:\/\/kombinat-berlin.de\/wp-content\/uploads\/2024\/11\/fischhaus-glubigsee-shopify-kb-case-overview.jpg","width":400,"height":400,"caption":"Fischhaus Glubigsee Imbiss Vorbestellung Shopif"},{"@type":"BreadcrumbList","@id":"https:\/\/kombinat-berlin.de\/case-studies\/fischhaus\/#breadcrumb","itemListElement":[{"@type":"ListItem","position":1,"name":"Startseite","item":"https:\/\/kombinat-berlin.de\/"},{"@type":"ListItem","position":2,"name":"Case Studies","item":"https:\/\/kombinat-berlin.de\/case-studies\/"},{"@type":"ListItem","position":3,"name":"Fischhaus"}]},{"@type":"WebSite","@id":"https:\/\/kombinat-berlin.de\/#website","url":"https:\/\/kombinat-berlin.de\/","name":"KOMBINAT","description":"More sales and growth through easy-to-use B2B online shops for manufacturers and brands.","publisher":{"@id":"https:\/\/kombinat-berlin.de\/#organization"},"potentialAction":[{"@type":"SearchAction","target":{"@type":"EntryPoint","urlTemplate":"https:\/\/kombinat-berlin.de\/?s={search_term_string}"},"query-input":{"@type":"PropertyValueSpecification","valueRequired":true,"valueName":"search_term_string"}}],"inLanguage":"en-GB"},{"@type":"Organization","@id":"https:\/\/kombinat-berlin.de\/#organization","name":"Kombinat GmbH","url":"https:\/\/kombinat-berlin.de\/","logo":{"@type":"ImageObject","inLanguage":"en-GB","@id":"https:\/\/kombinat-berlin.de\/#\/schema\/logo\/image\/","url":"https:\/\/kombinat-berlin.de\/wp-content\/uploads\/2024\/05\/cropped-favicon.png","contentUrl":"https:\/\/kombinat-berlin.de\/wp-content\/uploads\/2024\/05\/cropped-favicon.png","width":512,"height":512,"caption":"Kombinat GmbH"},"image":{"@id":"https:\/\/kombinat-berlin.de\/#\/schema\/logo\/image\/"},"sameAs":["https:\/\/www.linkedin.com\/company\/kombinatberlin","https:\/\/www.instagram.com\/kombinatberlin\/"]}]}},"_links":{"self":[{"href":"https:\/\/kombinat-berlin.de\/en\/wp-json\/wp\/v2\/pages\/2081","targetHints":{"allow":["GET"]}}],"collection":[{"href":"https:\/\/kombinat-berlin.de\/en\/wp-json\/wp\/v2\/pages"}],"about":[{"href":"https:\/\/kombinat-berlin.de\/en\/wp-json\/wp\/v2\/types\/page"}],"author":[{"embeddable":true,"href":"https:\/\/kombinat-berlin.de\/en\/wp-json\/wp\/v2\/users\/2"}],"replies":[{"embeddable":true,"href":"https:\/\/kombinat-berlin.de\/en\/wp-json\/wp\/v2\/comments?post=2081"}],"version-history":[{"count":25,"href":"https:\/\/kombinat-berlin.de\/en\/wp-json\/wp\/v2\/pages\/2081\/revisions"}],"predecessor-version":[{"id":2823,"href":"https:\/\/kombinat-berlin.de\/en\/wp-json\/wp\/v2\/pages\/2081\/revisions\/2823"}],"up":[{"embeddable":true,"href":"https:\/\/kombinat-berlin.de\/en\/wp-json\/wp\/v2\/pages\/28"}],"wp:featuredmedia":[{"embeddable":true,"href":"https:\/\/kombinat-berlin.de\/en\/wp-json\/wp\/v2\/media\/2168"}],"wp:attachment":[{"href":"https:\/\/kombinat-berlin.de\/en\/wp-json\/wp\/v2\/media?parent=2081"}],"curies":[{"name":"wp","href":"https:\/\/api.w.org\/{rel}","templated":true}]}}