{"id":1076,"date":"2024-04-26T14:17:26","date_gmt":"2024-04-26T12:17:26","guid":{"rendered":"https:\/\/preview.kombinat-berlin.de\/?page_id=1076"},"modified":"2025-01-08T16:45:16","modified_gmt":"2025-01-08T15:45:16","slug":"qwell-express-d2c-tank-delivery-ux-ui","status":"publish","type":"page","link":"https:\/\/kombinat-berlin.de\/en\/case-studies\/qwell-express-d2c-getrankelieferung-ux-ui\/","title":{"rendered":"Qwell Express - D2C Beverage delivery UX UI"},"content":{"rendered":"<div class=\"page-title-section-wrapper\">\n  <section class=\"page-title-section container-fluid blue   bg-pattern default\">\n    <div class=\"row\"><div class=\"col-12 col-lg-8 headline-column\"><div class=\"label\"><p>User Experience Design D2C Same-day-delivery<\/p>\n<\/div><h1>Qwell Express - D2C Beverage delivery Switzerland<\/h1><\/div><\/div><div class=\"row\"><div class=\"col-12 col-lg-8 text-column text\"><p>The drinks delivery service Qwell by Valser offers a wide range of drinks and delivers to private and business customers throughout Switzerland. Qwell is part of the Coca-Cola Hellenic Botteling Company.<\/p>\n<\/div><\/div><a href=\"#main\" target=\"_self\" class=\"button-secondary-down scroll-down-button\">View details<\/a>  <\/section>\n<\/div>\n\n<section class=\"container-fluid full-image image-contain\" style=\"background-color: #ffffff !important;\"><div class=\"row\"><div class=\"col-12\"><img loading=\"lazy\" decoding=\"async\" width=\"1920\" height=\"1205\" src=\"https:\/\/kombinat-berlin.de\/wp-content\/uploads\/2024\/04\/D2C-UXUI-design-kombinat-transporter-1.jpg\" class=\"attachment-full size-full\" alt=\"Quell D2C UXUI Design Kombinat Case Study\" srcset=\"https:\/\/kombinat-berlin.de\/wp-content\/uploads\/2024\/04\/D2C-UXUI-design-kombinat-transporter-1.jpg 1920w, https:\/\/kombinat-berlin.de\/wp-content\/uploads\/2024\/04\/D2C-UXUI-design-kombinat-transporter-1-300x188.jpg 300w, https:\/\/kombinat-berlin.de\/wp-content\/uploads\/2024\/04\/D2C-UXUI-design-kombinat-transporter-1-1024x643.jpg 1024w, https:\/\/kombinat-berlin.de\/wp-content\/uploads\/2024\/04\/D2C-UXUI-design-kombinat-transporter-1-768x482.jpg 768w, https:\/\/kombinat-berlin.de\/wp-content\/uploads\/2024\/04\/D2C-UXUI-design-kombinat-transporter-1-1536x964.jpg 1536w\" sizes=\"auto, (max-width: 1920px) 100vw, 1920px\" \/><\/div><\/div><\/section>\n\n<section id=\"main\"  class=\"text-section container-fluid sky-a default\">\n  <div class=\"row\">\n    <div class=\"col-12 col-lg-8 offset-lg-2\">\n      <h2>The challenge<\/h2><div class=\"text\"><p>This year, the new same-day delivery business model was to complement the already successful 24\/7 service. To this end, the existing Salescloud architecture was expanded and a completely new front end with a contemporary user experience was developed in order to stay ahead in the highly competitive F&amp;B segment.<\/p>\n<\/div>    <\/div>\n  <\/div>\n<\/section>\n\n<section class=\"container-fluid full-image image-contain\" style=\"background-color: #ffffff !important;\"><div class=\"row\"><div class=\"col-12\"><img loading=\"lazy\" decoding=\"async\" width=\"1920\" height=\"1376\" src=\"https:\/\/kombinat-berlin.de\/wp-content\/uploads\/2024\/04\/D2C-UXUI-design-herausforderungen-kombinat-p-2600.jpg\" class=\"attachment-full size-full\" alt=\"Quell D2C UXUI Design Kombinat Case Study\" srcset=\"https:\/\/kombinat-berlin.de\/wp-content\/uploads\/2024\/04\/D2C-UXUI-design-herausforderungen-kombinat-p-2600.jpg 1920w, https:\/\/kombinat-berlin.de\/wp-content\/uploads\/2024\/04\/D2C-UXUI-design-herausforderungen-kombinat-p-2600-300x215.jpg 300w, https:\/\/kombinat-berlin.de\/wp-content\/uploads\/2024\/04\/D2C-UXUI-design-herausforderungen-kombinat-p-2600-1024x734.jpg 1024w, https:\/\/kombinat-berlin.de\/wp-content\/uploads\/2024\/04\/D2C-UXUI-design-herausforderungen-kombinat-p-2600-768x550.jpg 768w, https:\/\/kombinat-berlin.de\/wp-content\/uploads\/2024\/04\/D2C-UXUI-design-herausforderungen-kombinat-p-2600-1536x1101.jpg 1536w\" sizes=\"auto, (max-width: 1920px) 100vw, 1920px\" \/><\/div><\/div><\/section>\n\n<section id=\"main\"  class=\"text-section container-fluid sky-a default\">\n  <div class=\"row\">\n    <div class=\"col-12 col-lg-8 offset-lg-2\">\n      <h2>The solution<\/h2><div class=\"text\"><p>Initially launched as a proof of concept, Kombinat worked closely with our <a href=\"https:\/\/www.tukunastudio.com\/\" target=\"_blank\">Design partner Tukuna Studio<\/a> the user interface design for the comprehensive relaunch of the service as \u201cQwell Express\u201d from scratch - with a detailed revised user interface and a brand new look and feel.<\/p>\n<\/div>    <\/div>\n  <\/div>\n<\/section>\n\n<section class=\"container-fluid full-image image-contain\" style=\"background-color: #fdf5f2 !important;\"><div class=\"row\"><div class=\"col-12\"><img loading=\"lazy\" decoding=\"async\" width=\"1920\" height=\"1080\" src=\"https:\/\/kombinat-berlin.de\/wp-content\/uploads\/2024\/04\/D2C-UXUI-design-kombinat-ergebnis-p-2600.jpg\" class=\"attachment-full size-full\" alt=\"Quell D2C UXUI Design Kombinat Case Study\" srcset=\"https:\/\/kombinat-berlin.de\/wp-content\/uploads\/2024\/04\/D2C-UXUI-design-kombinat-ergebnis-p-2600.jpg 1920w, https:\/\/kombinat-berlin.de\/wp-content\/uploads\/2024\/04\/D2C-UXUI-design-kombinat-ergebnis-p-2600-300x169.jpg 300w, https:\/\/kombinat-berlin.de\/wp-content\/uploads\/2024\/04\/D2C-UXUI-design-kombinat-ergebnis-p-2600-1024x576.jpg 1024w, https:\/\/kombinat-berlin.de\/wp-content\/uploads\/2024\/04\/D2C-UXUI-design-kombinat-ergebnis-p-2600-768x432.jpg 768w, https:\/\/kombinat-berlin.de\/wp-content\/uploads\/2024\/04\/D2C-UXUI-design-kombinat-ergebnis-p-2600-1536x864.jpg 1536w\" sizes=\"auto, (max-width: 1920px) 100vw, 1920px\" \/><\/div><\/div><\/section>\n\n<section id=\"main\"  class=\"text-section container-fluid sky-a default\">\n  <div class=\"row\">\n    <div class=\"col-12 col-lg-8 offset-lg-2\">\n      <h2>The benefit<\/h2><div class=\"text\"><p>Among other things, the focus was on the appealing presentation of the products, optimal usability of all features and a user experience in the F&amp;B area that is particularly geared towards speed and is on a par with the competition. Great attention was paid to the localisation of users, which is essential for the presentation of the product range and the regionally organised delivery service.<\/p>\n<p>With the new bar created by Isobar (now <a href=\"https:\/\/www.merkle.com\/\" target=\"_blank\">Merkle<\/a>) phase 1 of Qwell Express, which was launched in June 22 after passing user acceptance tests, the new front end was also launched.<\/p>\n<\/div>    <\/div>\n  <\/div>\n<\/section>\n\n<section class=\"container-fluid full-image image-contain\" style=\"background-color: #fbf6f0 !important;\"><div class=\"row\"><div class=\"col-12\"><img loading=\"lazy\" decoding=\"async\" width=\"1124\" height=\"1920\" src=\"https:\/\/kombinat-berlin.de\/wp-content\/uploads\/2024\/04\/D2C-UXUI-design-kombinat-leistungen.jpg\" class=\"attachment-full size-full\" alt=\"Quell D2C UXUI Design Kombinat Case Study\" srcset=\"https:\/\/kombinat-berlin.de\/wp-content\/uploads\/2024\/04\/D2C-UXUI-design-kombinat-leistungen.jpg 1124w, https:\/\/kombinat-berlin.de\/wp-content\/uploads\/2024\/04\/D2C-UXUI-design-kombinat-leistungen-176x300.jpg 176w, https:\/\/kombinat-berlin.de\/wp-content\/uploads\/2024\/04\/D2C-UXUI-design-kombinat-leistungen-599x1024.jpg 599w, https:\/\/kombinat-berlin.de\/wp-content\/uploads\/2024\/04\/D2C-UXUI-design-kombinat-leistungen-768x1312.jpg 768w, https:\/\/kombinat-berlin.de\/wp-content\/uploads\/2024\/04\/D2C-UXUI-design-kombinat-leistungen-899x1536.jpg 899w\" sizes=\"auto, (max-width: 1124px) 100vw, 1124px\" \/><\/div><\/div><\/section>\n\n<section id=\"main\"  class=\"text-section container-fluid sky-a default\">\n  <div class=\"row\">\n    <div class=\"col-12 col-lg-8 offset-lg-2\">\n      <h2>Our services<\/h2><div class=\"text\"><p>in co-operation with our design partner <a href=\"https:\/\/www.tukunastudio.com\/\" target=\"_blank\">Tukuna Studio<\/a><\/p>\n<ul>\n<li> UX workshop and user story mapping to define the MVP<\/li>\n<li> Idea generation via key use cases as mobile-first wireframes<\/li>\n<li>  Definition of information architecture and taxonomies for products and categories<\/li>\n<li>  UI design iterations and definition of all use flows<\/li>\n<li>  Icon design, illustrations, animations<\/li>\n<li> Design System (UI Guideline)<\/li>\n<li>  Agile design process management and support during the implementation phase<\/li>\n<\/ul>\n<\/div>    <\/div>\n  <\/div>\n<\/section>\n\n<section  class=\"image-text-section container-fluid flip-column-order alt-variant sun\">\n  <div class=\"row\">\n    <div class=\"col-12 col-lg-3 image-column\"><img loading=\"lazy\" decoding=\"async\" width=\"600\" height=\"600\" src=\"https:\/\/kombinat-berlin.de\/wp-content\/uploads\/2024\/02\/Kombinat-K.webp\" class=\"attachment-full size-full\" alt=\"K for combine\" srcset=\"https:\/\/kombinat-berlin.de\/wp-content\/uploads\/2024\/02\/Kombinat-K.webp 600w, https:\/\/kombinat-berlin.de\/wp-content\/uploads\/2024\/02\/Kombinat-K-300x300.webp 300w, https:\/\/kombinat-berlin.de\/wp-content\/uploads\/2024\/02\/Kombinat-K-150x150.webp 150w\" sizes=\"auto, (max-width: 600px) 100vw, 600px\" \/><\/div><div class=\"col-12 col-lg-9 text-column\"><h2>Do you have a similar project?<\/h2><div class=\"text\"><p>We would be happy to tell you more about the project and answer your questions. Get in touch with us!<\/p>\n<a href=\"https:\/\/kombinat-berlin.de\/en\/contact\/#terminbuchung\" target=\"_self\" class=\"button calendar icon left\">Discuss project now<\/a><\/div><\/div>  <\/div>\n<\/section>","protected":false},"excerpt":{"rendered":"<p>Qwell Express - D2C Delivery UX UI<\/p>","protected":false},"author":2,"featured_media":1080,"parent":28,"menu_order":0,"comment_status":"closed","ping_status":"closed","template":"","meta":{"_acf_changed":false,"footnotes":""},"class_list":["post-1076","page","type-page","status-publish","has-post-thumbnail","hentry"],"acf":[],"yoast_head":"<!-- This site is optimized with the Yoast SEO Premium plugin v27.3 (Yoast SEO v27.3) - https:\/\/yoast.com\/product\/yoast-seo-premium-wordpress\/ -->\n<title>D2C UI\/UX-Design \u2013 Case Study: Qwell Express Getr\u00e4nkelieferung<\/title>\n<meta name=\"description\" content=\"Zun\u00e4chst als Proof of Concept gestartet, entwickelte Kombinat das User-Interface Design f\u00fcr den umfassenden Relaunch des Services als \u201cQwell Express\u201c.\" \/>\n<meta name=\"robots\" content=\"index, follow, max-snippet:-1, max-image-preview:large, max-video-preview:-1\" \/>\n<link rel=\"canonical\" href=\"https:\/\/kombinat-berlin.de\/en\/case-studies\/qwell-express-d2c-tank-delivery-ux-ui\/\" \/>\n<meta property=\"og:locale\" content=\"en_GB\" \/>\n<meta property=\"og:type\" content=\"article\" \/>\n<meta property=\"og:title\" content=\"Qwell Express \u2013 D2C Getr\u00e4nkelieferung UX UI\" \/>\n<meta property=\"og:description\" content=\"Zun\u00e4chst als Proof of Concept gestartet, entwickelte Kombinat das User-Interface Design f\u00fcr den umfassenden Relaunch des Services als \u201cQwell Express\u201c.\" \/>\n<meta property=\"og:url\" content=\"https:\/\/kombinat-berlin.de\/en\/case-studies\/qwell-express-d2c-tank-delivery-ux-ui\/\" \/>\n<meta property=\"og:site_name\" content=\"KOMBINAT\" \/>\n<meta property=\"article:publisher\" content=\"https:\/\/www.linkedin.com\/company\/kombinatberlin\" \/>\n<meta property=\"article:modified_time\" content=\"2025-01-08T15:45:16+00:00\" \/>\n<meta property=\"og:image\" content=\"https:\/\/kombinat-berlin.de\/wp-content\/uploads\/2024\/04\/D2C-UXUI-design-kombinat-transporter-1.jpg\" \/>\n\t<meta property=\"og:image:width\" content=\"1920\" \/>\n\t<meta property=\"og:image:height\" content=\"1205\" \/>\n\t<meta property=\"og:image:type\" content=\"image\/jpeg\" \/>\n<meta name=\"twitter:card\" content=\"summary_large_image\" \/>\n<meta name=\"twitter:label1\" content=\"Estimated reading time\" \/>\n\t<meta name=\"twitter:data1\" content=\"3 minutes\" \/>\n<script type=\"application\/ld+json\" class=\"yoast-schema-graph\">{\"@context\":\"https:\\\/\\\/schema.org\",\"@graph\":[{\"@type\":\"WebPage\",\"@id\":\"https:\\\/\\\/kombinat-berlin.de\\\/case-studies\\\/qwell-express-d2c-getrankelieferung-ux-ui\\\/\",\"url\":\"https:\\\/\\\/kombinat-berlin.de\\\/case-studies\\\/qwell-express-d2c-getrankelieferung-ux-ui\\\/\",\"name\":\"D2C UI\\\/UX-Design \u2013 Case Study: Qwell Express Getr\u00e4nkelieferung\",\"isPartOf\":{\"@id\":\"https:\\\/\\\/kombinat-berlin.de\\\/#website\"},\"primaryImageOfPage\":{\"@id\":\"https:\\\/\\\/kombinat-berlin.de\\\/case-studies\\\/qwell-express-d2c-getrankelieferung-ux-ui\\\/#primaryimage\"},\"image\":{\"@id\":\"https:\\\/\\\/kombinat-berlin.de\\\/case-studies\\\/qwell-express-d2c-getrankelieferung-ux-ui\\\/#primaryimage\"},\"thumbnailUrl\":\"https:\\\/\\\/kombinat-berlin.de\\\/wp-content\\\/uploads\\\/2024\\\/04\\\/D2C-UXUI-design-kombinat-transporter-1.jpg\",\"datePublished\":\"2024-04-26T12:17:26+00:00\",\"dateModified\":\"2025-01-08T15:45:16+00:00\",\"description\":\"Zun\u00e4chst als Proof of Concept gestartet, entwickelte Kombinat das User-Interface Design f\u00fcr den umfassenden Relaunch des Services als \u201cQwell Express\u201c.\",\"breadcrumb\":{\"@id\":\"https:\\\/\\\/kombinat-berlin.de\\\/case-studies\\\/qwell-express-d2c-getrankelieferung-ux-ui\\\/#breadcrumb\"},\"inLanguage\":\"en-GB\",\"potentialAction\":[{\"@type\":\"ReadAction\",\"target\":[\"https:\\\/\\\/kombinat-berlin.de\\\/case-studies\\\/qwell-express-d2c-getrankelieferung-ux-ui\\\/\"]}]},{\"@type\":\"ImageObject\",\"inLanguage\":\"en-GB\",\"@id\":\"https:\\\/\\\/kombinat-berlin.de\\\/case-studies\\\/qwell-express-d2c-getrankelieferung-ux-ui\\\/#primaryimage\",\"url\":\"https:\\\/\\\/kombinat-berlin.de\\\/wp-content\\\/uploads\\\/2024\\\/04\\\/D2C-UXUI-design-kombinat-transporter-1.jpg\",\"contentUrl\":\"https:\\\/\\\/kombinat-berlin.de\\\/wp-content\\\/uploads\\\/2024\\\/04\\\/D2C-UXUI-design-kombinat-transporter-1.jpg\",\"width\":1920,\"height\":1205,\"caption\":\"Quell D2C UXUI Design Kombinat Case Study\"},{\"@type\":\"BreadcrumbList\",\"@id\":\"https:\\\/\\\/kombinat-berlin.de\\\/case-studies\\\/qwell-express-d2c-getrankelieferung-ux-ui\\\/#breadcrumb\",\"itemListElement\":[{\"@type\":\"ListItem\",\"position\":1,\"name\":\"Startseite\",\"item\":\"https:\\\/\\\/kombinat-berlin.de\\\/\"},{\"@type\":\"ListItem\",\"position\":2,\"name\":\"Case Studies\",\"item\":\"https:\\\/\\\/kombinat-berlin.de\\\/case-studies\\\/\"},{\"@type\":\"ListItem\",\"position\":3,\"name\":\"Qwell Express \u2013 D2C Getr\u00e4nkelieferung UX UI\"}]},{\"@type\":\"WebSite\",\"@id\":\"https:\\\/\\\/kombinat-berlin.de\\\/#website\",\"url\":\"https:\\\/\\\/kombinat-berlin.de\\\/\",\"name\":\"Kombinat\",\"description\":\"Mehr Umsatz und Wachstum durch leichtg\u00e4ngige B2B-Onlineshops f\u00fcr Hersteller und Brands.\",\"publisher\":{\"@id\":\"https:\\\/\\\/kombinat-berlin.de\\\/#organization\"},\"potentialAction\":[{\"@type\":\"SearchAction\",\"target\":{\"@type\":\"EntryPoint\",\"urlTemplate\":\"https:\\\/\\\/kombinat-berlin.de\\\/?s={search_term_string}\"},\"query-input\":{\"@type\":\"PropertyValueSpecification\",\"valueRequired\":true,\"valueName\":\"search_term_string\"}}],\"inLanguage\":\"en-GB\"},{\"@type\":\"Organization\",\"@id\":\"https:\\\/\\\/kombinat-berlin.de\\\/#organization\",\"name\":\"Kombinat GmbH\",\"url\":\"https:\\\/\\\/kombinat-berlin.de\\\/\",\"logo\":{\"@type\":\"ImageObject\",\"inLanguage\":\"en-GB\",\"@id\":\"https:\\\/\\\/kombinat-berlin.de\\\/#\\\/schema\\\/logo\\\/image\\\/\",\"url\":\"https:\\\/\\\/kombinat-berlin.de\\\/wp-content\\\/uploads\\\/2024\\\/05\\\/cropped-favicon.png\",\"contentUrl\":\"https:\\\/\\\/kombinat-berlin.de\\\/wp-content\\\/uploads\\\/2024\\\/05\\\/cropped-favicon.png\",\"width\":512,\"height\":512,\"caption\":\"Kombinat GmbH\"},\"image\":{\"@id\":\"https:\\\/\\\/kombinat-berlin.de\\\/#\\\/schema\\\/logo\\\/image\\\/\"},\"sameAs\":[\"https:\\\/\\\/www.linkedin.com\\\/company\\\/kombinatberlin\",\"https:\\\/\\\/www.instagram.com\\\/kombinatberlin\\\/\"]}]}<\/script>\n<!-- \/ Yoast SEO Premium plugin. -->","yoast_head_json":{"title":"D2C UI\/UX design - Case Study: Qwell Express beverage delivery","description":"Initially launched as a proof of concept, Kombinat developed the user interface design for the comprehensive relaunch of the service as \u201cQwell Express\u201c.","robots":{"index":"index","follow":"follow","max-snippet":"max-snippet:-1","max-image-preview":"max-image-preview:large","max-video-preview":"max-video-preview:-1"},"canonical":"https:\/\/kombinat-berlin.de\/en\/case-studies\/qwell-express-d2c-tank-delivery-ux-ui\/","og_locale":"en_GB","og_type":"article","og_title":"Qwell Express \u2013 D2C Getr\u00e4nkelieferung UX UI","og_description":"Zun\u00e4chst als Proof of Concept gestartet, entwickelte Kombinat das User-Interface Design f\u00fcr den umfassenden Relaunch des Services als \u201cQwell Express\u201c.","og_url":"https:\/\/kombinat-berlin.de\/en\/case-studies\/qwell-express-d2c-tank-delivery-ux-ui\/","og_site_name":"KOMBINAT","article_publisher":"https:\/\/www.linkedin.com\/company\/kombinatberlin","article_modified_time":"2025-01-08T15:45:16+00:00","og_image":[{"width":1920,"height":1205,"url":"https:\/\/kombinat-berlin.de\/wp-content\/uploads\/2024\/04\/D2C-UXUI-design-kombinat-transporter-1.jpg","type":"image\/jpeg"}],"twitter_card":"summary_large_image","twitter_misc":{"Estimated reading time":"3 minutes"},"schema":{"@context":"https:\/\/schema.org","@graph":[{"@type":"WebPage","@id":"https:\/\/kombinat-berlin.de\/case-studies\/qwell-express-d2c-getrankelieferung-ux-ui\/","url":"https:\/\/kombinat-berlin.de\/case-studies\/qwell-express-d2c-getrankelieferung-ux-ui\/","name":"D2C UI\/UX design - Case Study: Qwell Express beverage delivery","isPartOf":{"@id":"https:\/\/kombinat-berlin.de\/#website"},"primaryImageOfPage":{"@id":"https:\/\/kombinat-berlin.de\/case-studies\/qwell-express-d2c-getrankelieferung-ux-ui\/#primaryimage"},"image":{"@id":"https:\/\/kombinat-berlin.de\/case-studies\/qwell-express-d2c-getrankelieferung-ux-ui\/#primaryimage"},"thumbnailUrl":"https:\/\/kombinat-berlin.de\/wp-content\/uploads\/2024\/04\/D2C-UXUI-design-kombinat-transporter-1.jpg","datePublished":"2024-04-26T12:17:26+00:00","dateModified":"2025-01-08T15:45:16+00:00","description":"Initially launched as a proof of concept, Kombinat developed the user interface design for the comprehensive relaunch of the service as \u201cQwell Express\u201c.","breadcrumb":{"@id":"https:\/\/kombinat-berlin.de\/case-studies\/qwell-express-d2c-getrankelieferung-ux-ui\/#breadcrumb"},"inLanguage":"en-GB","potentialAction":[{"@type":"ReadAction","target":["https:\/\/kombinat-berlin.de\/case-studies\/qwell-express-d2c-getrankelieferung-ux-ui\/"]}]},{"@type":"ImageObject","inLanguage":"en-GB","@id":"https:\/\/kombinat-berlin.de\/case-studies\/qwell-express-d2c-getrankelieferung-ux-ui\/#primaryimage","url":"https:\/\/kombinat-berlin.de\/wp-content\/uploads\/2024\/04\/D2C-UXUI-design-kombinat-transporter-1.jpg","contentUrl":"https:\/\/kombinat-berlin.de\/wp-content\/uploads\/2024\/04\/D2C-UXUI-design-kombinat-transporter-1.jpg","width":1920,"height":1205,"caption":"Quell D2C UXUI Design Kombinat Case Study"},{"@type":"BreadcrumbList","@id":"https:\/\/kombinat-berlin.de\/case-studies\/qwell-express-d2c-getrankelieferung-ux-ui\/#breadcrumb","itemListElement":[{"@type":"ListItem","position":1,"name":"Startseite","item":"https:\/\/kombinat-berlin.de\/"},{"@type":"ListItem","position":2,"name":"Case Studies","item":"https:\/\/kombinat-berlin.de\/case-studies\/"},{"@type":"ListItem","position":3,"name":"Qwell Express \u2013 D2C Getr\u00e4nkelieferung UX UI"}]},{"@type":"WebSite","@id":"https:\/\/kombinat-berlin.de\/#website","url":"https:\/\/kombinat-berlin.de\/","name":"KOMBINAT","description":"More sales and growth through easy-to-use B2B online shops for manufacturers and brands.","publisher":{"@id":"https:\/\/kombinat-berlin.de\/#organization"},"potentialAction":[{"@type":"SearchAction","target":{"@type":"EntryPoint","urlTemplate":"https:\/\/kombinat-berlin.de\/?s={search_term_string}"},"query-input":{"@type":"PropertyValueSpecification","valueRequired":true,"valueName":"search_term_string"}}],"inLanguage":"en-GB"},{"@type":"Organization","@id":"https:\/\/kombinat-berlin.de\/#organization","name":"Kombinat GmbH","url":"https:\/\/kombinat-berlin.de\/","logo":{"@type":"ImageObject","inLanguage":"en-GB","@id":"https:\/\/kombinat-berlin.de\/#\/schema\/logo\/image\/","url":"https:\/\/kombinat-berlin.de\/wp-content\/uploads\/2024\/05\/cropped-favicon.png","contentUrl":"https:\/\/kombinat-berlin.de\/wp-content\/uploads\/2024\/05\/cropped-favicon.png","width":512,"height":512,"caption":"Kombinat GmbH"},"image":{"@id":"https:\/\/kombinat-berlin.de\/#\/schema\/logo\/image\/"},"sameAs":["https:\/\/www.linkedin.com\/company\/kombinatberlin","https:\/\/www.instagram.com\/kombinatberlin\/"]}]}},"_links":{"self":[{"href":"https:\/\/kombinat-berlin.de\/en\/wp-json\/wp\/v2\/pages\/1076","targetHints":{"allow":["GET"]}}],"collection":[{"href":"https:\/\/kombinat-berlin.de\/en\/wp-json\/wp\/v2\/pages"}],"about":[{"href":"https:\/\/kombinat-berlin.de\/en\/wp-json\/wp\/v2\/types\/page"}],"author":[{"embeddable":true,"href":"https:\/\/kombinat-berlin.de\/en\/wp-json\/wp\/v2\/users\/2"}],"replies":[{"embeddable":true,"href":"https:\/\/kombinat-berlin.de\/en\/wp-json\/wp\/v2\/comments?post=1076"}],"version-history":[{"count":16,"href":"https:\/\/kombinat-berlin.de\/en\/wp-json\/wp\/v2\/pages\/1076\/revisions"}],"predecessor-version":[{"id":2311,"href":"https:\/\/kombinat-berlin.de\/en\/wp-json\/wp\/v2\/pages\/1076\/revisions\/2311"}],"up":[{"embeddable":true,"href":"https:\/\/kombinat-berlin.de\/en\/wp-json\/wp\/v2\/pages\/28"}],"wp:featuredmedia":[{"embeddable":true,"href":"https:\/\/kombinat-berlin.de\/en\/wp-json\/wp\/v2\/media\/1080"}],"wp:attachment":[{"href":"https:\/\/kombinat-berlin.de\/en\/wp-json\/wp\/v2\/media?parent=1076"}],"curies":[{"name":"wp","href":"https:\/\/api.w.org\/{rel}","templated":true}]}}