{"id":1068,"date":"2024-04-26T13:56:13","date_gmt":"2024-04-26T11:56:13","guid":{"rendered":"https:\/\/preview.kombinat-berlin.de\/?page_id=1068"},"modified":"2025-03-11T11:44:03","modified_gmt":"2025-03-11T10:44:03","slug":"hach-greeting-card-configurator-web-app-b2b","status":"publish","type":"page","link":"https:\/\/kombinat-berlin.de\/en\/case-studies\/hach-grusskarten-konfigurator-web-app-b2b\/","title":{"rendered":"HACH - Greeting Card Configurator Web App B2B"},"content":{"rendered":"<div class=\"page-title-section-wrapper\">\n  <section class=\"page-title-section container-fluid blue   bg-pattern default\">\n    <div class=\"row\"><div class=\"col-12 col-lg-8 headline-column\"><div class=\"label\"><p>Web App User Testing B2B E-Commerce<\/p>\n<\/div><h1>HACH - Greeting card designer<\/h1><\/div><\/div><div class=\"row\"><div class=\"col-12 col-lg-8 text-column text\"><p>Realisation of a configurator for the creation of greeting cards. Prepared layouts can be freely filled and customised by the user. A preview shows the result. The finished design is sent directly to print as a printable PDF. This saves time and effort and the customised card can be delivered quickly.<\/p>\n<\/div><\/div><a href=\"#main\" target=\"_self\" class=\"button-secondary-down scroll-down-button\">View details<\/a>  <\/section>\n<\/div>\n\n<section class=\"container-fluid full-image image-contain\" style=\"background-color: #e4e4e4 !important;\"><div class=\"row\"><div class=\"col-12\"><img loading=\"lazy\" decoding=\"async\" width=\"1920\" height=\"1080\" src=\"https:\/\/kombinat-berlin.de\/wp-content\/uploads\/2024\/04\/b2b-ecommerce-magento-webapp-grusskartendesigner-desktop-kombinat.jpg\" class=\"attachment-full size-full\" alt=\"HACH Greeting Card Designer B2B Web App Magento Combine Case Study\" srcset=\"https:\/\/kombinat-berlin.de\/wp-content\/uploads\/2024\/04\/b2b-ecommerce-magento-webapp-grusskartendesigner-desktop-kombinat.jpg 1920w, https:\/\/kombinat-berlin.de\/wp-content\/uploads\/2024\/04\/b2b-ecommerce-magento-webapp-grusskartendesigner-desktop-kombinat-300x169.jpg 300w, https:\/\/kombinat-berlin.de\/wp-content\/uploads\/2024\/04\/b2b-ecommerce-magento-webapp-grusskartendesigner-desktop-kombinat-1024x576.jpg 1024w, https:\/\/kombinat-berlin.de\/wp-content\/uploads\/2024\/04\/b2b-ecommerce-magento-webapp-grusskartendesigner-desktop-kombinat-768x432.jpg 768w, https:\/\/kombinat-berlin.de\/wp-content\/uploads\/2024\/04\/b2b-ecommerce-magento-webapp-grusskartendesigner-desktop-kombinat-1536x864.jpg 1536w\" sizes=\"auto, (max-width: 1920px) 100vw, 1920px\" \/><\/div><\/div><\/section>\n\n<section id=\"main\"  class=\"text-section container-fluid sky-a default\">\n  <div class=\"row\">\n    <div class=\"col-12 col-lg-8 offset-lg-2\">\n      <h2>The challenge<\/h2><div class=\"text\"><p>Customers order gifts from HACH for their employees, customers, service providers and many more. These gifts are often sent with a greetings card. In order to be able to customise these as well, an additional configurator is needed for customers. It should be possible to display various greeting card formats. The result should be able to be sent directly to the print shop as a printable PDF.<\/p>\n<a href=\"https:\/\/www.hach.de\/\" target=\"_blank\" class=\"button-secondary  left\">hach.de<\/a><\/div>    <\/div>\n  <\/div>\n<\/section>\n\n<section class=\"container-fluid full-image image-contain\" style=\"background-color: #e4e4e4 !important;\"><div class=\"row\"><div class=\"col-12\"><img loading=\"lazy\" decoding=\"async\" width=\"1920\" height=\"1080\" src=\"https:\/\/kombinat-berlin.de\/wp-content\/uploads\/2024\/04\/b2b-ecommerce-magento-webapp-grusskartendesigner-skizzen-kombinat.jpg\" class=\"attachment-full size-full\" alt=\"HACH Greeting Card Designer B2B Web App Magento Combine Case Study\" srcset=\"https:\/\/kombinat-berlin.de\/wp-content\/uploads\/2024\/04\/b2b-ecommerce-magento-webapp-grusskartendesigner-skizzen-kombinat.jpg 1920w, https:\/\/kombinat-berlin.de\/wp-content\/uploads\/2024\/04\/b2b-ecommerce-magento-webapp-grusskartendesigner-skizzen-kombinat-300x169.jpg 300w, https:\/\/kombinat-berlin.de\/wp-content\/uploads\/2024\/04\/b2b-ecommerce-magento-webapp-grusskartendesigner-skizzen-kombinat-1024x576.jpg 1024w, https:\/\/kombinat-berlin.de\/wp-content\/uploads\/2024\/04\/b2b-ecommerce-magento-webapp-grusskartendesigner-skizzen-kombinat-768x432.jpg 768w, https:\/\/kombinat-berlin.de\/wp-content\/uploads\/2024\/04\/b2b-ecommerce-magento-webapp-grusskartendesigner-skizzen-kombinat-1536x864.jpg 1536w\" sizes=\"auto, (max-width: 1920px) 100vw, 1920px\" \/><\/div><\/div><\/section>\n\n<section id=\"main\"  class=\"text-section container-fluid sky-a default\">\n  <div class=\"row\">\n    <div class=\"col-12 col-lg-8 offset-lg-2\">\n      <h2>The solution<\/h2><div class=\"text\"><p>A \u201cgreeting card designer\u201d has been developed. Images and texts can also be uploaded and the print can be ordered on demand (and sent immediately if desired).<\/p>\n<p>The product development of the configurator took place in several agile cycles. The Kombinat team and the customer's product owner developed a web app based on the vue.js framework, which was integrated into Magento. The cards are designed by designers and various areas are prepared for customisation by the customer. The customer finds the card in various colour themes and can then create the individual card with their own photos and text.<\/p>\n<p>The finished cards are generated as a complete print file and can be printed directly without any further processing. This means that the Web2Print route is fully automated and the finished cards can be delivered very quickly. If desired, directly to the recipient.<\/p>\n<\/div>    <\/div>\n  <\/div>\n<\/section>\n\n<section class=\"iframe-section container-fluid bottom-padding sky-a\"><div class=\"row\"><div class=\"col-12 col-lg-8 offset-lg-2\"><div  class=\"iframe-wrapper\"><div style=\"padding:56.25% 0 0 0;position:relative;\"> <div class=\"brlbs-cmpnt-container brlbs-cmpnt-content-blocker brlbs-cmpnt-with-individual-styles\" data-borlabs-cookie-content-blocker-id=\"default\" data-borlabs-cookie-content=\"PGlmcmFtZSBzcmM9Imh0dHBzOi8vcGxheWVyLnZpbWVvLmNvbS92aWRlby83NDgwOTUyNjQ\/YmFkZ2U9MCZhbXA7YXV0b3BhdXNlPTAmYW1wO3BsYXllcl9pZD0wJmFtcDthcHBfaWQ9NTg0NzkiIGZyYW1lYm9yZGVyPSIwIiBhbGxvdz0iYXV0b3BsYXk7IGZ1bGxzY3JlZW47IHBpY3R1cmUtaW4tcGljdHVyZTsgY2xpcGJvYXJkLXdyaXRlIiBzdHlsZT0icG9zaXRpb246YWJzb2x1dGU7dG9wOjA7bGVmdDowO3dpZHRoOjEwMCU7aGVpZ2h0OjEwMCU7IiB0aXRsZT0iSGFjaCBHcnVzc2thcnRlbiBEZXNpZ25lciB2b24gS29tYmluYXQiPjwvaWZyYW1lPg==\"><div class=\"brlbs-cmpnt-cb-preset-a\"> <p class=\"brlbs-cmpnt-cb-description\">You are currently seeing a placeholder content of <strong>Standard<\/strong>. To access the actual content, click on the button below. Please note that data will be passed on to third-party providers.<\/p> <div class=\"brlbs-cmpnt-cb-buttons\"> <a class=\"brlbs-cmpnt-cb-btn\" href=\"#\" data-borlabs-cookie-unblock role=\"button\">Unlock content<\/a> <a class=\"brlbs-cmpnt-cb-btn\" href=\"#\" data-borlabs-cookie-accept-service role=\"button\" style=\"display: none\">Accept required service and unblock content<\/a> <\/div> <a class=\"brlbs-cmpnt-cb-provider-toggle\" href=\"#\" data-borlabs-cookie-show-provider-information role=\"button\">Further information<\/a> <\/div><\/div><\/div><script src=\"https:\/\/player.vimeo.com\/api\/player.js\"><\/script><\/div><\/div><\/div><\/section>\n\n<section class=\"container-fluid full-image image-contain\" style=\"background-color: #FF6887 !important;\"><div class=\"row\"><div class=\"col-12\"><img loading=\"lazy\" decoding=\"async\" width=\"1600\" height=\"900\" src=\"https:\/\/kombinat-berlin.de\/wp-content\/uploads\/2024\/04\/b2b-ecommerce-magento-webapp-grusskartendesigner-desktop-kombinat-wireframes.jpg\" class=\"attachment-full size-full\" alt=\"HACH Greeting Card Designer B2B Web App Magento Combine Case Study\" srcset=\"https:\/\/kombinat-berlin.de\/wp-content\/uploads\/2024\/04\/b2b-ecommerce-magento-webapp-grusskartendesigner-desktop-kombinat-wireframes.jpg 1600w, https:\/\/kombinat-berlin.de\/wp-content\/uploads\/2024\/04\/b2b-ecommerce-magento-webapp-grusskartendesigner-desktop-kombinat-wireframes-300x169.jpg 300w, https:\/\/kombinat-berlin.de\/wp-content\/uploads\/2024\/04\/b2b-ecommerce-magento-webapp-grusskartendesigner-desktop-kombinat-wireframes-1024x576.jpg 1024w, https:\/\/kombinat-berlin.de\/wp-content\/uploads\/2024\/04\/b2b-ecommerce-magento-webapp-grusskartendesigner-desktop-kombinat-wireframes-768x432.jpg 768w, https:\/\/kombinat-berlin.de\/wp-content\/uploads\/2024\/04\/b2b-ecommerce-magento-webapp-grusskartendesigner-desktop-kombinat-wireframes-1536x864.jpg 1536w\" sizes=\"auto, (max-width: 1600px) 100vw, 1600px\" \/><\/div><\/div><\/section>\n\n<section id=\"main\"  class=\"text-section container-fluid sky-a default\">\n  <div class=\"row\">\n    <div class=\"col-12 col-lg-8 offset-lg-2\">\n      <h2>The benefit<\/h2><div class=\"text\"><p>Customers can now create matching greeting cards as well as gifts. The seamless transfer of the print file to the printer makes the entire process quick and easy, even for HACH. The technical decision in favour of vue.js has proven itself in the fast development time and simple implementation of customisations.<\/p>\n<\/div>    <\/div>\n  <\/div>\n<\/section>\n\n<section class=\"container-fluid full-image image-contain\" style=\"background-color: #e4e4e4 !important;\"><div class=\"row\"><div class=\"col-12\"><img loading=\"lazy\" decoding=\"async\" width=\"1920\" height=\"1080\" src=\"https:\/\/kombinat-berlin.de\/wp-content\/uploads\/2024\/04\/b2b-ecommerce-magento-webapp-grusskartendesigner-kombinat.jpg\" class=\"attachment-full size-full\" alt=\"HACH Greeting Card Designer B2B Web App Magento Combine Case Study\" srcset=\"https:\/\/kombinat-berlin.de\/wp-content\/uploads\/2024\/04\/b2b-ecommerce-magento-webapp-grusskartendesigner-kombinat.jpg 1920w, https:\/\/kombinat-berlin.de\/wp-content\/uploads\/2024\/04\/b2b-ecommerce-magento-webapp-grusskartendesigner-kombinat-300x169.jpg 300w, https:\/\/kombinat-berlin.de\/wp-content\/uploads\/2024\/04\/b2b-ecommerce-magento-webapp-grusskartendesigner-kombinat-1024x576.jpg 1024w, https:\/\/kombinat-berlin.de\/wp-content\/uploads\/2024\/04\/b2b-ecommerce-magento-webapp-grusskartendesigner-kombinat-768x432.jpg 768w, https:\/\/kombinat-berlin.de\/wp-content\/uploads\/2024\/04\/b2b-ecommerce-magento-webapp-grusskartendesigner-kombinat-1536x864.jpg 1536w\" sizes=\"auto, (max-width: 1920px) 100vw, 1920px\" \/><\/div><\/div><\/section>\n\n<section id=\"main\"  class=\"text-section container-fluid sky-a default\">\n  <div class=\"row\">\n    <div class=\"col-12 col-lg-8 offset-lg-2\">\n      <h2>The result<\/h2><div class=\"text\"><p>HACH has successfully expanded its target group with this new offering. At the same time, HACH is strengthening its expertise as an expert in the digital distribution of on-demand print products with the \u201cGreeting Card Designer\u201d configurator.<\/p>\n<p>\u200d<\/p>\n<\/div>    <\/div>\n  <\/div>\n<\/section>\n\n<section  class=\"container-fluid text-slider-section blue\">\n  <div class=\"row\"><div class=\"col-10 offset-1 col-lg-10 offset-lg-1 headline\"><h2>This is what the customer says about our cooperation: <\/h2><\/div><\/div><div class=\"row\"><div class=\"col-10 offset-1 col-lg-8 offset-lg-2\"><div class=\"text-slider js-text-slider\"><div class=\"text-slide\"><div class=\"text\"><p>&#8222;Die Zusammenarbeit mit Kombinat war von h\u00f6chster Professionalit\u00e4t gepr\u00e4gt. Von der ersten Beratung bis zur Umsetzung \u00fcberzeugte das Team durch Fachkompetenz, Engagement und eine l\u00f6sungsorientierte Herangehensweise. Besonders beeindruckend war die F\u00e4higkeit, unsere individuellen Anforderungen pr\u00e4zise zu erfassen und in eine ma\u00dfgeschneiderte L\u00f6sung zu \u00fcberf\u00fchren. Dank der strukturierten und effizienten Arbeitsweise wurden alle Projektziele termingerecht erreicht. Wir sch\u00e4tzen die partnerschaftliche Zusammenarbeit und k\u00f6nnen Kombinat uneingeschr\u00e4nkt weiterempfehlen.&#8220;<\/p>\n<p class=\"author\">Florian Neidig Managing Director at Hach GmbH &amp; Co. KG<\/p><\/div><\/div><\/div><\/div><\/div><\/section>\n\n<section  class=\"image-text-section container-fluid flip-column-order alt-variant sun\">\n  <div class=\"row\">\n    <div class=\"col-12 col-lg-3 image-column\"><img loading=\"lazy\" decoding=\"async\" width=\"600\" height=\"600\" src=\"https:\/\/kombinat-berlin.de\/wp-content\/uploads\/2024\/02\/Kombinat-K.webp\" class=\"attachment-full size-full\" alt=\"K for combine\" srcset=\"https:\/\/kombinat-berlin.de\/wp-content\/uploads\/2024\/02\/Kombinat-K.webp 600w, https:\/\/kombinat-berlin.de\/wp-content\/uploads\/2024\/02\/Kombinat-K-300x300.webp 300w, https:\/\/kombinat-berlin.de\/wp-content\/uploads\/2024\/02\/Kombinat-K-150x150.webp 150w\" sizes=\"auto, (max-width: 600px) 100vw, 600px\" \/><\/div><div class=\"col-12 col-lg-9 text-column\"><h2>Do you have a similar project?<\/h2><div class=\"text\"><p>We would be happy to tell you more about the project and answer your questions. Get in touch with us!<\/p>\n<a href=\"https:\/\/kombinat-berlin.de\/en\/contact\/#terminbuchung\" target=\"_self\" class=\"button calendar icon left\">Discuss project now<\/a><\/div><\/div>  <\/div>\n<\/section>","protected":false},"excerpt":{"rendered":"<p>HACH - Greeting Card Configurator Web App B2B<\/p>","protected":false},"author":2,"featured_media":857,"parent":28,"menu_order":0,"comment_status":"closed","ping_status":"closed","template":"","meta":{"_acf_changed":false,"footnotes":""},"class_list":["post-1068","page","type-page","status-publish","has-post-thumbnail","hentry"],"acf":[],"yoast_head":"<!-- This site is optimized with the Yoast SEO Premium plugin v27.3 (Yoast SEO v27.3) - https:\/\/yoast.com\/product\/yoast-seo-premium-wordpress\/ -->\n<title>Gru\u00dfkarten Konfigurator B2B WebApp \u2013 Case Study HACH<\/title>\n<meta name=\"description\" content=\"Layouts k\u00f6nnen frei bef\u00fcllt angepasst werden. Eine Vorschau zeigt das Ergebnis. Das fertige Design wird als PDF direkt in den Druck gegeben.\" \/>\n<meta name=\"robots\" content=\"index, follow, max-snippet:-1, max-image-preview:large, max-video-preview:-1\" \/>\n<link rel=\"canonical\" href=\"https:\/\/kombinat-berlin.de\/en\/case-studies\/hach-greeting-card-configurator-web-app-b2b\/\" \/>\n<meta property=\"og:locale\" content=\"en_GB\" \/>\n<meta property=\"og:type\" content=\"article\" \/>\n<meta property=\"og:title\" content=\"HACH \u2013 Gru\u00dfkarten Konfigurator Web App B2B\" \/>\n<meta property=\"og:description\" content=\"Layouts k\u00f6nnen frei bef\u00fcllt angepasst werden. Eine Vorschau zeigt das Ergebnis. Das fertige Design wird als PDF direkt in den Druck gegeben.\" \/>\n<meta property=\"og:url\" content=\"https:\/\/kombinat-berlin.de\/en\/case-studies\/hach-greeting-card-configurator-web-app-b2b\/\" \/>\n<meta property=\"og:site_name\" content=\"KOMBINAT\" \/>\n<meta property=\"article:publisher\" content=\"https:\/\/www.linkedin.com\/company\/kombinatberlin\" \/>\n<meta property=\"article:modified_time\" content=\"2025-03-11T10:44:03+00:00\" \/>\n<meta property=\"og:image\" content=\"https:\/\/kombinat-berlin.de\/wp-content\/uploads\/2024\/04\/b2b-ecommerce-magento-webapp-grusskartendesigner-ergebnis-kombinat-s.webp\" \/>\n\t<meta property=\"og:image:width\" content=\"840\" \/>\n\t<meta property=\"og:image:height\" content=\"840\" \/>\n\t<meta property=\"og:image:type\" content=\"image\/webp\" \/>\n<meta name=\"twitter:card\" content=\"summary_large_image\" \/>\n<meta name=\"twitter:label1\" content=\"Estimated reading time\" \/>\n\t<meta name=\"twitter:data1\" content=\"4 minutes\" \/>\n<script type=\"application\/ld+json\" class=\"yoast-schema-graph\">{\"@context\":\"https:\\\/\\\/schema.org\",\"@graph\":[{\"@type\":\"WebPage\",\"@id\":\"https:\\\/\\\/kombinat-berlin.de\\\/case-studies\\\/hach-grusskarten-konfigurator-web-app-b2b\\\/\",\"url\":\"https:\\\/\\\/kombinat-berlin.de\\\/case-studies\\\/hach-grusskarten-konfigurator-web-app-b2b\\\/\",\"name\":\"Gru\u00dfkarten Konfigurator B2B WebApp \u2013 Case Study HACH\",\"isPartOf\":{\"@id\":\"https:\\\/\\\/kombinat-berlin.de\\\/#website\"},\"primaryImageOfPage\":{\"@id\":\"https:\\\/\\\/kombinat-berlin.de\\\/case-studies\\\/hach-grusskarten-konfigurator-web-app-b2b\\\/#primaryimage\"},\"image\":{\"@id\":\"https:\\\/\\\/kombinat-berlin.de\\\/case-studies\\\/hach-grusskarten-konfigurator-web-app-b2b\\\/#primaryimage\"},\"thumbnailUrl\":\"https:\\\/\\\/kombinat-berlin.de\\\/wp-content\\\/uploads\\\/2024\\\/04\\\/b2b-ecommerce-magento-webapp-grusskartendesigner-ergebnis-kombinat-s.webp\",\"datePublished\":\"2024-04-26T11:56:13+00:00\",\"dateModified\":\"2025-03-11T10:44:03+00:00\",\"description\":\"Layouts k\u00f6nnen frei bef\u00fcllt angepasst werden. Eine Vorschau zeigt das Ergebnis. Das fertige Design wird als PDF direkt in den Druck gegeben.\",\"breadcrumb\":{\"@id\":\"https:\\\/\\\/kombinat-berlin.de\\\/case-studies\\\/hach-grusskarten-konfigurator-web-app-b2b\\\/#breadcrumb\"},\"inLanguage\":\"en-GB\",\"potentialAction\":[{\"@type\":\"ReadAction\",\"target\":[\"https:\\\/\\\/kombinat-berlin.de\\\/case-studies\\\/hach-grusskarten-konfigurator-web-app-b2b\\\/\"]}]},{\"@type\":\"ImageObject\",\"inLanguage\":\"en-GB\",\"@id\":\"https:\\\/\\\/kombinat-berlin.de\\\/case-studies\\\/hach-grusskarten-konfigurator-web-app-b2b\\\/#primaryimage\",\"url\":\"https:\\\/\\\/kombinat-berlin.de\\\/wp-content\\\/uploads\\\/2024\\\/04\\\/b2b-ecommerce-magento-webapp-grusskartendesigner-ergebnis-kombinat-s.webp\",\"contentUrl\":\"https:\\\/\\\/kombinat-berlin.de\\\/wp-content\\\/uploads\\\/2024\\\/04\\\/b2b-ecommerce-magento-webapp-grusskartendesigner-ergebnis-kombinat-s.webp\",\"width\":840,\"height\":840,\"caption\":\"Gru\u00dfkarten Designer \u2013 vue.js WebApp f\u00fcr indivuelle Gru\u00dfkarten Case Study\"},{\"@type\":\"BreadcrumbList\",\"@id\":\"https:\\\/\\\/kombinat-berlin.de\\\/case-studies\\\/hach-grusskarten-konfigurator-web-app-b2b\\\/#breadcrumb\",\"itemListElement\":[{\"@type\":\"ListItem\",\"position\":1,\"name\":\"Startseite\",\"item\":\"https:\\\/\\\/kombinat-berlin.de\\\/\"},{\"@type\":\"ListItem\",\"position\":2,\"name\":\"Case Studies\",\"item\":\"https:\\\/\\\/kombinat-berlin.de\\\/case-studies\\\/\"},{\"@type\":\"ListItem\",\"position\":3,\"name\":\"HACH \u2013 Gru\u00dfkarten Konfigurator Web App B2B\"}]},{\"@type\":\"WebSite\",\"@id\":\"https:\\\/\\\/kombinat-berlin.de\\\/#website\",\"url\":\"https:\\\/\\\/kombinat-berlin.de\\\/\",\"name\":\"Kombinat\",\"description\":\"Mehr Umsatz und Wachstum durch leichtg\u00e4ngige B2B-Onlineshops f\u00fcr Hersteller und Brands.\",\"publisher\":{\"@id\":\"https:\\\/\\\/kombinat-berlin.de\\\/#organization\"},\"potentialAction\":[{\"@type\":\"SearchAction\",\"target\":{\"@type\":\"EntryPoint\",\"urlTemplate\":\"https:\\\/\\\/kombinat-berlin.de\\\/?s={search_term_string}\"},\"query-input\":{\"@type\":\"PropertyValueSpecification\",\"valueRequired\":true,\"valueName\":\"search_term_string\"}}],\"inLanguage\":\"en-GB\"},{\"@type\":\"Organization\",\"@id\":\"https:\\\/\\\/kombinat-berlin.de\\\/#organization\",\"name\":\"Kombinat GmbH\",\"url\":\"https:\\\/\\\/kombinat-berlin.de\\\/\",\"logo\":{\"@type\":\"ImageObject\",\"inLanguage\":\"en-GB\",\"@id\":\"https:\\\/\\\/kombinat-berlin.de\\\/#\\\/schema\\\/logo\\\/image\\\/\",\"url\":\"https:\\\/\\\/kombinat-berlin.de\\\/wp-content\\\/uploads\\\/2024\\\/05\\\/cropped-favicon.png\",\"contentUrl\":\"https:\\\/\\\/kombinat-berlin.de\\\/wp-content\\\/uploads\\\/2024\\\/05\\\/cropped-favicon.png\",\"width\":512,\"height\":512,\"caption\":\"Kombinat GmbH\"},\"image\":{\"@id\":\"https:\\\/\\\/kombinat-berlin.de\\\/#\\\/schema\\\/logo\\\/image\\\/\"},\"sameAs\":[\"https:\\\/\\\/www.linkedin.com\\\/company\\\/kombinatberlin\",\"https:\\\/\\\/www.instagram.com\\\/kombinatberlin\\\/\"]}]}<\/script>\n<!-- \/ Yoast SEO Premium plugin. -->","yoast_head_json":{"title":"Greeting card configurator B2B WebApp - Case Study HACH","description":"Layouts can be freely customised. A preview shows the result. The finished design is sent directly to print as a PDF.","robots":{"index":"index","follow":"follow","max-snippet":"max-snippet:-1","max-image-preview":"max-image-preview:large","max-video-preview":"max-video-preview:-1"},"canonical":"https:\/\/kombinat-berlin.de\/en\/case-studies\/hach-greeting-card-configurator-web-app-b2b\/","og_locale":"en_GB","og_type":"article","og_title":"HACH \u2013 Gru\u00dfkarten Konfigurator Web App B2B","og_description":"Layouts k\u00f6nnen frei bef\u00fcllt angepasst werden. Eine Vorschau zeigt das Ergebnis. Das fertige Design wird als PDF direkt in den Druck gegeben.","og_url":"https:\/\/kombinat-berlin.de\/en\/case-studies\/hach-greeting-card-configurator-web-app-b2b\/","og_site_name":"KOMBINAT","article_publisher":"https:\/\/www.linkedin.com\/company\/kombinatberlin","article_modified_time":"2025-03-11T10:44:03+00:00","og_image":[{"width":840,"height":840,"url":"https:\/\/kombinat-berlin.de\/wp-content\/uploads\/2024\/04\/b2b-ecommerce-magento-webapp-grusskartendesigner-ergebnis-kombinat-s.webp","type":"image\/webp"}],"twitter_card":"summary_large_image","twitter_misc":{"Estimated reading time":"4 minutes"},"schema":{"@context":"https:\/\/schema.org","@graph":[{"@type":"WebPage","@id":"https:\/\/kombinat-berlin.de\/case-studies\/hach-grusskarten-konfigurator-web-app-b2b\/","url":"https:\/\/kombinat-berlin.de\/case-studies\/hach-grusskarten-konfigurator-web-app-b2b\/","name":"Greeting card configurator B2B WebApp - Case Study HACH","isPartOf":{"@id":"https:\/\/kombinat-berlin.de\/#website"},"primaryImageOfPage":{"@id":"https:\/\/kombinat-berlin.de\/case-studies\/hach-grusskarten-konfigurator-web-app-b2b\/#primaryimage"},"image":{"@id":"https:\/\/kombinat-berlin.de\/case-studies\/hach-grusskarten-konfigurator-web-app-b2b\/#primaryimage"},"thumbnailUrl":"https:\/\/kombinat-berlin.de\/wp-content\/uploads\/2024\/04\/b2b-ecommerce-magento-webapp-grusskartendesigner-ergebnis-kombinat-s.webp","datePublished":"2024-04-26T11:56:13+00:00","dateModified":"2025-03-11T10:44:03+00:00","description":"Layouts can be freely customised. A preview shows the result. The finished design is sent directly to print as a PDF.","breadcrumb":{"@id":"https:\/\/kombinat-berlin.de\/case-studies\/hach-grusskarten-konfigurator-web-app-b2b\/#breadcrumb"},"inLanguage":"en-GB","potentialAction":[{"@type":"ReadAction","target":["https:\/\/kombinat-berlin.de\/case-studies\/hach-grusskarten-konfigurator-web-app-b2b\/"]}]},{"@type":"ImageObject","inLanguage":"en-GB","@id":"https:\/\/kombinat-berlin.de\/case-studies\/hach-grusskarten-konfigurator-web-app-b2b\/#primaryimage","url":"https:\/\/kombinat-berlin.de\/wp-content\/uploads\/2024\/04\/b2b-ecommerce-magento-webapp-grusskartendesigner-ergebnis-kombinat-s.webp","contentUrl":"https:\/\/kombinat-berlin.de\/wp-content\/uploads\/2024\/04\/b2b-ecommerce-magento-webapp-grusskartendesigner-ergebnis-kombinat-s.webp","width":840,"height":840,"caption":"Gru\u00dfkarten Designer \u2013 vue.js WebApp f\u00fcr indivuelle Gru\u00dfkarten Case Study"},{"@type":"BreadcrumbList","@id":"https:\/\/kombinat-berlin.de\/case-studies\/hach-grusskarten-konfigurator-web-app-b2b\/#breadcrumb","itemListElement":[{"@type":"ListItem","position":1,"name":"Startseite","item":"https:\/\/kombinat-berlin.de\/"},{"@type":"ListItem","position":2,"name":"Case Studies","item":"https:\/\/kombinat-berlin.de\/case-studies\/"},{"@type":"ListItem","position":3,"name":"HACH \u2013 Gru\u00dfkarten Konfigurator Web App B2B"}]},{"@type":"WebSite","@id":"https:\/\/kombinat-berlin.de\/#website","url":"https:\/\/kombinat-berlin.de\/","name":"KOMBINAT","description":"More sales and growth through easy-to-use B2B online shops for manufacturers and brands.","publisher":{"@id":"https:\/\/kombinat-berlin.de\/#organization"},"potentialAction":[{"@type":"SearchAction","target":{"@type":"EntryPoint","urlTemplate":"https:\/\/kombinat-berlin.de\/?s={search_term_string}"},"query-input":{"@type":"PropertyValueSpecification","valueRequired":true,"valueName":"search_term_string"}}],"inLanguage":"en-GB"},{"@type":"Organization","@id":"https:\/\/kombinat-berlin.de\/#organization","name":"Kombinat GmbH","url":"https:\/\/kombinat-berlin.de\/","logo":{"@type":"ImageObject","inLanguage":"en-GB","@id":"https:\/\/kombinat-berlin.de\/#\/schema\/logo\/image\/","url":"https:\/\/kombinat-berlin.de\/wp-content\/uploads\/2024\/05\/cropped-favicon.png","contentUrl":"https:\/\/kombinat-berlin.de\/wp-content\/uploads\/2024\/05\/cropped-favicon.png","width":512,"height":512,"caption":"Kombinat GmbH"},"image":{"@id":"https:\/\/kombinat-berlin.de\/#\/schema\/logo\/image\/"},"sameAs":["https:\/\/www.linkedin.com\/company\/kombinatberlin","https:\/\/www.instagram.com\/kombinatberlin\/"]}]}},"_links":{"self":[{"href":"https:\/\/kombinat-berlin.de\/en\/wp-json\/wp\/v2\/pages\/1068","targetHints":{"allow":["GET"]}}],"collection":[{"href":"https:\/\/kombinat-berlin.de\/en\/wp-json\/wp\/v2\/pages"}],"about":[{"href":"https:\/\/kombinat-berlin.de\/en\/wp-json\/wp\/v2\/types\/page"}],"author":[{"embeddable":true,"href":"https:\/\/kombinat-berlin.de\/en\/wp-json\/wp\/v2\/users\/2"}],"replies":[{"embeddable":true,"href":"https:\/\/kombinat-berlin.de\/en\/wp-json\/wp\/v2\/comments?post=1068"}],"version-history":[{"count":18,"href":"https:\/\/kombinat-berlin.de\/en\/wp-json\/wp\/v2\/pages\/1068\/revisions"}],"predecessor-version":[{"id":2664,"href":"https:\/\/kombinat-berlin.de\/en\/wp-json\/wp\/v2\/pages\/1068\/revisions\/2664"}],"up":[{"embeddable":true,"href":"https:\/\/kombinat-berlin.de\/en\/wp-json\/wp\/v2\/pages\/28"}],"wp:featuredmedia":[{"embeddable":true,"href":"https:\/\/kombinat-berlin.de\/en\/wp-json\/wp\/v2\/media\/857"}],"wp:attachment":[{"href":"https:\/\/kombinat-berlin.de\/en\/wp-json\/wp\/v2\/media?parent=1068"}],"curies":[{"name":"wp","href":"https:\/\/api.w.org\/{rel}","templated":true}]}}