{"id":1045,"date":"2024-04-26T12:16:14","date_gmt":"2024-04-26T10:16:14","guid":{"rendered":"https:\/\/preview.kombinat-berlin.de\/?page_id=1045"},"modified":"2025-06-25T12:12:27","modified_gmt":"2025-06-25T10:12:27","slug":"hach-promotional-items-b2b-magento-online-shop","status":"publish","type":"page","link":"https:\/\/kombinat-berlin.de\/en\/case-studies\/hach-werbeartikel-b2b-magento-onlineshop\/","title":{"rendered":"HACH promotional products B2B Magento online shop"},"content":{"rendered":"<div class=\"page-title-section-wrapper\">\n  <section class=\"page-title-section container-fluid blue   bg-pattern default\">\n    <div class=\"row\"><div class=\"col-12 col-lg-8 headline-column\"><div class=\"label\"><p>User testing B2B e-commerce<\/p>\n<\/div><h1>HACH Werbeartikel - B2B Magento online shop<\/h1><\/div><\/div><div class=\"row\"><div class=\"col-12 col-lg-8 text-column text\"><p>HACH has been selling promotional products to business customers (B2B) for over 80 years. The products are finished in its own print shop in the Rhine-Main region. Originally a classic catalogue mail order company, HACH has been working with Kombinat for over 10 years to consistently develop online sales, which quickly became the most important sales channel.<\/p>\n<\/div><\/div><a href=\"#main\" target=\"_self\" class=\"button-secondary-down scroll-down-button\">View details<\/a>  <\/section>\n<\/div>\n\n<section class=\"container-fluid full-image image-contain\" style=\"background-color: #ffffff !important;\"><div class=\"row\"><div class=\"col-12\"><img loading=\"lazy\" decoding=\"async\" width=\"1920\" height=\"1080\" src=\"https:\/\/kombinat-berlin.de\/wp-content\/uploads\/2024\/04\/b2b-magento-onlineshop-hach.jpg\" class=\"attachment-full size-full\" alt=\"HACH promotional products B2B Magento online shop case study Kombinat\" srcset=\"https:\/\/kombinat-berlin.de\/wp-content\/uploads\/2024\/04\/b2b-magento-onlineshop-hach.jpg 1920w, https:\/\/kombinat-berlin.de\/wp-content\/uploads\/2024\/04\/b2b-magento-onlineshop-hach-300x169.jpg 300w, https:\/\/kombinat-berlin.de\/wp-content\/uploads\/2024\/04\/b2b-magento-onlineshop-hach-1024x576.jpg 1024w, https:\/\/kombinat-berlin.de\/wp-content\/uploads\/2024\/04\/b2b-magento-onlineshop-hach-768x432.jpg 768w, https:\/\/kombinat-berlin.de\/wp-content\/uploads\/2024\/04\/b2b-magento-onlineshop-hach-1536x864.jpg 1536w\" sizes=\"auto, (max-width: 1920px) 100vw, 1920px\" \/><\/div><\/div><\/section>\n\n<section id=\"main\"  class=\"text-section container-fluid sky-a default\">\n  <div class=\"row\">\n    <div class=\"col-12 col-lg-8 offset-lg-2\">\n      <h2>The challenge<\/h2><div class=\"text\"><p>B2B customers also expect binding prices. As a print service provider with a very diverse product catalogue ranging from ballpoint pens to umbrellas, HACH requires an exceptionally modular price calculation. The printing costs change depending on the type of print, number of colours and purchase quantities. No shop system can map this on its own.<\/p>\n<p>HACH's established and highly customised merchandise management system\/ERP must be seamlessly connected to the online shop. All product data, availability, orders, customer data and order status must be exchanged continuously and promptly between the two systems.<\/p>\n<p>The online shop must be continuously developed and run smoothly at all times. Even with frequent changes to the shop system, the risk of errors should be minimised.<\/p>\n<p>The transformation from a traditional catalogue mail order company to an online retailer is very challenging, both technically and for all employees and managers. <\/p>\n<a href=\"https:\/\/www.hach.de\/\" target=\"_blank\" class=\"button-secondary  left\">hach.de<\/a><\/div>    <\/div>\n  <\/div>\n<\/section>\n\n<section class=\"container-fluid full-image image-contain\" style=\"background-color: #ffffff !important;\"><div class=\"row\"><div class=\"col-12\"><img loading=\"lazy\" decoding=\"async\" width=\"1920\" height=\"1080\" src=\"https:\/\/kombinat-berlin.de\/wp-content\/uploads\/2024\/04\/b2b-magento-onlineshop-hach-seiten.jpg\" class=\"attachment-full size-full\" alt=\"HACH promotional products B2B Magento online shop case study Kombinat\" srcset=\"https:\/\/kombinat-berlin.de\/wp-content\/uploads\/2024\/04\/b2b-magento-onlineshop-hach-seiten.jpg 1920w, https:\/\/kombinat-berlin.de\/wp-content\/uploads\/2024\/04\/b2b-magento-onlineshop-hach-seiten-300x169.jpg 300w, https:\/\/kombinat-berlin.de\/wp-content\/uploads\/2024\/04\/b2b-magento-onlineshop-hach-seiten-1024x576.jpg 1024w, https:\/\/kombinat-berlin.de\/wp-content\/uploads\/2024\/04\/b2b-magento-onlineshop-hach-seiten-768x432.jpg 768w, https:\/\/kombinat-berlin.de\/wp-content\/uploads\/2024\/04\/b2b-magento-onlineshop-hach-seiten-1536x864.jpg 1536w\" sizes=\"auto, (max-width: 1920px) 100vw, 1920px\" \/><\/div><\/div><\/section>\n\n<section  class=\"container-fluid text-slider-section blue\">\n  <div class=\"row\"><div class=\"col-10 offset-1 col-lg-10 offset-lg-1 headline\"><h2>This is what the customer says about our cooperation: <\/h2><\/div><\/div><div class=\"row\"><div class=\"col-10 offset-1 col-lg-8 offset-lg-2\"><div class=\"text-slider js-text-slider\"><div class=\"text-slide\"><div class=\"text\"><p>&#8222;Die Zusammenarbeit mit Kombinat war von h\u00f6chster Professionalit\u00e4t gepr\u00e4gt. Von der ersten Beratung bis zur Umsetzung \u00fcberzeugte das Team durch Fachkompetenz, Engagement und eine l\u00f6sungsorientierte Herangehensweise. Besonders beeindruckend war die F\u00e4higkeit, unsere individuellen Anforderungen pr\u00e4zise zu erfassen und in eine ma\u00dfgeschneiderte L\u00f6sung zu \u00fcberf\u00fchren. Dank der strukturierten und effizienten Arbeitsweise wurden alle Projektziele termingerecht erreicht. Wir sch\u00e4tzen die partnerschaftliche Zusammenarbeit und k\u00f6nnen Kombinat uneingeschr\u00e4nkt weiterempfehlen.&#8220;<\/p>\n<p class=\"author\">Florian Neidig Managing Director at Hach GmbH &amp; Co. KG<\/p><\/div><\/div><\/div><\/div><\/div><\/section>\n\n<section id=\"main\"  class=\"text-section container-fluid sky-a default\">\n  <div class=\"row\">\n    <div class=\"col-12 col-lg-8 offset-lg-2\">\n      <h2>The solution<\/h2><div class=\"text\"><p>Magento 2 has proven itself as a broad foundation for the diverse and demanding technical requirements. In addition to the very extensive functions, Magento also offers a powerful framework for the customised development of features. For example, the complex pricing for the print price could be implemented using a separate price calculation system within Magento.  <\/p>\n<p>The highly customised ERP was connected to the HACH online shop via a connector developed in-house. Data from the ERP is imported and then converted and enriched. Numerous functions of a PIM (Product Information Management) system are thus taken over. Order and customer data is transferred to the ERP and checked for duplicates. The processing of printing and despatch is transmitted to the shop via status changes from the ERP.<\/p>\n<p>The HACH online shop is continuously developed in an agile process. To avoid errors on the live system, numerous tests of the code and shop functionality have been created and run automatically during deployment. This ensures exceptionally high code quality and allows both HACH and us at Kombinat to work with peace of mind. As a test is added with every new feature, the test suite always remains up-to-date in this so-called \u201ctest-driven development\u201d. This means that both customers can order without any problems and HACH employees can work reliably in the system.<\/p>\n<p>Switching from a traditional catalogue supplier to an online mail order company is not easy for a long-established medium-sized company. It requires the willingness of the management and the full acceptance of all employees. This was built up in a continuous process in which knowledge was imparted and process optimisations were developed with HACH employees. The expertise in user experience design, which puts the customer - and in this case the employee - at the centre, helped here.<\/p>\n<\/div>    <\/div>\n  <\/div>\n<\/section>\n\n<section class=\"container-fluid full-image image-contain\" style=\"background-color: #ffffff !important;\"><div class=\"row\"><div class=\"col-12\"><img loading=\"lazy\" decoding=\"async\" width=\"1920\" height=\"1080\" src=\"https:\/\/kombinat-berlin.de\/wp-content\/uploads\/2024\/04\/b2b-magento-onlineshop-hach-struktur.jpg\" class=\"attachment-full size-full\" alt=\"HACH promotional products B2B Magento online shop case study Kombinat\" srcset=\"https:\/\/kombinat-berlin.de\/wp-content\/uploads\/2024\/04\/b2b-magento-onlineshop-hach-struktur.jpg 1920w, https:\/\/kombinat-berlin.de\/wp-content\/uploads\/2024\/04\/b2b-magento-onlineshop-hach-struktur-300x169.jpg 300w, https:\/\/kombinat-berlin.de\/wp-content\/uploads\/2024\/04\/b2b-magento-onlineshop-hach-struktur-1024x576.jpg 1024w, https:\/\/kombinat-berlin.de\/wp-content\/uploads\/2024\/04\/b2b-magento-onlineshop-hach-struktur-768x432.jpg 768w, https:\/\/kombinat-berlin.de\/wp-content\/uploads\/2024\/04\/b2b-magento-onlineshop-hach-struktur-1536x864.jpg 1536w\" sizes=\"auto, (max-width: 1920px) 100vw, 1920px\" \/><\/div><\/div><\/section>\n\n<section id=\"main\"  class=\"text-section container-fluid sky-a default\">\n  <div class=\"row\">\n    <div class=\"col-12 col-lg-8 offset-lg-2\">\n      <h2>The benefit<\/h2><div class=\"text\"><p>Magento provides HACH with a shop system that has proven itself time and time again over the years. It is stable, reliable, highly customisable and scalable.<\/p>\n<p>The ERP is the central software in a retail company. It was therefore important that product data is maintained centrally there and always remains up-to-date in the online shop sales channel. Nevertheless, there was a lot of important product data that needed to be added or adapted. This could be done automatically using the connector, saving shop managers a lot of time.<\/p>\n<p>Automated tests detect errors at an early stage before they can cause any damage. This enables customers to make a smooth purchase in the shop and relieves the burden on HACH support staff.<\/p>\n<\/div>    <\/div>\n  <\/div>\n<\/section>\n\n<section class=\"container-fluid full-image image-contain\" style=\"background-color: #ffffff !important;\"><div class=\"row\"><div class=\"col-12\"><img loading=\"lazy\" decoding=\"async\" width=\"1920\" height=\"1080\" src=\"https:\/\/kombinat-berlin.de\/wp-content\/uploads\/2024\/04\/b2b-magento-onlineshop-hach-werk.jpg\" class=\"attachment-full size-full\" alt=\"HACH promotional products B2B Magento online shop case study Kombinat\" srcset=\"https:\/\/kombinat-berlin.de\/wp-content\/uploads\/2024\/04\/b2b-magento-onlineshop-hach-werk.jpg 1920w, https:\/\/kombinat-berlin.de\/wp-content\/uploads\/2024\/04\/b2b-magento-onlineshop-hach-werk-300x169.jpg 300w, https:\/\/kombinat-berlin.de\/wp-content\/uploads\/2024\/04\/b2b-magento-onlineshop-hach-werk-1024x576.jpg 1024w, https:\/\/kombinat-berlin.de\/wp-content\/uploads\/2024\/04\/b2b-magento-onlineshop-hach-werk-768x432.jpg 768w, https:\/\/kombinat-berlin.de\/wp-content\/uploads\/2024\/04\/b2b-magento-onlineshop-hach-werk-1536x864.jpg 1536w\" sizes=\"auto, (max-width: 1920px) 100vw, 1920px\" \/><\/div><\/div><\/section>\n\n<section id=\"main\"  class=\"text-section container-fluid sky-a default\">\n  <div class=\"row\">\n    <div class=\"col-12 col-lg-8 offset-lg-2\">\n      <h2>The result<\/h2><div class=\"text\"><p>HACH has been able to develop its business and prospects extremely positively with these measures. The company has a clear agenda in which new centralised systems are being integrated to improve work processes and increase sales. The new competences in digital sales together with decades of experience as an advertising print manufacturer are a perfect match, which is also well received by customers. A well-rehearsed team from HACH and Kombinat is working continuously and focussed on further development. The joint experience and accumulated know-how is a great advantage in recognising opportunities and exploiting synergies.<\/p>\n<\/div>    <\/div>\n  <\/div>\n<\/section>\n\n<section  class=\"container-fluid text-slider-section blue\">\n  <div class=\"row\"><div class=\"col-10 offset-1 col-lg-10 offset-lg-1 headline\"><h2>This is what the customer says about our cooperation: <\/h2><\/div><\/div><div class=\"row\"><div class=\"col-10 offset-1 col-lg-8 offset-lg-2\"><div class=\"text-slider js-text-slider\"><div class=\"text-slide\"><div class=\"text\"><p>&#8222;Besonders gefallen hat uns, wie technisch hochanspruchsvolle Problemstellungen systematisch strukturiert und umsetzbar gemacht wurden.&#8220;<\/p>\n<p class=\"author\">Kurt Schnellb\u00e4cher, Managing Director HACH GmbH &amp; Co. KG<\/p><\/div><\/div><\/div><\/div><\/div><\/section>\n\n<section  class=\"image-text-section container-fluid flip-column-order alt-variant sun\">\n  <div class=\"row\">\n    <div class=\"col-12 col-lg-3 image-column\"><img loading=\"lazy\" decoding=\"async\" width=\"600\" height=\"600\" src=\"https:\/\/kombinat-berlin.de\/wp-content\/uploads\/2024\/02\/Kombinat-K.webp\" class=\"attachment-full size-full\" alt=\"K for combine\" srcset=\"https:\/\/kombinat-berlin.de\/wp-content\/uploads\/2024\/02\/Kombinat-K.webp 600w, https:\/\/kombinat-berlin.de\/wp-content\/uploads\/2024\/02\/Kombinat-K-300x300.webp 300w, https:\/\/kombinat-berlin.de\/wp-content\/uploads\/2024\/02\/Kombinat-K-150x150.webp 150w\" sizes=\"auto, (max-width: 600px) 100vw, 600px\" \/><\/div><div class=\"col-12 col-lg-9 text-column\"><h2>Do you have a similar project?<\/h2><div class=\"text\"><p>We would be happy to tell you more about the project and answer your questions. Get in touch with us!<\/p>\n<a href=\"https:\/\/kombinat-berlin.de\/en\/contact\/#terminbuchung\" target=\"_self\" class=\"button calendar icon left\">Discuss project now<\/a><\/div><\/div>  <\/div>\n<\/section>","protected":false},"excerpt":{"rendered":"<p>HACH Werbeartikel - B2B Magento online shop<\/p>","protected":false},"author":2,"featured_media":840,"parent":28,"menu_order":0,"comment_status":"closed","ping_status":"closed","template":"","meta":{"_acf_changed":false,"footnotes":""},"class_list":["post-1045","page","type-page","status-publish","has-post-thumbnail","hentry"],"acf":[],"yoast_head":"<!-- This site is optimized with the Yoast SEO Premium plugin v27.3 (Yoast SEO v27.3) - https:\/\/yoast.com\/product\/yoast-seo-premium-wordpress\/ -->\n<title>B2B Magento Onlineshop \u2013 Case Study HACH Werbeartikel<\/title>\n<meta name=\"description\" content=\"Der Druckdienstleister mit diversem Katalog ben\u00f6tigt eine modulare Preisberechnung. Die Kosten \u00e4ndern sich je nach Druckart, Anzahl der Farben und Abnahmemengen.\" \/>\n<meta name=\"robots\" content=\"index, follow, max-snippet:-1, max-image-preview:large, max-video-preview:-1\" \/>\n<link rel=\"canonical\" href=\"https:\/\/kombinat-berlin.de\/en\/case-studies\/hach-promotional-items-b2b-magento-online-shop\/\" \/>\n<meta property=\"og:locale\" content=\"en_GB\" \/>\n<meta property=\"og:type\" content=\"article\" \/>\n<meta property=\"og:title\" content=\"HACH Werbeartikel B2B Magento Onlineshop\" \/>\n<meta property=\"og:description\" content=\"Der Druckdienstleister mit diversem Katalog ben\u00f6tigt eine modulare Preisberechnung. Die Kosten \u00e4ndern sich je nach Druckart, Anzahl der Farben und Abnahmemengen.\" \/>\n<meta property=\"og:url\" content=\"https:\/\/kombinat-berlin.de\/en\/case-studies\/hach-promotional-items-b2b-magento-online-shop\/\" \/>\n<meta property=\"og:site_name\" content=\"KOMBINAT\" \/>\n<meta property=\"article:publisher\" content=\"https:\/\/www.linkedin.com\/company\/kombinatberlin\" \/>\n<meta property=\"article:modified_time\" content=\"2025-06-25T10:12:27+00:00\" \/>\n<meta property=\"og:image\" content=\"https:\/\/kombinat-berlin.de\/wp-content\/uploads\/2024\/04\/b2b-magento-onlineshop-hach-teaser02.jpg\" \/>\n\t<meta property=\"og:image:width\" content=\"1920\" \/>\n\t<meta property=\"og:image:height\" content=\"1920\" \/>\n\t<meta property=\"og:image:type\" content=\"image\/jpeg\" \/>\n<meta name=\"twitter:card\" content=\"summary_large_image\" \/>\n<meta name=\"twitter:label1\" content=\"Estimated reading time\" \/>\n\t<meta name=\"twitter:data1\" content=\"6 minutes\" \/>\n<script type=\"application\/ld+json\" class=\"yoast-schema-graph\">{\"@context\":\"https:\\\/\\\/schema.org\",\"@graph\":[{\"@type\":\"WebPage\",\"@id\":\"https:\\\/\\\/kombinat-berlin.de\\\/case-studies\\\/hach-werbeartikel-b2b-magento-onlineshop\\\/\",\"url\":\"https:\\\/\\\/kombinat-berlin.de\\\/case-studies\\\/hach-werbeartikel-b2b-magento-onlineshop\\\/\",\"name\":\"B2B Magento Onlineshop \u2013 Case Study HACH Werbeartikel\",\"isPartOf\":{\"@id\":\"https:\\\/\\\/kombinat-berlin.de\\\/#website\"},\"primaryImageOfPage\":{\"@id\":\"https:\\\/\\\/kombinat-berlin.de\\\/case-studies\\\/hach-werbeartikel-b2b-magento-onlineshop\\\/#primaryimage\"},\"image\":{\"@id\":\"https:\\\/\\\/kombinat-berlin.de\\\/case-studies\\\/hach-werbeartikel-b2b-magento-onlineshop\\\/#primaryimage\"},\"thumbnailUrl\":\"https:\\\/\\\/kombinat-berlin.de\\\/wp-content\\\/uploads\\\/2024\\\/04\\\/b2b-magento-onlineshop-hach-teaser02.jpg\",\"datePublished\":\"2024-04-26T10:16:14+00:00\",\"dateModified\":\"2025-06-25T10:12:27+00:00\",\"description\":\"Der Druckdienstleister mit diversem Katalog ben\u00f6tigt eine modulare Preisberechnung. Die Kosten \u00e4ndern sich je nach Druckart, Anzahl der Farben und Abnahmemengen.\",\"breadcrumb\":{\"@id\":\"https:\\\/\\\/kombinat-berlin.de\\\/case-studies\\\/hach-werbeartikel-b2b-magento-onlineshop\\\/#breadcrumb\"},\"inLanguage\":\"en-GB\",\"potentialAction\":[{\"@type\":\"ReadAction\",\"target\":[\"https:\\\/\\\/kombinat-berlin.de\\\/case-studies\\\/hach-werbeartikel-b2b-magento-onlineshop\\\/\"]}]},{\"@type\":\"ImageObject\",\"inLanguage\":\"en-GB\",\"@id\":\"https:\\\/\\\/kombinat-berlin.de\\\/case-studies\\\/hach-werbeartikel-b2b-magento-onlineshop\\\/#primaryimage\",\"url\":\"https:\\\/\\\/kombinat-berlin.de\\\/wp-content\\\/uploads\\\/2024\\\/04\\\/b2b-magento-onlineshop-hach-teaser02.jpg\",\"contentUrl\":\"https:\\\/\\\/kombinat-berlin.de\\\/wp-content\\\/uploads\\\/2024\\\/04\\\/b2b-magento-onlineshop-hach-teaser02.jpg\",\"width\":1920,\"height\":1920,\"caption\":\"HACH \u2013 B2B Magento 2 Shop mit individuellen Preisberechnungssystem-Feature Case Study\"},{\"@type\":\"BreadcrumbList\",\"@id\":\"https:\\\/\\\/kombinat-berlin.de\\\/case-studies\\\/hach-werbeartikel-b2b-magento-onlineshop\\\/#breadcrumb\",\"itemListElement\":[{\"@type\":\"ListItem\",\"position\":1,\"name\":\"Startseite\",\"item\":\"https:\\\/\\\/kombinat-berlin.de\\\/\"},{\"@type\":\"ListItem\",\"position\":2,\"name\":\"Case Studies\",\"item\":\"https:\\\/\\\/kombinat-berlin.de\\\/case-studies\\\/\"},{\"@type\":\"ListItem\",\"position\":3,\"name\":\"HACH Werbeartikel B2B Magento Onlineshop\"}]},{\"@type\":\"WebSite\",\"@id\":\"https:\\\/\\\/kombinat-berlin.de\\\/#website\",\"url\":\"https:\\\/\\\/kombinat-berlin.de\\\/\",\"name\":\"Kombinat\",\"description\":\"Mehr Umsatz und Wachstum durch leichtg\u00e4ngige B2B-Onlineshops f\u00fcr Hersteller und Brands.\",\"publisher\":{\"@id\":\"https:\\\/\\\/kombinat-berlin.de\\\/#organization\"},\"potentialAction\":[{\"@type\":\"SearchAction\",\"target\":{\"@type\":\"EntryPoint\",\"urlTemplate\":\"https:\\\/\\\/kombinat-berlin.de\\\/?s={search_term_string}\"},\"query-input\":{\"@type\":\"PropertyValueSpecification\",\"valueRequired\":true,\"valueName\":\"search_term_string\"}}],\"inLanguage\":\"en-GB\"},{\"@type\":\"Organization\",\"@id\":\"https:\\\/\\\/kombinat-berlin.de\\\/#organization\",\"name\":\"Kombinat GmbH\",\"url\":\"https:\\\/\\\/kombinat-berlin.de\\\/\",\"logo\":{\"@type\":\"ImageObject\",\"inLanguage\":\"en-GB\",\"@id\":\"https:\\\/\\\/kombinat-berlin.de\\\/#\\\/schema\\\/logo\\\/image\\\/\",\"url\":\"https:\\\/\\\/kombinat-berlin.de\\\/wp-content\\\/uploads\\\/2024\\\/05\\\/cropped-favicon.png\",\"contentUrl\":\"https:\\\/\\\/kombinat-berlin.de\\\/wp-content\\\/uploads\\\/2024\\\/05\\\/cropped-favicon.png\",\"width\":512,\"height\":512,\"caption\":\"Kombinat GmbH\"},\"image\":{\"@id\":\"https:\\\/\\\/kombinat-berlin.de\\\/#\\\/schema\\\/logo\\\/image\\\/\"},\"sameAs\":[\"https:\\\/\\\/www.linkedin.com\\\/company\\\/kombinatberlin\",\"https:\\\/\\\/www.instagram.com\\\/kombinatberlin\\\/\"]}]}<\/script>\n<!-- \/ Yoast SEO Premium plugin. -->","yoast_head_json":{"title":"B2B Magento online shop - Case Study HACH Werbeartikel","description":"The print service provider with a diverse catalogue requires a modular price calculation. The costs vary depending on the type of print, number of colours and quantities ordered.","robots":{"index":"index","follow":"follow","max-snippet":"max-snippet:-1","max-image-preview":"max-image-preview:large","max-video-preview":"max-video-preview:-1"},"canonical":"https:\/\/kombinat-berlin.de\/en\/case-studies\/hach-promotional-items-b2b-magento-online-shop\/","og_locale":"en_GB","og_type":"article","og_title":"HACH Werbeartikel B2B Magento Onlineshop","og_description":"Der Druckdienstleister mit diversem Katalog ben\u00f6tigt eine modulare Preisberechnung. Die Kosten \u00e4ndern sich je nach Druckart, Anzahl der Farben und Abnahmemengen.","og_url":"https:\/\/kombinat-berlin.de\/en\/case-studies\/hach-promotional-items-b2b-magento-online-shop\/","og_site_name":"KOMBINAT","article_publisher":"https:\/\/www.linkedin.com\/company\/kombinatberlin","article_modified_time":"2025-06-25T10:12:27+00:00","og_image":[{"width":1920,"height":1920,"url":"https:\/\/kombinat-berlin.de\/wp-content\/uploads\/2024\/04\/b2b-magento-onlineshop-hach-teaser02.jpg","type":"image\/jpeg"}],"twitter_card":"summary_large_image","twitter_misc":{"Estimated reading time":"6 minutes"},"schema":{"@context":"https:\/\/schema.org","@graph":[{"@type":"WebPage","@id":"https:\/\/kombinat-berlin.de\/case-studies\/hach-werbeartikel-b2b-magento-onlineshop\/","url":"https:\/\/kombinat-berlin.de\/case-studies\/hach-werbeartikel-b2b-magento-onlineshop\/","name":"B2B Magento online shop - Case Study HACH Werbeartikel","isPartOf":{"@id":"https:\/\/kombinat-berlin.de\/#website"},"primaryImageOfPage":{"@id":"https:\/\/kombinat-berlin.de\/case-studies\/hach-werbeartikel-b2b-magento-onlineshop\/#primaryimage"},"image":{"@id":"https:\/\/kombinat-berlin.de\/case-studies\/hach-werbeartikel-b2b-magento-onlineshop\/#primaryimage"},"thumbnailUrl":"https:\/\/kombinat-berlin.de\/wp-content\/uploads\/2024\/04\/b2b-magento-onlineshop-hach-teaser02.jpg","datePublished":"2024-04-26T10:16:14+00:00","dateModified":"2025-06-25T10:12:27+00:00","description":"The print service provider with a diverse catalogue requires a modular price calculation. The costs vary depending on the type of print, number of colours and quantities ordered.","breadcrumb":{"@id":"https:\/\/kombinat-berlin.de\/case-studies\/hach-werbeartikel-b2b-magento-onlineshop\/#breadcrumb"},"inLanguage":"en-GB","potentialAction":[{"@type":"ReadAction","target":["https:\/\/kombinat-berlin.de\/case-studies\/hach-werbeartikel-b2b-magento-onlineshop\/"]}]},{"@type":"ImageObject","inLanguage":"en-GB","@id":"https:\/\/kombinat-berlin.de\/case-studies\/hach-werbeartikel-b2b-magento-onlineshop\/#primaryimage","url":"https:\/\/kombinat-berlin.de\/wp-content\/uploads\/2024\/04\/b2b-magento-onlineshop-hach-teaser02.jpg","contentUrl":"https:\/\/kombinat-berlin.de\/wp-content\/uploads\/2024\/04\/b2b-magento-onlineshop-hach-teaser02.jpg","width":1920,"height":1920,"caption":"HACH \u2013 B2B Magento 2 Shop mit individuellen Preisberechnungssystem-Feature Case Study"},{"@type":"BreadcrumbList","@id":"https:\/\/kombinat-berlin.de\/case-studies\/hach-werbeartikel-b2b-magento-onlineshop\/#breadcrumb","itemListElement":[{"@type":"ListItem","position":1,"name":"Startseite","item":"https:\/\/kombinat-berlin.de\/"},{"@type":"ListItem","position":2,"name":"Case Studies","item":"https:\/\/kombinat-berlin.de\/case-studies\/"},{"@type":"ListItem","position":3,"name":"HACH Werbeartikel B2B Magento Onlineshop"}]},{"@type":"WebSite","@id":"https:\/\/kombinat-berlin.de\/#website","url":"https:\/\/kombinat-berlin.de\/","name":"KOMBINAT","description":"More sales and growth through easy-to-use B2B online shops for manufacturers and brands.","publisher":{"@id":"https:\/\/kombinat-berlin.de\/#organization"},"potentialAction":[{"@type":"SearchAction","target":{"@type":"EntryPoint","urlTemplate":"https:\/\/kombinat-berlin.de\/?s={search_term_string}"},"query-input":{"@type":"PropertyValueSpecification","valueRequired":true,"valueName":"search_term_string"}}],"inLanguage":"en-GB"},{"@type":"Organization","@id":"https:\/\/kombinat-berlin.de\/#organization","name":"Kombinat GmbH","url":"https:\/\/kombinat-berlin.de\/","logo":{"@type":"ImageObject","inLanguage":"en-GB","@id":"https:\/\/kombinat-berlin.de\/#\/schema\/logo\/image\/","url":"https:\/\/kombinat-berlin.de\/wp-content\/uploads\/2024\/05\/cropped-favicon.png","contentUrl":"https:\/\/kombinat-berlin.de\/wp-content\/uploads\/2024\/05\/cropped-favicon.png","width":512,"height":512,"caption":"Kombinat GmbH"},"image":{"@id":"https:\/\/kombinat-berlin.de\/#\/schema\/logo\/image\/"},"sameAs":["https:\/\/www.linkedin.com\/company\/kombinatberlin","https:\/\/www.instagram.com\/kombinatberlin\/"]}]}},"_links":{"self":[{"href":"https:\/\/kombinat-berlin.de\/en\/wp-json\/wp\/v2\/pages\/1045","targetHints":{"allow":["GET"]}}],"collection":[{"href":"https:\/\/kombinat-berlin.de\/en\/wp-json\/wp\/v2\/pages"}],"about":[{"href":"https:\/\/kombinat-berlin.de\/en\/wp-json\/wp\/v2\/types\/page"}],"author":[{"embeddable":true,"href":"https:\/\/kombinat-berlin.de\/en\/wp-json\/wp\/v2\/users\/2"}],"replies":[{"embeddable":true,"href":"https:\/\/kombinat-berlin.de\/en\/wp-json\/wp\/v2\/comments?post=1045"}],"version-history":[{"count":27,"href":"https:\/\/kombinat-berlin.de\/en\/wp-json\/wp\/v2\/pages\/1045\/revisions"}],"predecessor-version":[{"id":2665,"href":"https:\/\/kombinat-berlin.de\/en\/wp-json\/wp\/v2\/pages\/1045\/revisions\/2665"}],"up":[{"embeddable":true,"href":"https:\/\/kombinat-berlin.de\/en\/wp-json\/wp\/v2\/pages\/28"}],"wp:featuredmedia":[{"embeddable":true,"href":"https:\/\/kombinat-berlin.de\/en\/wp-json\/wp\/v2\/media\/840"}],"wp:attachment":[{"href":"https:\/\/kombinat-berlin.de\/en\/wp-json\/wp\/v2\/media?parent=1045"}],"curies":[{"name":"wp","href":"https:\/\/api.w.org\/{rel}","templated":true}]}}