{"id":1035,"date":"2024-04-25T18:13:13","date_gmt":"2024-04-25T16:13:13","guid":{"rendered":"https:\/\/preview.kombinat-berlin.de\/?page_id=1035"},"modified":"2025-07-22T13:05:10","modified_gmt":"2025-07-22T11:05:10","slug":"teeshop-berlin-shopify-b2c-specialised-trade","status":"publish","type":"page","link":"https:\/\/kombinat-berlin.de\/en\/case-studies\/teeshop-berlin-shopify-b2c-fachhandel\/","title":{"rendered":"Teeshop Berlin"},"content":{"rendered":"<div class=\"page-title-section-wrapper\">\n  <section class=\"page-title-section container-fluid blue   bg-pattern default\">\n    <div class=\"row\"><div class=\"col-12 col-lg-8 headline-column\"><div class=\"label\"><p>E-Commerce B2C specialised trade<\/p>\n<\/div><h1>Teeshop Berlin - Shopify B2C<\/h1><\/div><\/div><div class=\"row\"><div class=\"col-12 col-lg-8 text-column text\"><p>The shop for the tea shop, which has been popular for 30 years, was migrated from the historical shop system ePages to Shopify. In the new Shopify shop, the corporate design was refreshed and some functions were added. A POS was connected for the busy shop. Result: 50% more clicks, 10% higher CTR, 25% more sales. And much easier operation of the backend by the shop managers.<\/p>\n<\/div><\/div><a href=\"#main\" target=\"_self\" class=\"button-secondary-down scroll-down-button\">View details<\/a>  <\/section>\n<\/div>\n\n<section id=\"main\"  class=\"text-section container-fluid sky-a default\">\n  <div class=\"row\">\n    <div class=\"col-12 col-lg-8 offset-lg-2\">\n      <h2>The challenge<\/h2><div class=\"text\"><p>The Teeshop Berlin has been a place for tea lovers for over 30 years and is now run by the second generation. The range includes over 300 Ronnefeldt brand teas and a large selection of renowned tea manufacturers. It also offers accessories for preparing and storing tea - in-store and now also online as a Shopify shop.<\/p>\n<p>Teeshop has a long-standing, broad customer base that also regularly orders tea and accessories online. The ageing online shop based on ePages was to be modernised in order to better meet contemporary requirements in terms of design, shop functions and reach. It was important to give the tea shop a fresher look and to make the brand tangible when shopping online without offending regular customers. At the same time, visibility in search engines could not be jeopardised by the changeover.<\/p>\n<a href=\"https:\/\/teeshop-berlin.de\/\" target=\"_blank\" class=\"button-secondary  left\">teeshop-berlin.de<\/a><\/div>    <\/div>\n  <\/div>\n<\/section>\n\n<section class=\"container-fluid full-image image-contain\" style=\"background-color: #edbf45 !important;\"><div class=\"row\"><div class=\"col-12\"><img loading=\"lazy\" decoding=\"async\" width=\"2560\" height=\"1440\" src=\"https:\/\/kombinat-berlin.de\/wp-content\/uploads\/2024\/02\/kb-shopify-case-teeshop-Desktop-scaled.jpg\" class=\"attachment-full size-full\" alt=\"Teeshop Berlin - Shopify B2C Combine Case Study\" srcset=\"https:\/\/kombinat-berlin.de\/wp-content\/uploads\/2024\/02\/kb-shopify-case-teeshop-Desktop-scaled.jpg 2560w, https:\/\/kombinat-berlin.de\/wp-content\/uploads\/2024\/02\/kb-shopify-case-teeshop-Desktop-300x169.jpg 300w, https:\/\/kombinat-berlin.de\/wp-content\/uploads\/2024\/02\/kb-shopify-case-teeshop-Desktop-1024x576.jpg 1024w, https:\/\/kombinat-berlin.de\/wp-content\/uploads\/2024\/02\/kb-shopify-case-teeshop-Desktop-768x432.jpg 768w, https:\/\/kombinat-berlin.de\/wp-content\/uploads\/2024\/02\/kb-shopify-case-teeshop-Desktop-1536x864.jpg 1536w, https:\/\/kombinat-berlin.de\/wp-content\/uploads\/2024\/02\/kb-shopify-case-teeshop-Desktop-2048x1152.jpg 2048w\" sizes=\"auto, (max-width: 2560px) 100vw, 2560px\" \/><\/div><\/div><\/section>\n\n<section  class=\"text-section container-fluid sky-a default\">\n  <div class=\"row\">\n    <div class=\"col-12 col-lg-8 offset-lg-2\">\n      <h2>The solution<\/h2><div class=\"text\"><p>Shopify offers a professional platform for combining a brick-and-mortar store with an online channel, especially for a small retailer like Teeshop. The new shop was developed on the basis of a Shopify theme that is specially designed for multi-channel solutions with POS integration. Not without first working out all the requirements for the re-launch and development perspectives such as local pickup in a workshop together with the customer.<\/p>\n<\/div>    <\/div>\n  <\/div>\n<\/section>\n\n<section class=\"container-fluid full-image image-contain\" style=\"background-color: #edbf45 !important;\"><div class=\"row\"><div class=\"col-12\"><img loading=\"lazy\" decoding=\"async\" width=\"2446\" height=\"1391\" src=\"https:\/\/kombinat-berlin.de\/wp-content\/uploads\/2024\/02\/kb-shopify-case-teeshop-mobile.png\" class=\"attachment-full size-full\" alt=\"Teeshop Berlin - Shopify B2C Combine Case Study\" srcset=\"https:\/\/kombinat-berlin.de\/wp-content\/uploads\/2024\/02\/kb-shopify-case-teeshop-mobile.png 2446w, https:\/\/kombinat-berlin.de\/wp-content\/uploads\/2024\/02\/kb-shopify-case-teeshop-mobile-300x171.png 300w, https:\/\/kombinat-berlin.de\/wp-content\/uploads\/2024\/02\/kb-shopify-case-teeshop-mobile-1024x582.png 1024w, https:\/\/kombinat-berlin.de\/wp-content\/uploads\/2024\/02\/kb-shopify-case-teeshop-mobile-768x437.png 768w, https:\/\/kombinat-berlin.de\/wp-content\/uploads\/2024\/02\/kb-shopify-case-teeshop-mobile-1536x873.png 1536w, https:\/\/kombinat-berlin.de\/wp-content\/uploads\/2024\/02\/kb-shopify-case-teeshop-mobile-2048x1165.png 2048w\" sizes=\"auto, (max-width: 2446px) 100vw, 2446px\" \/><\/div><\/div><\/section>\n\n<section id=\"main\"  class=\"text-section container-fluid sky-a default\">\n  <div class=\"row\">\n    <div class=\"col-12 col-lg-8 offset-lg-2\">\n      <h2>The benefit<\/h2><div class=\"text\"><p>Teeshop is now ideally positioned for the coming years and can position itself strongly as an online speciality retailer in the segment. The appealing presentation of the products and the many conveniences of Shopify in terms of shop management, API integration, customer management and monitoring are a milestone in online business for our customer.<\/p>\n<\/div>    <\/div>\n  <\/div>\n<\/section>\n\n<section class=\"container-fluid full-image image-contain\" style=\"background-color: #edbf45 !important;\"><div class=\"row\"><div class=\"col-12\"><img loading=\"lazy\" decoding=\"async\" width=\"2446\" height=\"1391\" src=\"https:\/\/kombinat-berlin.de\/wp-content\/uploads\/2024\/02\/kb-shopify-case-tesshop-details.png\" class=\"attachment-full size-full\" alt=\"Teeshop Berlin - Shopify B2C Combine Case Study\" srcset=\"https:\/\/kombinat-berlin.de\/wp-content\/uploads\/2024\/02\/kb-shopify-case-tesshop-details.png 2446w, https:\/\/kombinat-berlin.de\/wp-content\/uploads\/2024\/02\/kb-shopify-case-tesshop-details-300x171.png 300w, https:\/\/kombinat-berlin.de\/wp-content\/uploads\/2024\/02\/kb-shopify-case-tesshop-details-1024x582.png 1024w, https:\/\/kombinat-berlin.de\/wp-content\/uploads\/2024\/02\/kb-shopify-case-tesshop-details-768x437.png 768w, https:\/\/kombinat-berlin.de\/wp-content\/uploads\/2024\/02\/kb-shopify-case-tesshop-details-1536x873.png 1536w, https:\/\/kombinat-berlin.de\/wp-content\/uploads\/2024\/02\/kb-shopify-case-tesshop-details-2048x1165.png 2048w\" sizes=\"auto, (max-width: 2446px) 100vw, 2446px\" \/><\/div><\/div><\/section>\n\n<section id=\"main\"  class=\"text-section container-fluid sky-a default\">\n  <div class=\"row\">\n    <div class=\"col-12 col-lg-8 offset-lg-2\">\n      <h2>The result<\/h2><div class=\"text\"><p>The new shop was launched as <a href=\"https:\/\/kombinat-berlin.de\/en\/shopify-partner-agency\/own-shopify-online-shop\/\"> Shopify Basic Package<\/a> with configuration and theme styling developed by us - including the apps required for the German market (e.g. for cookie consent). The theme was customised and expanded in certain areas, e.g. with the integration of a custom font. As the project progressed, the shopping experience was rounded off with additional apps. Of course, the customer was initially trained in the Shopify backend, but was also intensively supported by our project management team throughout the entire project and advised on all questions.<\/p>\n<\/div>    <\/div>\n  <\/div>\n<\/section>\n\n<section  class=\"container-fluid text-slider-section blue\">\n  <div class=\"row\"><div class=\"col-10 offset-1 col-lg-10 offset-lg-1 headline\"><h2>This is what the customer says about our cooperation: <\/h2><\/div><\/div><div class=\"row\"><div class=\"col-10 offset-1 col-lg-8 offset-lg-2\"><div class=\"text-slider js-text-slider\"><div class=\"text-slide\"><div class=\"text\"><p>&#8222;Das Duo Shopify x Kombinat hat sich f\u00fcr uns als gro\u00dfer Gewinn herausgestellt. Das Team von Kombinat ist dabei genau auf unsere W\u00fcnsche eingegangen und hat auch komplizierte Anforderungen schnell und zuverl\u00e4ssig umgesetzt. Wir freuen uns auf die weitere nachhaltige Zusammenarbeit mit Kombinat.&#8220;<\/p>\n<p class=\"author\">Sandra-Luisa Franke, owner of Teeshop Berlin<\/p><\/div><\/div><\/div><\/div><\/div><\/section>\n\n<section  class=\"image-text-section container-fluid flip-column-order alt-variant sun\">\n  <div class=\"row\">\n    <div class=\"col-12 col-lg-3 image-column\"><img loading=\"lazy\" decoding=\"async\" width=\"600\" height=\"600\" src=\"https:\/\/kombinat-berlin.de\/wp-content\/uploads\/2024\/02\/Kombinat-K.webp\" class=\"attachment-full size-full\" alt=\"K for combine\" srcset=\"https:\/\/kombinat-berlin.de\/wp-content\/uploads\/2024\/02\/Kombinat-K.webp 600w, https:\/\/kombinat-berlin.de\/wp-content\/uploads\/2024\/02\/Kombinat-K-300x300.webp 300w, https:\/\/kombinat-berlin.de\/wp-content\/uploads\/2024\/02\/Kombinat-K-150x150.webp 150w\" sizes=\"auto, (max-width: 600px) 100vw, 600px\" \/><\/div><div class=\"col-12 col-lg-9 text-column\"><h2>Do you have a similar project?<\/h2><div class=\"text\"><p>We would be happy to tell you more about the project and answer your questions. Get in touch with us!<\/p>\n<a href=\"https:\/\/kombinat-berlin.de\/en\/contact\/#terminbuchung\" target=\"_self\" class=\"button calendar icon left\">Discuss project now<\/a><\/div><\/div>  <\/div>\n<\/section>","protected":false},"excerpt":{"rendered":"<p>Teeshop Berlin - Shopify B2C<\/p>","protected":false},"author":2,"featured_media":140,"parent":28,"menu_order":0,"comment_status":"closed","ping_status":"closed","template":"","meta":{"_acf_changed":false,"footnotes":""},"class_list":["post-1035","page","type-page","status-publish","has-post-thumbnail","hentry"],"acf":[],"yoast_head":"<!-- This site is optimized with the Yoast SEO Premium plugin v27.3 (Yoast SEO v27.3) - https:\/\/yoast.com\/product\/yoast-seo-premium-wordpress\/ -->\n<title>B2C Shopify Fachhandel \u2013 Case Study: Teeshop Berlin<\/title>\n<meta name=\"description\" content=\"In diesem B2C-Shop wurde das Corporate Design aufgefrischt und einige Funktionen erg\u00e4nzt. Ergebnis: 50% mehr Klicks, 10% h\u00f6here CTR, 25% mehr Umsatz.\" \/>\n<meta name=\"robots\" content=\"index, follow, max-snippet:-1, max-image-preview:large, max-video-preview:-1\" \/>\n<link rel=\"canonical\" href=\"https:\/\/kombinat-berlin.de\/en\/case-studies\/teeshop-berlin-shopify-b2c-specialised-trade\/\" \/>\n<meta property=\"og:locale\" content=\"en_GB\" \/>\n<meta property=\"og:type\" content=\"article\" \/>\n<meta property=\"og:title\" content=\"Teeshop Berlin\" \/>\n<meta property=\"og:description\" content=\"In diesem B2C-Shop wurde das Corporate Design aufgefrischt und einige Funktionen erg\u00e4nzt. Ergebnis: 50% mehr Klicks, 10% h\u00f6here CTR, 25% mehr Umsatz.\" \/>\n<meta property=\"og:url\" content=\"https:\/\/kombinat-berlin.de\/en\/case-studies\/teeshop-berlin-shopify-b2c-specialised-trade\/\" \/>\n<meta property=\"og:site_name\" content=\"KOMBINAT\" \/>\n<meta property=\"article:publisher\" content=\"https:\/\/www.linkedin.com\/company\/kombinatberlin\" \/>\n<meta property=\"article:modified_time\" content=\"2025-07-22T11:05:10+00:00\" \/>\n<meta property=\"og:image\" content=\"https:\/\/kombinat-berlin.de\/wp-content\/uploads\/2024\/02\/teeshop.png\" \/>\n\t<meta property=\"og:image:width\" content=\"922\" \/>\n\t<meta property=\"og:image:height\" content=\"923\" \/>\n\t<meta property=\"og:image:type\" content=\"image\/png\" \/>\n<meta name=\"twitter:card\" content=\"summary_large_image\" \/>\n<meta name=\"twitter:label1\" content=\"Estimated reading time\" \/>\n\t<meta name=\"twitter:data1\" content=\"4 minutes\" \/>\n<script type=\"application\/ld+json\" class=\"yoast-schema-graph\">{\"@context\":\"https:\\\/\\\/schema.org\",\"@graph\":[{\"@type\":\"WebPage\",\"@id\":\"https:\\\/\\\/kombinat-berlin.de\\\/case-studies\\\/teeshop-berlin-shopify-b2c-fachhandel\\\/\",\"url\":\"https:\\\/\\\/kombinat-berlin.de\\\/case-studies\\\/teeshop-berlin-shopify-b2c-fachhandel\\\/\",\"name\":\"B2C Shopify Fachhandel \u2013 Case Study: Teeshop Berlin\",\"isPartOf\":{\"@id\":\"https:\\\/\\\/kombinat-berlin.de\\\/#website\"},\"primaryImageOfPage\":{\"@id\":\"https:\\\/\\\/kombinat-berlin.de\\\/case-studies\\\/teeshop-berlin-shopify-b2c-fachhandel\\\/#primaryimage\"},\"image\":{\"@id\":\"https:\\\/\\\/kombinat-berlin.de\\\/case-studies\\\/teeshop-berlin-shopify-b2c-fachhandel\\\/#primaryimage\"},\"thumbnailUrl\":\"https:\\\/\\\/kombinat-berlin.de\\\/wp-content\\\/uploads\\\/2024\\\/02\\\/teeshop.png\",\"datePublished\":\"2024-04-25T16:13:13+00:00\",\"dateModified\":\"2025-07-22T11:05:10+00:00\",\"description\":\"In diesem B2C-Shop wurde das Corporate Design aufgefrischt und einige Funktionen erg\u00e4nzt. Ergebnis: 50% mehr Klicks, 10% h\u00f6here CTR, 25% mehr Umsatz.\",\"breadcrumb\":{\"@id\":\"https:\\\/\\\/kombinat-berlin.de\\\/case-studies\\\/teeshop-berlin-shopify-b2c-fachhandel\\\/#breadcrumb\"},\"inLanguage\":\"en-GB\",\"potentialAction\":[{\"@type\":\"ReadAction\",\"target\":[\"https:\\\/\\\/kombinat-berlin.de\\\/case-studies\\\/teeshop-berlin-shopify-b2c-fachhandel\\\/\"]}]},{\"@type\":\"ImageObject\",\"inLanguage\":\"en-GB\",\"@id\":\"https:\\\/\\\/kombinat-berlin.de\\\/case-studies\\\/teeshop-berlin-shopify-b2c-fachhandel\\\/#primaryimage\",\"url\":\"https:\\\/\\\/kombinat-berlin.de\\\/wp-content\\\/uploads\\\/2024\\\/02\\\/teeshop.png\",\"contentUrl\":\"https:\\\/\\\/kombinat-berlin.de\\\/wp-content\\\/uploads\\\/2024\\\/02\\\/teeshop.png\",\"width\":922,\"height\":923,\"caption\":\"Teeshop Berlin \u2013 Shopify B2C Kombinat Case Study\"},{\"@type\":\"BreadcrumbList\",\"@id\":\"https:\\\/\\\/kombinat-berlin.de\\\/case-studies\\\/teeshop-berlin-shopify-b2c-fachhandel\\\/#breadcrumb\",\"itemListElement\":[{\"@type\":\"ListItem\",\"position\":1,\"name\":\"Startseite\",\"item\":\"https:\\\/\\\/kombinat-berlin.de\\\/\"},{\"@type\":\"ListItem\",\"position\":2,\"name\":\"Case Studies\",\"item\":\"https:\\\/\\\/kombinat-berlin.de\\\/case-studies\\\/\"},{\"@type\":\"ListItem\",\"position\":3,\"name\":\"Teeshop Berlin\"}]},{\"@type\":\"WebSite\",\"@id\":\"https:\\\/\\\/kombinat-berlin.de\\\/#website\",\"url\":\"https:\\\/\\\/kombinat-berlin.de\\\/\",\"name\":\"Kombinat\",\"description\":\"Mehr Umsatz und Wachstum durch leichtg\u00e4ngige B2B-Onlineshops f\u00fcr Hersteller und Brands.\",\"publisher\":{\"@id\":\"https:\\\/\\\/kombinat-berlin.de\\\/#organization\"},\"potentialAction\":[{\"@type\":\"SearchAction\",\"target\":{\"@type\":\"EntryPoint\",\"urlTemplate\":\"https:\\\/\\\/kombinat-berlin.de\\\/?s={search_term_string}\"},\"query-input\":{\"@type\":\"PropertyValueSpecification\",\"valueRequired\":true,\"valueName\":\"search_term_string\"}}],\"inLanguage\":\"en-GB\"},{\"@type\":\"Organization\",\"@id\":\"https:\\\/\\\/kombinat-berlin.de\\\/#organization\",\"name\":\"Kombinat GmbH\",\"url\":\"https:\\\/\\\/kombinat-berlin.de\\\/\",\"logo\":{\"@type\":\"ImageObject\",\"inLanguage\":\"en-GB\",\"@id\":\"https:\\\/\\\/kombinat-berlin.de\\\/#\\\/schema\\\/logo\\\/image\\\/\",\"url\":\"https:\\\/\\\/kombinat-berlin.de\\\/wp-content\\\/uploads\\\/2024\\\/05\\\/cropped-favicon.png\",\"contentUrl\":\"https:\\\/\\\/kombinat-berlin.de\\\/wp-content\\\/uploads\\\/2024\\\/05\\\/cropped-favicon.png\",\"width\":512,\"height\":512,\"caption\":\"Kombinat GmbH\"},\"image\":{\"@id\":\"https:\\\/\\\/kombinat-berlin.de\\\/#\\\/schema\\\/logo\\\/image\\\/\"},\"sameAs\":[\"https:\\\/\\\/www.linkedin.com\\\/company\\\/kombinatberlin\",\"https:\\\/\\\/www.instagram.com\\\/kombinatberlin\\\/\"]}]}<\/script>\n<!-- \/ Yoast SEO Premium plugin. -->","yoast_head_json":{"title":"B2C Shopify specialised trade - Case Study: Teeshop Berlin","description":"In this B2C shop, the corporate design was refreshed and some functions were added. Result: 50% more clicks, 10% higher CTR, 25% more sales.","robots":{"index":"index","follow":"follow","max-snippet":"max-snippet:-1","max-image-preview":"max-image-preview:large","max-video-preview":"max-video-preview:-1"},"canonical":"https:\/\/kombinat-berlin.de\/en\/case-studies\/teeshop-berlin-shopify-b2c-specialised-trade\/","og_locale":"en_GB","og_type":"article","og_title":"Teeshop Berlin","og_description":"In diesem B2C-Shop wurde das Corporate Design aufgefrischt und einige Funktionen erg\u00e4nzt. Ergebnis: 50% mehr Klicks, 10% h\u00f6here CTR, 25% mehr Umsatz.","og_url":"https:\/\/kombinat-berlin.de\/en\/case-studies\/teeshop-berlin-shopify-b2c-specialised-trade\/","og_site_name":"KOMBINAT","article_publisher":"https:\/\/www.linkedin.com\/company\/kombinatberlin","article_modified_time":"2025-07-22T11:05:10+00:00","og_image":[{"width":922,"height":923,"url":"https:\/\/kombinat-berlin.de\/wp-content\/uploads\/2024\/02\/teeshop.png","type":"image\/png"}],"twitter_card":"summary_large_image","twitter_misc":{"Estimated reading time":"4 minutes"},"schema":{"@context":"https:\/\/schema.org","@graph":[{"@type":"WebPage","@id":"https:\/\/kombinat-berlin.de\/case-studies\/teeshop-berlin-shopify-b2c-fachhandel\/","url":"https:\/\/kombinat-berlin.de\/case-studies\/teeshop-berlin-shopify-b2c-fachhandel\/","name":"B2C Shopify specialised trade - Case Study: Teeshop Berlin","isPartOf":{"@id":"https:\/\/kombinat-berlin.de\/#website"},"primaryImageOfPage":{"@id":"https:\/\/kombinat-berlin.de\/case-studies\/teeshop-berlin-shopify-b2c-fachhandel\/#primaryimage"},"image":{"@id":"https:\/\/kombinat-berlin.de\/case-studies\/teeshop-berlin-shopify-b2c-fachhandel\/#primaryimage"},"thumbnailUrl":"https:\/\/kombinat-berlin.de\/wp-content\/uploads\/2024\/02\/teeshop.png","datePublished":"2024-04-25T16:13:13+00:00","dateModified":"2025-07-22T11:05:10+00:00","description":"In this B2C shop, the corporate design was refreshed and some functions were added. Result: 50% more clicks, 10% higher CTR, 25% more sales.","breadcrumb":{"@id":"https:\/\/kombinat-berlin.de\/case-studies\/teeshop-berlin-shopify-b2c-fachhandel\/#breadcrumb"},"inLanguage":"en-GB","potentialAction":[{"@type":"ReadAction","target":["https:\/\/kombinat-berlin.de\/case-studies\/teeshop-berlin-shopify-b2c-fachhandel\/"]}]},{"@type":"ImageObject","inLanguage":"en-GB","@id":"https:\/\/kombinat-berlin.de\/case-studies\/teeshop-berlin-shopify-b2c-fachhandel\/#primaryimage","url":"https:\/\/kombinat-berlin.de\/wp-content\/uploads\/2024\/02\/teeshop.png","contentUrl":"https:\/\/kombinat-berlin.de\/wp-content\/uploads\/2024\/02\/teeshop.png","width":922,"height":923,"caption":"Teeshop Berlin \u2013 Shopify B2C Kombinat Case Study"},{"@type":"BreadcrumbList","@id":"https:\/\/kombinat-berlin.de\/case-studies\/teeshop-berlin-shopify-b2c-fachhandel\/#breadcrumb","itemListElement":[{"@type":"ListItem","position":1,"name":"Startseite","item":"https:\/\/kombinat-berlin.de\/"},{"@type":"ListItem","position":2,"name":"Case Studies","item":"https:\/\/kombinat-berlin.de\/case-studies\/"},{"@type":"ListItem","position":3,"name":"Teeshop Berlin"}]},{"@type":"WebSite","@id":"https:\/\/kombinat-berlin.de\/#website","url":"https:\/\/kombinat-berlin.de\/","name":"KOMBINAT","description":"More sales and growth through easy-to-use B2B online shops for manufacturers and brands.","publisher":{"@id":"https:\/\/kombinat-berlin.de\/#organization"},"potentialAction":[{"@type":"SearchAction","target":{"@type":"EntryPoint","urlTemplate":"https:\/\/kombinat-berlin.de\/?s={search_term_string}"},"query-input":{"@type":"PropertyValueSpecification","valueRequired":true,"valueName":"search_term_string"}}],"inLanguage":"en-GB"},{"@type":"Organization","@id":"https:\/\/kombinat-berlin.de\/#organization","name":"Kombinat GmbH","url":"https:\/\/kombinat-berlin.de\/","logo":{"@type":"ImageObject","inLanguage":"en-GB","@id":"https:\/\/kombinat-berlin.de\/#\/schema\/logo\/image\/","url":"https:\/\/kombinat-berlin.de\/wp-content\/uploads\/2024\/05\/cropped-favicon.png","contentUrl":"https:\/\/kombinat-berlin.de\/wp-content\/uploads\/2024\/05\/cropped-favicon.png","width":512,"height":512,"caption":"Kombinat GmbH"},"image":{"@id":"https:\/\/kombinat-berlin.de\/#\/schema\/logo\/image\/"},"sameAs":["https:\/\/www.linkedin.com\/company\/kombinatberlin","https:\/\/www.instagram.com\/kombinatberlin\/"]}]}},"_links":{"self":[{"href":"https:\/\/kombinat-berlin.de\/en\/wp-json\/wp\/v2\/pages\/1035","targetHints":{"allow":["GET"]}}],"collection":[{"href":"https:\/\/kombinat-berlin.de\/en\/wp-json\/wp\/v2\/pages"}],"about":[{"href":"https:\/\/kombinat-berlin.de\/en\/wp-json\/wp\/v2\/types\/page"}],"author":[{"embeddable":true,"href":"https:\/\/kombinat-berlin.de\/en\/wp-json\/wp\/v2\/users\/2"}],"replies":[{"embeddable":true,"href":"https:\/\/kombinat-berlin.de\/en\/wp-json\/wp\/v2\/comments?post=1035"}],"version-history":[{"count":22,"href":"https:\/\/kombinat-berlin.de\/en\/wp-json\/wp\/v2\/pages\/1035\/revisions"}],"predecessor-version":[{"id":2826,"href":"https:\/\/kombinat-berlin.de\/en\/wp-json\/wp\/v2\/pages\/1035\/revisions\/2826"}],"up":[{"embeddable":true,"href":"https:\/\/kombinat-berlin.de\/en\/wp-json\/wp\/v2\/pages\/28"}],"wp:featuredmedia":[{"embeddable":true,"href":"https:\/\/kombinat-berlin.de\/en\/wp-json\/wp\/v2\/media\/140"}],"wp:attachment":[{"href":"https:\/\/kombinat-berlin.de\/en\/wp-json\/wp\/v2\/media?parent=1035"}],"curies":[{"name":"wp","href":"https:\/\/api.w.org\/{rel}","templated":true}]}}