{"id":1004,"date":"2024-04-25T16:27:51","date_gmt":"2024-04-25T14:27:51","guid":{"rendered":"https:\/\/preview.kombinat-berlin.de\/?page_id=1004"},"modified":"2025-01-08T16:56:10","modified_gmt":"2025-01-08T15:56:10","slug":"vega-delicious-d2c-product-portfolio-wordpress","status":"publish","type":"page","link":"https:\/\/kombinat-berlin.de\/en\/case-studies\/vega-lecker-d2c-produktportfolio-wordpress\/","title":{"rendered":"Vega delicious"},"content":{"rendered":"<div class=\"page-title-section-wrapper\">\n  <section class=\"page-title-section container-fluid blue   bg-pattern default\">\n    <div class=\"row\"><div class=\"col-12 col-lg-8 headline-column\"><div class=\"label\"><p>D2C product portfolio<\/p>\n<\/div><h1>Vega Lecker - Portfolio Website<\/h1><\/div><\/div><div class=\"row\"><div class=\"col-12 col-lg-8 text-column text\"><p>The mission of the R\u00fccker family business has always been to produce healthy food. Vega Lecker is a delicious, vegan food made from the best raw materials and produced in an environmentally friendly way. For this purpose, the advertising agency <a href=\"https:\/\/www.kakoii.de\/\" target=\"_blank\">kakoii<\/a> R\u00fccker developed an eye-catching brand design and communication concept. A new brand website was to be created for this, which is linked to the R\u00fccker online shop.<\/p>\n<\/div><\/div><a href=\"#main\" target=\"_self\" class=\"button-secondary-down scroll-down-button\">View details<\/a>  <\/section>\n<\/div>\n\n<section class=\"container-fluid full-image image-contain\" style=\"background-color: #fe9889 !important;\"><div class=\"row\"><div class=\"col-12\"><img loading=\"lazy\" decoding=\"async\" width=\"1920\" height=\"1080\" src=\"https:\/\/kombinat-berlin.de\/wp-content\/uploads\/2024\/04\/d2c-vega-lecker-portfolio-wordpress-kombinat-badges.jpg\" class=\"attachment-full size-full\" alt=\"Vega Lecker - Portfolio Website Case Study Kombinat\" srcset=\"https:\/\/kombinat-berlin.de\/wp-content\/uploads\/2024\/04\/d2c-vega-lecker-portfolio-wordpress-kombinat-badges.jpg 1920w, https:\/\/kombinat-berlin.de\/wp-content\/uploads\/2024\/04\/d2c-vega-lecker-portfolio-wordpress-kombinat-badges-300x169.jpg 300w, https:\/\/kombinat-berlin.de\/wp-content\/uploads\/2024\/04\/d2c-vega-lecker-portfolio-wordpress-kombinat-badges-1024x576.jpg 1024w, https:\/\/kombinat-berlin.de\/wp-content\/uploads\/2024\/04\/d2c-vega-lecker-portfolio-wordpress-kombinat-badges-768x432.jpg 768w, https:\/\/kombinat-berlin.de\/wp-content\/uploads\/2024\/04\/d2c-vega-lecker-portfolio-wordpress-kombinat-badges-1536x864.jpg 1536w\" sizes=\"auto, (max-width: 1920px) 100vw, 1920px\" \/><\/div><\/div><\/section>\n\n<section id=\"main\"  class=\"text-section container-fluid sky-a default\">\n  <div class=\"row\">\n    <div class=\"col-12 col-lg-8 offset-lg-2\">\n      <h2>The challenge<\/h2><div class=\"text\"><p>The website must quickly draw attention to the new products and show the benefits. It must also quickly become clear where the products can be purchased. From the development of the brand design and the communication concept of the advertising agency <a href=\"https:\/\/www.kakoii.de\/\" target=\"_blank\">kakoii<\/a> Some ideas for the website had already been developed, but their feasibility and realisation time were unclear.<\/p>\n<p>As this is a new product launch, it was clear that something would have to change and adapt over the coming weeks and months, both in terms of content and technology. This requires a technical partner who can develop the website reliably and at short notice.<\/p>\n<a href=\"https:\/\/vega-lecker.de\/\" target=\"_blank\" class=\"button-secondary  left\">vega-lecker.de<\/a><\/div>    <\/div>\n  <\/div>\n<\/section>\n\n<section class=\"container-fluid full-image image-contain\" style=\"background-color: #03807c !important;\"><div class=\"row\"><div class=\"col-12\"><img loading=\"lazy\" decoding=\"async\" width=\"1920\" height=\"967\" src=\"https:\/\/kombinat-berlin.de\/wp-content\/uploads\/2024\/04\/d2c-vega-lecker-portfolio-wordpress-kombinat-chat.jpg\" class=\"attachment-full size-full\" alt=\"Vega Lecker - Portfolio Website Case Study Kombinat\" srcset=\"https:\/\/kombinat-berlin.de\/wp-content\/uploads\/2024\/04\/d2c-vega-lecker-portfolio-wordpress-kombinat-chat.jpg 1920w, https:\/\/kombinat-berlin.de\/wp-content\/uploads\/2024\/04\/d2c-vega-lecker-portfolio-wordpress-kombinat-chat-300x151.jpg 300w, https:\/\/kombinat-berlin.de\/wp-content\/uploads\/2024\/04\/d2c-vega-lecker-portfolio-wordpress-kombinat-chat-1024x516.jpg 1024w, https:\/\/kombinat-berlin.de\/wp-content\/uploads\/2024\/04\/d2c-vega-lecker-portfolio-wordpress-kombinat-chat-768x387.jpg 768w, https:\/\/kombinat-berlin.de\/wp-content\/uploads\/2024\/04\/d2c-vega-lecker-portfolio-wordpress-kombinat-chat-1536x774.jpg 1536w\" sizes=\"auto, (max-width: 1920px) 100vw, 1920px\" \/><\/div><\/div><\/section>\n\n<section  class=\"text-section container-fluid sky-a default\">\n  <div class=\"row\">\n    <div class=\"col-12 col-lg-8 offset-lg-2\">\n      <h2>The solution<\/h2><div class=\"text\"><p>A website based on WordPress was developed for the new product \u201eVega Lecker\u201c. The concept and design were specified by kakoii and used for the technical realisation in close consultation with Kombinat. The colour styling and animations underline the concept. The responsive content is easy to read and use on all end devices - a feast for the eyes!<\/p>\n<p>Products can be ordered via the external online shop. Despite the eye-catching design, care was taken to ensure that the purchasing process adheres to familiar conventions so that customers also become buyers via the website.<\/p>\n<p>In close cooperation, the requirements were strategically implemented with the technical possibilities in best practice, always with the front-end users and back-end editors in mind. A flexible arrangement of the content is made possible to give the editors great flexibility.<\/p>\n<p>Even after the initial launch of the website, new functions and content areas were added time and again. Kombinat continues to be responsive and develops solutions conceptually and technically according to best practice.<\/p>\n<\/div>    <\/div>\n  <\/div>\n<\/section>\n\n<section class=\"container-fluid full-image image-contain\" style=\"background-color: #fbb265 !important;\"><div class=\"row\"><div class=\"col-12\"><img loading=\"lazy\" decoding=\"async\" width=\"1920\" height=\"1080\" src=\"https:\/\/kombinat-berlin.de\/wp-content\/uploads\/2024\/04\/d2c-vega-lecker-portfolio-wordpress-kombinat-homepage.jpg\" class=\"attachment-full size-full\" alt=\"Vega Lecker - Portfolio Website Case Study Kombinat\" srcset=\"https:\/\/kombinat-berlin.de\/wp-content\/uploads\/2024\/04\/d2c-vega-lecker-portfolio-wordpress-kombinat-homepage.jpg 1920w, https:\/\/kombinat-berlin.de\/wp-content\/uploads\/2024\/04\/d2c-vega-lecker-portfolio-wordpress-kombinat-homepage-300x169.jpg 300w, https:\/\/kombinat-berlin.de\/wp-content\/uploads\/2024\/04\/d2c-vega-lecker-portfolio-wordpress-kombinat-homepage-1024x576.jpg 1024w, https:\/\/kombinat-berlin.de\/wp-content\/uploads\/2024\/04\/d2c-vega-lecker-portfolio-wordpress-kombinat-homepage-768x432.jpg 768w, https:\/\/kombinat-berlin.de\/wp-content\/uploads\/2024\/04\/d2c-vega-lecker-portfolio-wordpress-kombinat-homepage-1536x864.jpg 1536w\" sizes=\"auto, (max-width: 1920px) 100vw, 1920px\" \/><\/div><\/div><\/section>\n\n<section id=\"main\"  class=\"text-section container-fluid sky-a default\">\n  <div class=\"row\">\n    <div class=\"col-12 col-lg-8 offset-lg-2\">\n      <h2>The benefit<\/h2><div class=\"text\"><p>Interested parties and customers can enter the Vega Lecker world on the website. A product shows related recipes, recipes show related products and a wiki explains important facts about hemp as a food. The new product is thus well illuminated and can be easily purchased via the online shop.<\/p>\n<p>The <a href=\"https:\/\/kombinat-berlin.de\/en\/wordpress\/\">WordPress<\/a> website allows editors very flexible use without technical support. Thanks to Kombinat's ongoing support and supervision, the website is continuously developed further. This enables R\u00fccker to react quickly to changes in the market and to adapt and communicate its range accordingly.<\/p>\n<\/div>    <\/div>\n  <\/div>\n<\/section>\n\n<section class=\"container-fluid full-image image-contain\" style=\"background-color: #fbb265 !important;\"><div class=\"row\"><div class=\"col-12\"><img loading=\"lazy\" decoding=\"async\" width=\"1920\" height=\"1080\" src=\"https:\/\/kombinat-berlin.de\/wp-content\/uploads\/2024\/04\/d2c-vega-lecker-portfolio-wordpress-kombinat-bereiche-p-3200.jpg\" class=\"attachment-full size-full\" alt=\"Vega Lecker - Portfolio Website Case Study Kombinat\" srcset=\"https:\/\/kombinat-berlin.de\/wp-content\/uploads\/2024\/04\/d2c-vega-lecker-portfolio-wordpress-kombinat-bereiche-p-3200.jpg 1920w, https:\/\/kombinat-berlin.de\/wp-content\/uploads\/2024\/04\/d2c-vega-lecker-portfolio-wordpress-kombinat-bereiche-p-3200-300x169.jpg 300w, https:\/\/kombinat-berlin.de\/wp-content\/uploads\/2024\/04\/d2c-vega-lecker-portfolio-wordpress-kombinat-bereiche-p-3200-1024x576.jpg 1024w, https:\/\/kombinat-berlin.de\/wp-content\/uploads\/2024\/04\/d2c-vega-lecker-portfolio-wordpress-kombinat-bereiche-p-3200-768x432.jpg 768w, https:\/\/kombinat-berlin.de\/wp-content\/uploads\/2024\/04\/d2c-vega-lecker-portfolio-wordpress-kombinat-bereiche-p-3200-1536x864.jpg 1536w\" sizes=\"auto, (max-width: 1920px) 100vw, 1920px\" \/><\/div><\/div><\/section>\n\n<section id=\"main\"  class=\"text-section container-fluid sky-a default\">\n  <div class=\"row\">\n    <div class=\"col-12 col-lg-8 offset-lg-2\">\n      <h2>The result<\/h2><div class=\"text\"><p>R\u00fccker has successfully implemented the launch of its new vegan products. The website can be quickly customised for all marketing campaigns. The further development of the website is very easy to plan, as Kombinat is always available with help and advice as an agency.<\/p>\n<\/div>    <\/div>\n  <\/div>\n<\/section>\n\n<section class=\"container-fluid full-image image-contain\" style=\"background-color: #fbb265 !important;\"><div class=\"row\"><div class=\"col-12\"><img loading=\"lazy\" decoding=\"async\" width=\"1920\" height=\"1080\" src=\"https:\/\/kombinat-berlin.de\/wp-content\/uploads\/2024\/04\/d2c-vega-lecker-portfolio-wordpress-kombinat-rezepte-p-3200.jpg\" class=\"attachment-full size-full\" alt=\"Vega Lecker - Portfolio Website Case Study Kombinat\" srcset=\"https:\/\/kombinat-berlin.de\/wp-content\/uploads\/2024\/04\/d2c-vega-lecker-portfolio-wordpress-kombinat-rezepte-p-3200.jpg 1920w, https:\/\/kombinat-berlin.de\/wp-content\/uploads\/2024\/04\/d2c-vega-lecker-portfolio-wordpress-kombinat-rezepte-p-3200-300x169.jpg 300w, https:\/\/kombinat-berlin.de\/wp-content\/uploads\/2024\/04\/d2c-vega-lecker-portfolio-wordpress-kombinat-rezepte-p-3200-1024x576.jpg 1024w, https:\/\/kombinat-berlin.de\/wp-content\/uploads\/2024\/04\/d2c-vega-lecker-portfolio-wordpress-kombinat-rezepte-p-3200-768x432.jpg 768w, https:\/\/kombinat-berlin.de\/wp-content\/uploads\/2024\/04\/d2c-vega-lecker-portfolio-wordpress-kombinat-rezepte-p-3200-1536x864.jpg 1536w\" sizes=\"auto, (max-width: 1920px) 100vw, 1920px\" \/><\/div><\/div><\/section>\n\n<section  class=\"image-text-section container-fluid flip-column-order alt-variant sun\">\n  <div class=\"row\">\n    <div class=\"col-12 col-lg-3 image-column\"><img loading=\"lazy\" decoding=\"async\" width=\"600\" height=\"600\" src=\"https:\/\/kombinat-berlin.de\/wp-content\/uploads\/2024\/02\/Kombinat-K.webp\" class=\"attachment-full size-full\" alt=\"K for combine\" srcset=\"https:\/\/kombinat-berlin.de\/wp-content\/uploads\/2024\/02\/Kombinat-K.webp 600w, https:\/\/kombinat-berlin.de\/wp-content\/uploads\/2024\/02\/Kombinat-K-300x300.webp 300w, https:\/\/kombinat-berlin.de\/wp-content\/uploads\/2024\/02\/Kombinat-K-150x150.webp 150w\" sizes=\"auto, (max-width: 600px) 100vw, 600px\" \/><\/div><div class=\"col-12 col-lg-9 text-column\"><h2>Do you have a similar project?<\/h2><div class=\"text\"><p>We would be happy to tell you more about the project and answer your questions. Get in touch with us!<\/p>\n<a href=\"https:\/\/kombinat-berlin.de\/en\/contact\/#terminbuchung\" target=\"_self\" class=\"button calendar icon left\">Discuss project now<\/a><\/div><\/div>  <\/div>\n<\/section>","protected":false},"excerpt":{"rendered":"<p>Vega delicious - D2C product portfolio <\/p>","protected":false},"author":2,"featured_media":1005,"parent":28,"menu_order":0,"comment_status":"closed","ping_status":"closed","template":"","meta":{"_acf_changed":false,"footnotes":""},"class_list":["post-1004","page","type-page","status-publish","has-post-thumbnail","hentry"],"acf":[],"yoast_head":"<!-- This site is optimized with the Yoast SEO Premium plugin v27.3 (Yoast SEO v27.3) - https:\/\/yoast.com\/product\/yoast-seo-premium-wordpress\/ -->\n<title>Portfolio Website \u2013 Case Study: Vega Lecker<\/title>\n<meta name=\"description\" content=\"Ein Produkt zeigt zugeh\u00f6rige Rezepte, Rezepte zugeh\u00f6rige Produkte, ein Wiki erkl\u00e4rt wichtige Fakten rund um das Thema Hanf als Lebensmittel.\" \/>\n<meta name=\"robots\" content=\"index, follow, max-snippet:-1, max-image-preview:large, max-video-preview:-1\" \/>\n<link rel=\"canonical\" href=\"https:\/\/kombinat-berlin.de\/en\/case-studies\/vega-delicious-d2c-product-portfolio-wordpress\/\" \/>\n<meta property=\"og:locale\" content=\"en_GB\" \/>\n<meta property=\"og:type\" content=\"article\" \/>\n<meta property=\"og:title\" content=\"Vega lecker\" \/>\n<meta property=\"og:description\" content=\"Ein Produkt zeigt zugeh\u00f6rige Rezepte, Rezepte zugeh\u00f6rige Produkte, ein Wiki erkl\u00e4rt wichtige Fakten rund um das Thema Hanf als Lebensmittel.\" \/>\n<meta property=\"og:url\" content=\"https:\/\/kombinat-berlin.de\/en\/case-studies\/vega-delicious-d2c-product-portfolio-wordpress\/\" \/>\n<meta property=\"og:site_name\" content=\"KOMBINAT\" \/>\n<meta property=\"article:publisher\" content=\"https:\/\/www.linkedin.com\/company\/kombinatberlin\" \/>\n<meta property=\"article:modified_time\" content=\"2025-01-08T15:56:10+00:00\" \/>\n<meta property=\"og:image\" content=\"https:\/\/kombinat-berlin.de\/wp-content\/uploads\/2024\/04\/d2c-vega-lecker-portfolio-wordpress-kombinat-badges.jpg\" \/>\n\t<meta property=\"og:image:width\" content=\"1920\" \/>\n\t<meta property=\"og:image:height\" content=\"1080\" \/>\n\t<meta property=\"og:image:type\" content=\"image\/jpeg\" \/>\n<meta name=\"twitter:card\" content=\"summary_large_image\" \/>\n<meta name=\"twitter:label1\" content=\"Estimated reading time\" \/>\n\t<meta name=\"twitter:data1\" content=\"5 minutes\" \/>\n<script type=\"application\/ld+json\" class=\"yoast-schema-graph\">{\"@context\":\"https:\\\/\\\/schema.org\",\"@graph\":[{\"@type\":\"WebPage\",\"@id\":\"https:\\\/\\\/kombinat-berlin.de\\\/case-studies\\\/vega-lecker-d2c-produktportfolio-wordpress\\\/\",\"url\":\"https:\\\/\\\/kombinat-berlin.de\\\/case-studies\\\/vega-lecker-d2c-produktportfolio-wordpress\\\/\",\"name\":\"Portfolio Website \u2013 Case Study: Vega Lecker\",\"isPartOf\":{\"@id\":\"https:\\\/\\\/kombinat-berlin.de\\\/#website\"},\"primaryImageOfPage\":{\"@id\":\"https:\\\/\\\/kombinat-berlin.de\\\/case-studies\\\/vega-lecker-d2c-produktportfolio-wordpress\\\/#primaryimage\"},\"image\":{\"@id\":\"https:\\\/\\\/kombinat-berlin.de\\\/case-studies\\\/vega-lecker-d2c-produktportfolio-wordpress\\\/#primaryimage\"},\"thumbnailUrl\":\"https:\\\/\\\/kombinat-berlin.de\\\/wp-content\\\/uploads\\\/2024\\\/04\\\/d2c-vega-lecker-portfolio-wordpress-kombinat-badges.jpg\",\"datePublished\":\"2024-04-25T14:27:51+00:00\",\"dateModified\":\"2025-01-08T15:56:10+00:00\",\"description\":\"Ein Produkt zeigt zugeh\u00f6rige Rezepte, Rezepte zugeh\u00f6rige Produkte, ein Wiki erkl\u00e4rt wichtige Fakten rund um das Thema Hanf als Lebensmittel.\",\"breadcrumb\":{\"@id\":\"https:\\\/\\\/kombinat-berlin.de\\\/case-studies\\\/vega-lecker-d2c-produktportfolio-wordpress\\\/#breadcrumb\"},\"inLanguage\":\"en-GB\",\"potentialAction\":[{\"@type\":\"ReadAction\",\"target\":[\"https:\\\/\\\/kombinat-berlin.de\\\/case-studies\\\/vega-lecker-d2c-produktportfolio-wordpress\\\/\"]}]},{\"@type\":\"ImageObject\",\"inLanguage\":\"en-GB\",\"@id\":\"https:\\\/\\\/kombinat-berlin.de\\\/case-studies\\\/vega-lecker-d2c-produktportfolio-wordpress\\\/#primaryimage\",\"url\":\"https:\\\/\\\/kombinat-berlin.de\\\/wp-content\\\/uploads\\\/2024\\\/04\\\/d2c-vega-lecker-portfolio-wordpress-kombinat-badges.jpg\",\"contentUrl\":\"https:\\\/\\\/kombinat-berlin.de\\\/wp-content\\\/uploads\\\/2024\\\/04\\\/d2c-vega-lecker-portfolio-wordpress-kombinat-badges.jpg\",\"width\":1920,\"height\":1080,\"caption\":\"Vega Lecker \u2013 Portfolio Website Case Study Kombinat\"},{\"@type\":\"BreadcrumbList\",\"@id\":\"https:\\\/\\\/kombinat-berlin.de\\\/case-studies\\\/vega-lecker-d2c-produktportfolio-wordpress\\\/#breadcrumb\",\"itemListElement\":[{\"@type\":\"ListItem\",\"position\":1,\"name\":\"Startseite\",\"item\":\"https:\\\/\\\/kombinat-berlin.de\\\/\"},{\"@type\":\"ListItem\",\"position\":2,\"name\":\"Case Studies\",\"item\":\"https:\\\/\\\/kombinat-berlin.de\\\/case-studies\\\/\"},{\"@type\":\"ListItem\",\"position\":3,\"name\":\"Vega lecker\"}]},{\"@type\":\"WebSite\",\"@id\":\"https:\\\/\\\/kombinat-berlin.de\\\/#website\",\"url\":\"https:\\\/\\\/kombinat-berlin.de\\\/\",\"name\":\"Kombinat\",\"description\":\"Mehr Umsatz und Wachstum durch leichtg\u00e4ngige B2B-Onlineshops f\u00fcr Hersteller und Brands.\",\"publisher\":{\"@id\":\"https:\\\/\\\/kombinat-berlin.de\\\/#organization\"},\"potentialAction\":[{\"@type\":\"SearchAction\",\"target\":{\"@type\":\"EntryPoint\",\"urlTemplate\":\"https:\\\/\\\/kombinat-berlin.de\\\/?s={search_term_string}\"},\"query-input\":{\"@type\":\"PropertyValueSpecification\",\"valueRequired\":true,\"valueName\":\"search_term_string\"}}],\"inLanguage\":\"en-GB\"},{\"@type\":\"Organization\",\"@id\":\"https:\\\/\\\/kombinat-berlin.de\\\/#organization\",\"name\":\"Kombinat GmbH\",\"url\":\"https:\\\/\\\/kombinat-berlin.de\\\/\",\"logo\":{\"@type\":\"ImageObject\",\"inLanguage\":\"en-GB\",\"@id\":\"https:\\\/\\\/kombinat-berlin.de\\\/#\\\/schema\\\/logo\\\/image\\\/\",\"url\":\"https:\\\/\\\/kombinat-berlin.de\\\/wp-content\\\/uploads\\\/2024\\\/05\\\/cropped-favicon.png\",\"contentUrl\":\"https:\\\/\\\/kombinat-berlin.de\\\/wp-content\\\/uploads\\\/2024\\\/05\\\/cropped-favicon.png\",\"width\":512,\"height\":512,\"caption\":\"Kombinat GmbH\"},\"image\":{\"@id\":\"https:\\\/\\\/kombinat-berlin.de\\\/#\\\/schema\\\/logo\\\/image\\\/\"},\"sameAs\":[\"https:\\\/\\\/www.linkedin.com\\\/company\\\/kombinatberlin\",\"https:\\\/\\\/www.instagram.com\\\/kombinatberlin\\\/\"]}]}<\/script>\n<!-- \/ Yoast SEO Premium plugin. -->","yoast_head_json":{"title":"Portfolio Website - Case Study: Vega Lecker","description":"A product shows related recipes, recipes show related products, a wiki explains important facts about hemp as a food.","robots":{"index":"index","follow":"follow","max-snippet":"max-snippet:-1","max-image-preview":"max-image-preview:large","max-video-preview":"max-video-preview:-1"},"canonical":"https:\/\/kombinat-berlin.de\/en\/case-studies\/vega-delicious-d2c-product-portfolio-wordpress\/","og_locale":"en_GB","og_type":"article","og_title":"Vega lecker","og_description":"Ein Produkt zeigt zugeh\u00f6rige Rezepte, Rezepte zugeh\u00f6rige Produkte, ein Wiki erkl\u00e4rt wichtige Fakten rund um das Thema Hanf als Lebensmittel.","og_url":"https:\/\/kombinat-berlin.de\/en\/case-studies\/vega-delicious-d2c-product-portfolio-wordpress\/","og_site_name":"KOMBINAT","article_publisher":"https:\/\/www.linkedin.com\/company\/kombinatberlin","article_modified_time":"2025-01-08T15:56:10+00:00","og_image":[{"width":1920,"height":1080,"url":"https:\/\/kombinat-berlin.de\/wp-content\/uploads\/2024\/04\/d2c-vega-lecker-portfolio-wordpress-kombinat-badges.jpg","type":"image\/jpeg"}],"twitter_card":"summary_large_image","twitter_misc":{"Estimated reading time":"5 minutes"},"schema":{"@context":"https:\/\/schema.org","@graph":[{"@type":"WebPage","@id":"https:\/\/kombinat-berlin.de\/case-studies\/vega-lecker-d2c-produktportfolio-wordpress\/","url":"https:\/\/kombinat-berlin.de\/case-studies\/vega-lecker-d2c-produktportfolio-wordpress\/","name":"Portfolio Website - Case Study: Vega Lecker","isPartOf":{"@id":"https:\/\/kombinat-berlin.de\/#website"},"primaryImageOfPage":{"@id":"https:\/\/kombinat-berlin.de\/case-studies\/vega-lecker-d2c-produktportfolio-wordpress\/#primaryimage"},"image":{"@id":"https:\/\/kombinat-berlin.de\/case-studies\/vega-lecker-d2c-produktportfolio-wordpress\/#primaryimage"},"thumbnailUrl":"https:\/\/kombinat-berlin.de\/wp-content\/uploads\/2024\/04\/d2c-vega-lecker-portfolio-wordpress-kombinat-badges.jpg","datePublished":"2024-04-25T14:27:51+00:00","dateModified":"2025-01-08T15:56:10+00:00","description":"A product shows related recipes, recipes show related products, a wiki explains important facts about hemp as a food.","breadcrumb":{"@id":"https:\/\/kombinat-berlin.de\/case-studies\/vega-lecker-d2c-produktportfolio-wordpress\/#breadcrumb"},"inLanguage":"en-GB","potentialAction":[{"@type":"ReadAction","target":["https:\/\/kombinat-berlin.de\/case-studies\/vega-lecker-d2c-produktportfolio-wordpress\/"]}]},{"@type":"ImageObject","inLanguage":"en-GB","@id":"https:\/\/kombinat-berlin.de\/case-studies\/vega-lecker-d2c-produktportfolio-wordpress\/#primaryimage","url":"https:\/\/kombinat-berlin.de\/wp-content\/uploads\/2024\/04\/d2c-vega-lecker-portfolio-wordpress-kombinat-badges.jpg","contentUrl":"https:\/\/kombinat-berlin.de\/wp-content\/uploads\/2024\/04\/d2c-vega-lecker-portfolio-wordpress-kombinat-badges.jpg","width":1920,"height":1080,"caption":"Vega Lecker \u2013 Portfolio Website Case Study Kombinat"},{"@type":"BreadcrumbList","@id":"https:\/\/kombinat-berlin.de\/case-studies\/vega-lecker-d2c-produktportfolio-wordpress\/#breadcrumb","itemListElement":[{"@type":"ListItem","position":1,"name":"Startseite","item":"https:\/\/kombinat-berlin.de\/"},{"@type":"ListItem","position":2,"name":"Case Studies","item":"https:\/\/kombinat-berlin.de\/case-studies\/"},{"@type":"ListItem","position":3,"name":"Vega lecker"}]},{"@type":"WebSite","@id":"https:\/\/kombinat-berlin.de\/#website","url":"https:\/\/kombinat-berlin.de\/","name":"KOMBINAT","description":"More sales and growth through easy-to-use B2B online shops for manufacturers and brands.","publisher":{"@id":"https:\/\/kombinat-berlin.de\/#organization"},"potentialAction":[{"@type":"SearchAction","target":{"@type":"EntryPoint","urlTemplate":"https:\/\/kombinat-berlin.de\/?s={search_term_string}"},"query-input":{"@type":"PropertyValueSpecification","valueRequired":true,"valueName":"search_term_string"}}],"inLanguage":"en-GB"},{"@type":"Organization","@id":"https:\/\/kombinat-berlin.de\/#organization","name":"Kombinat GmbH","url":"https:\/\/kombinat-berlin.de\/","logo":{"@type":"ImageObject","inLanguage":"en-GB","@id":"https:\/\/kombinat-berlin.de\/#\/schema\/logo\/image\/","url":"https:\/\/kombinat-berlin.de\/wp-content\/uploads\/2024\/05\/cropped-favicon.png","contentUrl":"https:\/\/kombinat-berlin.de\/wp-content\/uploads\/2024\/05\/cropped-favicon.png","width":512,"height":512,"caption":"Kombinat GmbH"},"image":{"@id":"https:\/\/kombinat-berlin.de\/#\/schema\/logo\/image\/"},"sameAs":["https:\/\/www.linkedin.com\/company\/kombinatberlin","https:\/\/www.instagram.com\/kombinatberlin\/"]}]}},"_links":{"self":[{"href":"https:\/\/kombinat-berlin.de\/en\/wp-json\/wp\/v2\/pages\/1004","targetHints":{"allow":["GET"]}}],"collection":[{"href":"https:\/\/kombinat-berlin.de\/en\/wp-json\/wp\/v2\/pages"}],"about":[{"href":"https:\/\/kombinat-berlin.de\/en\/wp-json\/wp\/v2\/types\/page"}],"author":[{"embeddable":true,"href":"https:\/\/kombinat-berlin.de\/en\/wp-json\/wp\/v2\/users\/2"}],"replies":[{"embeddable":true,"href":"https:\/\/kombinat-berlin.de\/en\/wp-json\/wp\/v2\/comments?post=1004"}],"version-history":[{"count":10,"href":"https:\/\/kombinat-berlin.de\/en\/wp-json\/wp\/v2\/pages\/1004\/revisions"}],"predecessor-version":[{"id":2321,"href":"https:\/\/kombinat-berlin.de\/en\/wp-json\/wp\/v2\/pages\/1004\/revisions\/2321"}],"up":[{"embeddable":true,"href":"https:\/\/kombinat-berlin.de\/en\/wp-json\/wp\/v2\/pages\/28"}],"wp:featuredmedia":[{"embeddable":true,"href":"https:\/\/kombinat-berlin.de\/en\/wp-json\/wp\/v2\/media\/1005"}],"wp:attachment":[{"href":"https:\/\/kombinat-berlin.de\/en\/wp-json\/wp\/v2\/media?parent=1004"}],"curies":[{"name":"wp","href":"https:\/\/api.w.org\/{rel}","templated":true}]}}